{"id":6691,"date":"2023-04-14T09:38:07","date_gmt":"2023-04-14T07:38:07","guid":{"rendered":"https:\/\/postojnsko.si\/sovic\/"},"modified":"2023-07-10T21:17:29","modified_gmt":"2023-07-10T19:17:29","slug":"sovic","status":"publish","type":"page","link":"https:\/\/postojnsko.si\/it\/postoj-na-mestni-poti\/sovic\/","title":{"rendered":"Sovi\u010d"},"content":{"rendered":"<p>Ogni citt\u00e0 che fa qualcosa per s\u00e9 ha il suo castello o almeno il suo &#8220;belvedere&#8221;. Beh, Postumia li ha entrambi. <strong>Il Sovi\u010d<\/strong> \u00e8 un colle cittadino assolutamente facile da salire, contro il cui pendio si appoggia la parte pi\u00f9 antica di Postumia, detta Majlont. Nel Majlont potete prendervi una pausa nella salita verso le rovine del castello Adelsberg, oppure dirigervi verso il punto panoramico con le rovine \u2013 lungo il cosiddetto <strong>Sentiero Borojevi\u0107<\/strong>.<\/p>\n<p>In cima, tra i resti del castello e le trincee militari, ammirerete una splendida vista su Postumia, sull&#8217;ingresso alle Grotte di Postumia, sul Jamski dvorec e sul monte Nanos.<\/p>\n<blockquote>\n<p>\n<em><strong>Suggerimento<\/strong><br \/>\ntutte le salite attraverso Majlont portano al colle Sovi\u010d. Il modo pi\u00f9 veloce per raggiungere la cima \u00e8 proseguire lungo Via Vega dopo l&#8217;Istituto di Ricerche sul Carso.\u00a0<\/em><\/p>\n<\/blockquote>\n<p class=\"vp-line\">\u00a0<\/p>\n<p><em><strong>Il castello di Adelsberg<\/strong>\u00a0\u00e8 ancora pi\u00f9 vivo nella litografia di Janez Vajkard Valvasor. A dire il vero il possente edificio a tre piani con le mura era gi\u00e0 stato danneggiato da un rovinoso terremoto nel 1511, ma fu definitivamente abbandonato nel 1689, quando fu travolto da un devastante incendio. Oggi del castello rimangono solo modesti ruderi e l&#8217;area castellana \u00e8 intervallata da trincee e bunker che non furono scavati dagli oppressori, ma dall&#8217;esercito italiano durante le due guerre.<\/em><\/p>\n<p><em><strong>Majlont\u00a0<\/strong> \u00e8 un insediamento compatto sulle pendici del Sovi\u010d ed \u00e8 considerato la parte pi\u00f9 antica di Postumia. Pi\u00f9 antiche di Majlont sono solo le rovine del castello sul colle Sovi\u010d. Quanto all&#8217;origine del nome Majlont, circolano tra gli abitanti locali due versioni. Secondo la prima, l\u2019insediamento avrebbe preso il nome dal nome tedesco di Milano, da dove provenivano gli operai che collaborarono alla costruzione della ferrovia a met\u00e0 dell&#8217;Ottocento. Quindi, Mailand. Secondo l&#8217;altra versione, gli operai chiamavano in tedesco l&#8217;area in cui passavano la notte: mein Land. Non ci credete? Domandate agli abitanti di Majlont!<\/em><\/p>\n<p><em><strong>Il sentiero Borojevi\u0107<\/strong>\u00a0\u00e8 un pittoresco sentiero panoramico sulle pendici del colle Sovi\u010d; vi si accede da via Vega a Majlont. Durante la passeggiata godrete della vista del Nanos o rivivrete anche il rito quotidiano del generale Borojevi\u0107, che nel corso della sua permanenza a Postumia era solito camminare ogni giorno da Villa Jurca a Majlont, passando per le pendici del Sovi\u010d, fino al suo quartier generale nel Grand Hotel Adelsbergerhof.<br \/>\n<\/em><\/p>\n<p class=\"vp-line\">\u00a0<\/p>\n","protected":false},"excerpt":{"rendered":"<p>Ogni citt\u00e0 che fa qualcosa per s\u00e9 ha il suo castello o almeno il suo &#8220;belvedere&#8221;. Beh, Postumia li ha entrambi. Il Sovi\u010d \u00e8 un colle cittadino assolutamente facile da salire, contro il cui pendio si appoggia la parte pi\u00f9 antica di Postumia, detta Majlont. Nel Majlont potete prendervi una pausa nella salita verso le&#8230;<\/p>\n","protected":false},"author":2,"featured_media":5290,"parent":6717,"menu_order":0,"comment_status":"closed","ping_status":"closed","template":"page-templates\/interesna-tocka.php","meta":{"footnotes":""},"class_list":{"0":"post-6691","1":"type-page","3":"status-publish","4":"has-post-thumbnail","5":"hentry","6":"article-odd"},"yoast_head":"<!-- This site is optimized with the Yoast SEO plugin v27.4 - https:\/\/yoast.com\/product\/yoast-seo-wordpress\/ -->\n<title>Sovi\u010d - Visit Postojna<\/title>\n<meta name=\"robots\" content=\"index, follow, max-snippet:-1, max-image-preview:large, max-video-preview:-1\" \/>\n<link rel=\"canonical\" href=\"https:\/\/postojnsko.si\/it\/postoj-na-mestni-poti\/sovic\/\" \/>\n<meta property=\"og:locale\" content=\"it_IT\" \/>\n<meta property=\"og:type\" content=\"article\" \/>\n<meta property=\"og:title\" content=\"Sovi\u010d - Visit Postojna\" \/>\n<meta property=\"og:description\" content=\"Ogni citt\u00e0 che fa qualcosa per s\u00e9 ha il suo castello o almeno il suo &#8220;belvedere&#8221;. Beh, Postumia li ha entrambi. Il Sovi\u010d \u00e8 un colle cittadino assolutamente facile da salire, contro il cui pendio si appoggia la parte pi\u00f9 antica di Postumia, detta Majlont. Nel Majlont potete prendervi una pausa nella salita verso le...\" \/>\n<meta property=\"og:url\" content=\"https:\/\/postojnsko.si\/it\/postoj-na-mestni-poti\/sovic\/\" \/>\n<meta property=\"og:site_name\" content=\"Visit Postojna\" \/>\n<meta property=\"article:publisher\" content=\"https:\/\/www.facebook.com\/VisitPostojna\" \/>\n<meta property=\"article:modified_time\" content=\"2023-07-10T19:17:29+00:00\" \/>\n<meta property=\"og:image\" content=\"https:\/\/postojnsko.si\/travel\/wp-content\/uploads\/2023\/04\/sovic-visit-postojna-foto-bostjan-martinjak-scaled.jpg\" \/>\n\t<meta property=\"og:image:width\" content=\"2560\" \/>\n\t<meta property=\"og:image:height\" content=\"1727\" \/>\n\t<meta property=\"og:image:type\" content=\"image\/jpeg\" \/>\n<meta name=\"twitter:card\" content=\"summary_large_image\" \/>\n<meta name=\"twitter:label1\" content=\"Tempo di lettura stimato\" \/>\n\t<meta name=\"twitter:data1\" content=\"2 minuti\" \/>\n<script type=\"application\/ld+json\" class=\"yoast-schema-graph\">{\"@context\":\"https:\\\/\\\/schema.org\",\"@graph\":[{\"@type\":\"WebPage\",\"@id\":\"https:\\\/\\\/postojnsko.si\\\/it\\\/postoj-na-mestni-poti\\\/sovic\\\/\",\"url\":\"https:\\\/\\\/postojnsko.si\\\/it\\\/postoj-na-mestni-poti\\\/sovic\\\/\",\"name\":\"Sovi\u010d - Visit Postojna\",\"isPartOf\":{\"@id\":\"https:\\\/\\\/postojnsko.si\\\/it\\\/#website\"},\"primaryImageOfPage\":{\"@id\":\"https:\\\/\\\/postojnsko.si\\\/it\\\/postoj-na-mestni-poti\\\/sovic\\\/#primaryimage\"},\"image\":{\"@id\":\"https:\\\/\\\/postojnsko.si\\\/it\\\/postoj-na-mestni-poti\\\/sovic\\\/#primaryimage\"},\"thumbnailUrl\":\"https:\\\/\\\/postojnsko.si\\\/travel\\\/wp-content\\\/uploads\\\/2023\\\/04\\\/sovic-visit-postojna-foto-bostjan-martinjak-scaled.jpg\",\"datePublished\":\"2023-04-14T07:38:07+00:00\",\"dateModified\":\"2023-07-10T19:17:29+00:00\",\"breadcrumb\":{\"@id\":\"https:\\\/\\\/postojnsko.si\\\/it\\\/postoj-na-mestni-poti\\\/sovic\\\/#breadcrumb\"},\"inLanguage\":\"it-IT\",\"potentialAction\":[{\"@type\":\"ReadAction\",\"target\":[\"https:\\\/\\\/postojnsko.si\\\/it\\\/postoj-na-mestni-poti\\\/sovic\\\/\"]}]},{\"@type\":\"ImageObject\",\"inLanguage\":\"it-IT\",\"@id\":\"https:\\\/\\\/postojnsko.si\\\/it\\\/postoj-na-mestni-poti\\\/sovic\\\/#primaryimage\",\"url\":\"https:\\\/\\\/postojnsko.si\\\/travel\\\/wp-content\\\/uploads\\\/2023\\\/04\\\/sovic-visit-postojna-foto-bostjan-martinjak-scaled.jpg\",\"contentUrl\":\"https:\\\/\\\/postojnsko.si\\\/travel\\\/wp-content\\\/uploads\\\/2023\\\/04\\\/sovic-visit-postojna-foto-bostjan-martinjak-scaled.jpg\",\"width\":2560,\"height\":1727,\"caption\":\"Sovi\u010d\"},{\"@type\":\"BreadcrumbList\",\"@id\":\"https:\\\/\\\/postojnsko.si\\\/it\\\/postoj-na-mestni-poti\\\/sovic\\\/#breadcrumb\",\"itemListElement\":[{\"@type\":\"ListItem\",\"position\":1,\"name\":\"Home\",\"item\":\"https:\\\/\\\/postojnsko.si\\\/it\\\/?doing_wp_cron=1766478648.6568050384521484375000\"},{\"@type\":\"ListItem\",\"position\":2,\"name\":\"Postumia nel percorso cittadino\",\"item\":\"https:\\\/\\\/postojnsko.si\\\/it\\\/postoj-na-mestni-poti\\\/?doing_wp_cron=1766490349.7067840099334716796875\"},{\"@type\":\"ListItem\",\"position\":3,\"name\":\"Sovi\u010d\"}]},{\"@type\":\"WebSite\",\"@id\":\"https:\\\/\\\/postojnsko.si\\\/it\\\/#website\",\"url\":\"https:\\\/\\\/postojnsko.si\\\/it\\\/\",\"name\":\"Visit Postojna\",\"description\":\"To je nov svet. To je paradi\u017e!\",\"publisher\":{\"@id\":\"https:\\\/\\\/postojnsko.si\\\/it\\\/#organization\"},\"potentialAction\":[{\"@type\":\"SearchAction\",\"target\":{\"@type\":\"EntryPoint\",\"urlTemplate\":\"https:\\\/\\\/postojnsko.si\\\/it\\\/?s={search_term_string}\"},\"query-input\":{\"@type\":\"PropertyValueSpecification\",\"valueRequired\":true,\"valueName\":\"search_term_string\"}}],\"inLanguage\":\"it-IT\"},{\"@type\":\"Organization\",\"@id\":\"https:\\\/\\\/postojnsko.si\\\/it\\\/#organization\",\"name\":\"Visit Postojna\",\"url\":\"https:\\\/\\\/postojnsko.si\\\/it\\\/\",\"logo\":{\"@type\":\"ImageObject\",\"inLanguage\":\"it-IT\",\"@id\":\"https:\\\/\\\/postojnsko.si\\\/it\\\/#\\\/schema\\\/logo\\\/image\\\/\",\"url\":\"https:\\\/\\\/postojnsko.si\\\/wp-content\\\/uploads\\\/2023\\\/06\\\/visit-postojna-logo.png\",\"contentUrl\":\"https:\\\/\\\/postojnsko.si\\\/wp-content\\\/uploads\\\/2023\\\/06\\\/visit-postojna-logo.png\",\"width\":1042,\"height\":1042,\"caption\":\"Visit Postojna\"},\"image\":{\"@id\":\"https:\\\/\\\/postojnsko.si\\\/it\\\/#\\\/schema\\\/logo\\\/image\\\/\"},\"sameAs\":[\"https:\\\/\\\/www.facebook.com\\\/VisitPostojna\",\"https:\\\/\\\/www.instagram.com\\\/visit_postojna\"]}]}<\/script>\n<!-- \/ Yoast SEO plugin. -->","yoast_head_json":{"title":"Sovi\u010d - Visit Postojna","robots":{"index":"index","follow":"follow","max-snippet":"max-snippet:-1","max-image-preview":"max-image-preview:large","max-video-preview":"max-video-preview:-1"},"canonical":"https:\/\/postojnsko.si\/it\/postoj-na-mestni-poti\/sovic\/","og_locale":"it_IT","og_type":"article","og_title":"Sovi\u010d - Visit Postojna","og_description":"Ogni citt\u00e0 che fa qualcosa per s\u00e9 ha il suo castello o almeno il suo &#8220;belvedere&#8221;. Beh, Postumia li ha entrambi. Il Sovi\u010d \u00e8 un colle cittadino assolutamente facile da salire, contro il cui pendio si appoggia la parte pi\u00f9 antica di Postumia, detta Majlont. Nel Majlont potete prendervi una pausa nella salita verso le...","og_url":"https:\/\/postojnsko.si\/it\/postoj-na-mestni-poti\/sovic\/","og_site_name":"Visit Postojna","article_publisher":"https:\/\/www.facebook.com\/VisitPostojna","article_modified_time":"2023-07-10T19:17:29+00:00","og_image":[{"width":2560,"height":1727,"url":"https:\/\/postojnsko.si\/travel\/wp-content\/uploads\/2023\/04\/sovic-visit-postojna-foto-bostjan-martinjak-scaled.jpg","type":"image\/jpeg"}],"twitter_card":"summary_large_image","twitter_misc":{"Tempo di lettura stimato":"2 minuti"},"schema":{"@context":"https:\/\/schema.org","@graph":[{"@type":"WebPage","@id":"https:\/\/postojnsko.si\/it\/postoj-na-mestni-poti\/sovic\/","url":"https:\/\/postojnsko.si\/it\/postoj-na-mestni-poti\/sovic\/","name":"Sovi\u010d - Visit Postojna","isPartOf":{"@id":"https:\/\/postojnsko.si\/it\/#website"},"primaryImageOfPage":{"@id":"https:\/\/postojnsko.si\/it\/postoj-na-mestni-poti\/sovic\/#primaryimage"},"image":{"@id":"https:\/\/postojnsko.si\/it\/postoj-na-mestni-poti\/sovic\/#primaryimage"},"thumbnailUrl":"https:\/\/postojnsko.si\/travel\/wp-content\/uploads\/2023\/04\/sovic-visit-postojna-foto-bostjan-martinjak-scaled.jpg","datePublished":"2023-04-14T07:38:07+00:00","dateModified":"2023-07-10T19:17:29+00:00","breadcrumb":{"@id":"https:\/\/postojnsko.si\/it\/postoj-na-mestni-poti\/sovic\/#breadcrumb"},"inLanguage":"it-IT","potentialAction":[{"@type":"ReadAction","target":["https:\/\/postojnsko.si\/it\/postoj-na-mestni-poti\/sovic\/"]}]},{"@type":"ImageObject","inLanguage":"it-IT","@id":"https:\/\/postojnsko.si\/it\/postoj-na-mestni-poti\/sovic\/#primaryimage","url":"https:\/\/postojnsko.si\/travel\/wp-content\/uploads\/2023\/04\/sovic-visit-postojna-foto-bostjan-martinjak-scaled.jpg","contentUrl":"https:\/\/postojnsko.si\/travel\/wp-content\/uploads\/2023\/04\/sovic-visit-postojna-foto-bostjan-martinjak-scaled.jpg","width":2560,"height":1727,"caption":"Sovi\u010d"},{"@type":"BreadcrumbList","@id":"https:\/\/postojnsko.si\/it\/postoj-na-mestni-poti\/sovic\/#breadcrumb","itemListElement":[{"@type":"ListItem","position":1,"name":"Home","item":"https:\/\/postojnsko.si\/it\/?doing_wp_cron=1766478648.6568050384521484375000"},{"@type":"ListItem","position":2,"name":"Postumia nel percorso cittadino","item":"https:\/\/postojnsko.si\/it\/postoj-na-mestni-poti\/?doing_wp_cron=1766490349.7067840099334716796875"},{"@type":"ListItem","position":3,"name":"Sovi\u010d"}]},{"@type":"WebSite","@id":"https:\/\/postojnsko.si\/it\/#website","url":"https:\/\/postojnsko.si\/it\/","name":"Visit Postojna","description":"To je nov svet. To je paradi\u017e!","publisher":{"@id":"https:\/\/postojnsko.si\/it\/#organization"},"potentialAction":[{"@type":"SearchAction","target":{"@type":"EntryPoint","urlTemplate":"https:\/\/postojnsko.si\/it\/?s={search_term_string}"},"query-input":{"@type":"PropertyValueSpecification","valueRequired":true,"valueName":"search_term_string"}}],"inLanguage":"it-IT"},{"@type":"Organization","@id":"https:\/\/postojnsko.si\/it\/#organization","name":"Visit Postojna","url":"https:\/\/postojnsko.si\/it\/","logo":{"@type":"ImageObject","inLanguage":"it-IT","@id":"https:\/\/postojnsko.si\/it\/#\/schema\/logo\/image\/","url":"https:\/\/postojnsko.si\/wp-content\/uploads\/2023\/06\/visit-postojna-logo.png","contentUrl":"https:\/\/postojnsko.si\/wp-content\/uploads\/2023\/06\/visit-postojna-logo.png","width":1042,"height":1042,"caption":"Visit Postojna"},"image":{"@id":"https:\/\/postojnsko.si\/it\/#\/schema\/logo\/image\/"},"sameAs":["https:\/\/www.facebook.com\/VisitPostojna","https:\/\/www.instagram.com\/visit_postojna"]}]}},"_links":{"self":[{"href":"https:\/\/postojnsko.si\/it\/wp-json\/wp\/v2\/pages\/6691","targetHints":{"allow":["GET"]}}],"collection":[{"href":"https:\/\/postojnsko.si\/it\/wp-json\/wp\/v2\/pages"}],"about":[{"href":"https:\/\/postojnsko.si\/it\/wp-json\/wp\/v2\/types\/page"}],"author":[{"embeddable":true,"href":"https:\/\/postojnsko.si\/it\/wp-json\/wp\/v2\/users\/2"}],"replies":[{"embeddable":true,"href":"https:\/\/postojnsko.si\/it\/wp-json\/wp\/v2\/comments?post=6691"}],"version-history":[{"count":2,"href":"https:\/\/postojnsko.si\/it\/wp-json\/wp\/v2\/pages\/6691\/revisions"}],"predecessor-version":[{"id":6693,"href":"https:\/\/postojnsko.si\/it\/wp-json\/wp\/v2\/pages\/6691\/revisions\/6693"}],"up":[{"embeddable":true,"href":"https:\/\/postojnsko.si\/it\/wp-json\/wp\/v2\/pages\/6717"}],"wp:featuredmedia":[{"embeddable":true,"href":"https:\/\/postojnsko.si\/it\/wp-json\/wp\/v2\/media\/5290"}],"wp:attachment":[{"href":"https:\/\/postojnsko.si\/it\/wp-json\/wp\/v2\/media?parent=6691"}],"curies":[{"name":"wp","href":"https:\/\/api.w.org\/{rel}","templated":true}]}}