{"id":6679,"date":"2023-04-07T10:28:58","date_gmt":"2023-04-07T08:28:58","guid":{"rendered":"https:\/\/postojnsko.si\/rojstna-hisa-dr-alojza-kraigherja\/"},"modified":"2023-07-10T21:12:21","modified_gmt":"2023-07-10T19:12:21","slug":"casa-natale-del-dott-alojz-kraigher","status":"publish","type":"page","link":"https:\/\/postojnsko.si\/it\/postoj-na-mestni-poti\/casa-natale-del-dott-alojz-kraigher\/","title":{"rendered":"Casa natale del dott. Alojz Kraigher"},"content":{"rendered":"<p>Possente casa in legno in cui nacque <strong>Lojz Kraigher (1877\u20131959)<\/strong>, scrittore, drammaturgo, medico e dentista.<\/p>\n<p>Kraigher \u00e8 un contemporaneo del modernismo sloveno e un caro amico del nostro pi\u00f9 grande scrittore, Ivan Cankar, ed \u00e8 anche considerato il padre della facolt\u00e0 di medicina slovena. Un po&#8217; pi\u00f9 avanti lungo il percorso cittadino, nel Centro culturale di Postumia, \u00e8 esposta la sala commemorativa di Kraigher, dove \u00e8 possibile conoscere meglio il suo versatile lavoro.<\/p>\n<blockquote>\n<p>Visitate la sala e scoprite che aspetto aveva il luogo di lavoro dell&#8217;intellettuale nella prima met\u00e0 del XX secolo. Per visitare la sala commemorativa del dott. Alojz Kraigher rivolgetevi al Museo della Notranjska di Postumia.\u00a0<\/p>\n<\/blockquote>\n","protected":false},"excerpt":{"rendered":"<p>Possente casa in legno in cui nacque Lojz Kraigher (1877\u20131959), scrittore, drammaturgo, medico e dentista. Kraigher \u00e8 un contemporaneo del modernismo sloveno e un caro amico del nostro pi\u00f9 grande scrittore, Ivan Cankar, ed \u00e8 anche considerato il padre della facolt\u00e0 di medicina slovena. Un po&#8217; pi\u00f9 avanti lungo il percorso cittadino, nel Centro culturale&#8230;<\/p>\n","protected":false},"author":2,"featured_media":5262,"parent":6717,"menu_order":0,"comment_status":"closed","ping_status":"closed","template":"page-templates\/interesna-tocka.php","meta":{"footnotes":""},"class_list":{"0":"post-6679","1":"type-page","3":"status-publish","4":"has-post-thumbnail","5":"hentry","6":"article-odd"},"yoast_head":"<!-- This site is optimized with the Yoast SEO plugin v27.4 - https:\/\/yoast.com\/product\/yoast-seo-wordpress\/ -->\n<title>Casa natale del dott. Alojz Kraigher - Visit Postojna<\/title>\n<meta name=\"robots\" content=\"index, follow, max-snippet:-1, max-image-preview:large, max-video-preview:-1\" \/>\n<link rel=\"canonical\" href=\"https:\/\/postojnsko.si\/it\/postoj-na-mestni-poti\/casa-natale-del-dott-alojz-kraigher\/\" \/>\n<meta property=\"og:locale\" content=\"it_IT\" \/>\n<meta property=\"og:type\" content=\"article\" \/>\n<meta property=\"og:title\" content=\"Casa natale del dott. Alojz Kraigher - Visit Postojna\" \/>\n<meta property=\"og:description\" content=\"Possente casa in legno in cui nacque Lojz Kraigher (1877\u20131959), scrittore, drammaturgo, medico e dentista. Kraigher \u00e8 un contemporaneo del modernismo sloveno e un caro amico del nostro pi\u00f9 grande scrittore, Ivan Cankar, ed \u00e8 anche considerato il padre della facolt\u00e0 di medicina slovena. Un po&#8217; pi\u00f9 avanti lungo il percorso cittadino, nel Centro culturale...\" \/>\n<meta property=\"og:url\" content=\"https:\/\/postojnsko.si\/it\/postoj-na-mestni-poti\/casa-natale-del-dott-alojz-kraigher\/\" \/>\n<meta property=\"og:site_name\" content=\"Visit Postojna\" \/>\n<meta property=\"article:publisher\" content=\"https:\/\/www.facebook.com\/VisitPostojna\" \/>\n<meta property=\"article:modified_time\" content=\"2023-07-10T19:12:21+00:00\" \/>\n<meta property=\"og:image\" content=\"https:\/\/postojnsko.si\/travel\/wp-content\/uploads\/2023\/04\/rojstna-hisa-lojza-kraigherja_foto-arhiv-foto-zgodbe.jpg\" \/>\n\t<meta property=\"og:image:width\" content=\"857\" \/>\n\t<meta property=\"og:image:height\" content=\"717\" \/>\n\t<meta property=\"og:image:type\" content=\"image\/jpeg\" \/>\n<meta name=\"twitter:card\" content=\"summary_large_image\" \/>\n<meta name=\"twitter:label1\" content=\"Tempo di lettura stimato\" \/>\n\t<meta name=\"twitter:data1\" content=\"1 minuto\" \/>\n<script type=\"application\/ld+json\" class=\"yoast-schema-graph\">{\"@context\":\"https:\\\/\\\/schema.org\",\"@graph\":[{\"@type\":\"WebPage\",\"@id\":\"https:\\\/\\\/postojnsko.si\\\/it\\\/postoj-na-mestni-poti\\\/casa-natale-del-dott-alojz-kraigher\\\/\",\"url\":\"https:\\\/\\\/postojnsko.si\\\/it\\\/postoj-na-mestni-poti\\\/casa-natale-del-dott-alojz-kraigher\\\/\",\"name\":\"Casa natale del dott. Alojz Kraigher - Visit Postojna\",\"isPartOf\":{\"@id\":\"https:\\\/\\\/postojnsko.si\\\/it\\\/#website\"},\"primaryImageOfPage\":{\"@id\":\"https:\\\/\\\/postojnsko.si\\\/it\\\/postoj-na-mestni-poti\\\/casa-natale-del-dott-alojz-kraigher\\\/#primaryimage\"},\"image\":{\"@id\":\"https:\\\/\\\/postojnsko.si\\\/it\\\/postoj-na-mestni-poti\\\/casa-natale-del-dott-alojz-kraigher\\\/#primaryimage\"},\"thumbnailUrl\":\"https:\\\/\\\/postojnsko.si\\\/travel\\\/wp-content\\\/uploads\\\/2023\\\/04\\\/rojstna-hisa-lojza-kraigherja_foto-arhiv-foto-zgodbe.jpg\",\"datePublished\":\"2023-04-07T08:28:58+00:00\",\"dateModified\":\"2023-07-10T19:12:21+00:00\",\"breadcrumb\":{\"@id\":\"https:\\\/\\\/postojnsko.si\\\/it\\\/postoj-na-mestni-poti\\\/casa-natale-del-dott-alojz-kraigher\\\/#breadcrumb\"},\"inLanguage\":\"it-IT\",\"potentialAction\":[{\"@type\":\"ReadAction\",\"target\":[\"https:\\\/\\\/postojnsko.si\\\/it\\\/postoj-na-mestni-poti\\\/casa-natale-del-dott-alojz-kraigher\\\/\"]}]},{\"@type\":\"ImageObject\",\"inLanguage\":\"it-IT\",\"@id\":\"https:\\\/\\\/postojnsko.si\\\/it\\\/postoj-na-mestni-poti\\\/casa-natale-del-dott-alojz-kraigher\\\/#primaryimage\",\"url\":\"https:\\\/\\\/postojnsko.si\\\/travel\\\/wp-content\\\/uploads\\\/2023\\\/04\\\/rojstna-hisa-lojza-kraigherja_foto-arhiv-foto-zgodbe.jpg\",\"contentUrl\":\"https:\\\/\\\/postojnsko.si\\\/travel\\\/wp-content\\\/uploads\\\/2023\\\/04\\\/rojstna-hisa-lojza-kraigherja_foto-arhiv-foto-zgodbe.jpg\",\"width\":857,\"height\":717,\"caption\":\"Casa natale del dott. Alojz Kraigher\"},{\"@type\":\"BreadcrumbList\",\"@id\":\"https:\\\/\\\/postojnsko.si\\\/it\\\/postoj-na-mestni-poti\\\/casa-natale-del-dott-alojz-kraigher\\\/#breadcrumb\",\"itemListElement\":[{\"@type\":\"ListItem\",\"position\":1,\"name\":\"Home\",\"item\":\"https:\\\/\\\/postojnsko.si\\\/it\\\/?doing_wp_cron=1766478648.6568050384521484375000\"},{\"@type\":\"ListItem\",\"position\":2,\"name\":\"Postumia nel percorso cittadino\",\"item\":\"https:\\\/\\\/postojnsko.si\\\/it\\\/postoj-na-mestni-poti\\\/?doing_wp_cron=1766490349.7067840099334716796875\"},{\"@type\":\"ListItem\",\"position\":3,\"name\":\"Casa natale del dott. Alojz Kraigher\"}]},{\"@type\":\"WebSite\",\"@id\":\"https:\\\/\\\/postojnsko.si\\\/it\\\/#website\",\"url\":\"https:\\\/\\\/postojnsko.si\\\/it\\\/\",\"name\":\"Visit Postojna\",\"description\":\"To je nov svet. To je paradi\u017e!\",\"publisher\":{\"@id\":\"https:\\\/\\\/postojnsko.si\\\/it\\\/#organization\"},\"potentialAction\":[{\"@type\":\"SearchAction\",\"target\":{\"@type\":\"EntryPoint\",\"urlTemplate\":\"https:\\\/\\\/postojnsko.si\\\/it\\\/?s={search_term_string}\"},\"query-input\":{\"@type\":\"PropertyValueSpecification\",\"valueRequired\":true,\"valueName\":\"search_term_string\"}}],\"inLanguage\":\"it-IT\"},{\"@type\":\"Organization\",\"@id\":\"https:\\\/\\\/postojnsko.si\\\/it\\\/#organization\",\"name\":\"Visit Postojna\",\"url\":\"https:\\\/\\\/postojnsko.si\\\/it\\\/\",\"logo\":{\"@type\":\"ImageObject\",\"inLanguage\":\"it-IT\",\"@id\":\"https:\\\/\\\/postojnsko.si\\\/it\\\/#\\\/schema\\\/logo\\\/image\\\/\",\"url\":\"https:\\\/\\\/postojnsko.si\\\/wp-content\\\/uploads\\\/2023\\\/06\\\/visit-postojna-logo.png\",\"contentUrl\":\"https:\\\/\\\/postojnsko.si\\\/wp-content\\\/uploads\\\/2023\\\/06\\\/visit-postojna-logo.png\",\"width\":1042,\"height\":1042,\"caption\":\"Visit Postojna\"},\"image\":{\"@id\":\"https:\\\/\\\/postojnsko.si\\\/it\\\/#\\\/schema\\\/logo\\\/image\\\/\"},\"sameAs\":[\"https:\\\/\\\/www.facebook.com\\\/VisitPostojna\",\"https:\\\/\\\/www.instagram.com\\\/visit_postojna\"]}]}<\/script>\n<!-- \/ Yoast SEO plugin. -->","yoast_head_json":{"title":"Casa natale del dott. Alojz Kraigher - Visit Postojna","robots":{"index":"index","follow":"follow","max-snippet":"max-snippet:-1","max-image-preview":"max-image-preview:large","max-video-preview":"max-video-preview:-1"},"canonical":"https:\/\/postojnsko.si\/it\/postoj-na-mestni-poti\/casa-natale-del-dott-alojz-kraigher\/","og_locale":"it_IT","og_type":"article","og_title":"Casa natale del dott. Alojz Kraigher - Visit Postojna","og_description":"Possente casa in legno in cui nacque Lojz Kraigher (1877\u20131959), scrittore, drammaturgo, medico e dentista. Kraigher \u00e8 un contemporaneo del modernismo sloveno e un caro amico del nostro pi\u00f9 grande scrittore, Ivan Cankar, ed \u00e8 anche considerato il padre della facolt\u00e0 di medicina slovena. Un po&#8217; pi\u00f9 avanti lungo il percorso cittadino, nel Centro culturale...","og_url":"https:\/\/postojnsko.si\/it\/postoj-na-mestni-poti\/casa-natale-del-dott-alojz-kraigher\/","og_site_name":"Visit Postojna","article_publisher":"https:\/\/www.facebook.com\/VisitPostojna","article_modified_time":"2023-07-10T19:12:21+00:00","og_image":[{"width":857,"height":717,"url":"https:\/\/postojnsko.si\/travel\/wp-content\/uploads\/2023\/04\/rojstna-hisa-lojza-kraigherja_foto-arhiv-foto-zgodbe.jpg","type":"image\/jpeg"}],"twitter_card":"summary_large_image","twitter_misc":{"Tempo di lettura stimato":"1 minuto"},"schema":{"@context":"https:\/\/schema.org","@graph":[{"@type":"WebPage","@id":"https:\/\/postojnsko.si\/it\/postoj-na-mestni-poti\/casa-natale-del-dott-alojz-kraigher\/","url":"https:\/\/postojnsko.si\/it\/postoj-na-mestni-poti\/casa-natale-del-dott-alojz-kraigher\/","name":"Casa natale del dott. Alojz Kraigher - Visit Postojna","isPartOf":{"@id":"https:\/\/postojnsko.si\/it\/#website"},"primaryImageOfPage":{"@id":"https:\/\/postojnsko.si\/it\/postoj-na-mestni-poti\/casa-natale-del-dott-alojz-kraigher\/#primaryimage"},"image":{"@id":"https:\/\/postojnsko.si\/it\/postoj-na-mestni-poti\/casa-natale-del-dott-alojz-kraigher\/#primaryimage"},"thumbnailUrl":"https:\/\/postojnsko.si\/travel\/wp-content\/uploads\/2023\/04\/rojstna-hisa-lojza-kraigherja_foto-arhiv-foto-zgodbe.jpg","datePublished":"2023-04-07T08:28:58+00:00","dateModified":"2023-07-10T19:12:21+00:00","breadcrumb":{"@id":"https:\/\/postojnsko.si\/it\/postoj-na-mestni-poti\/casa-natale-del-dott-alojz-kraigher\/#breadcrumb"},"inLanguage":"it-IT","potentialAction":[{"@type":"ReadAction","target":["https:\/\/postojnsko.si\/it\/postoj-na-mestni-poti\/casa-natale-del-dott-alojz-kraigher\/"]}]},{"@type":"ImageObject","inLanguage":"it-IT","@id":"https:\/\/postojnsko.si\/it\/postoj-na-mestni-poti\/casa-natale-del-dott-alojz-kraigher\/#primaryimage","url":"https:\/\/postojnsko.si\/travel\/wp-content\/uploads\/2023\/04\/rojstna-hisa-lojza-kraigherja_foto-arhiv-foto-zgodbe.jpg","contentUrl":"https:\/\/postojnsko.si\/travel\/wp-content\/uploads\/2023\/04\/rojstna-hisa-lojza-kraigherja_foto-arhiv-foto-zgodbe.jpg","width":857,"height":717,"caption":"Casa natale del dott. Alojz Kraigher"},{"@type":"BreadcrumbList","@id":"https:\/\/postojnsko.si\/it\/postoj-na-mestni-poti\/casa-natale-del-dott-alojz-kraigher\/#breadcrumb","itemListElement":[{"@type":"ListItem","position":1,"name":"Home","item":"https:\/\/postojnsko.si\/it\/?doing_wp_cron=1766478648.6568050384521484375000"},{"@type":"ListItem","position":2,"name":"Postumia nel percorso cittadino","item":"https:\/\/postojnsko.si\/it\/postoj-na-mestni-poti\/?doing_wp_cron=1766490349.7067840099334716796875"},{"@type":"ListItem","position":3,"name":"Casa natale del dott. Alojz Kraigher"}]},{"@type":"WebSite","@id":"https:\/\/postojnsko.si\/it\/#website","url":"https:\/\/postojnsko.si\/it\/","name":"Visit Postojna","description":"To je nov svet. To je paradi\u017e!","publisher":{"@id":"https:\/\/postojnsko.si\/it\/#organization"},"potentialAction":[{"@type":"SearchAction","target":{"@type":"EntryPoint","urlTemplate":"https:\/\/postojnsko.si\/it\/?s={search_term_string}"},"query-input":{"@type":"PropertyValueSpecification","valueRequired":true,"valueName":"search_term_string"}}],"inLanguage":"it-IT"},{"@type":"Organization","@id":"https:\/\/postojnsko.si\/it\/#organization","name":"Visit Postojna","url":"https:\/\/postojnsko.si\/it\/","logo":{"@type":"ImageObject","inLanguage":"it-IT","@id":"https:\/\/postojnsko.si\/it\/#\/schema\/logo\/image\/","url":"https:\/\/postojnsko.si\/wp-content\/uploads\/2023\/06\/visit-postojna-logo.png","contentUrl":"https:\/\/postojnsko.si\/wp-content\/uploads\/2023\/06\/visit-postojna-logo.png","width":1042,"height":1042,"caption":"Visit Postojna"},"image":{"@id":"https:\/\/postojnsko.si\/it\/#\/schema\/logo\/image\/"},"sameAs":["https:\/\/www.facebook.com\/VisitPostojna","https:\/\/www.instagram.com\/visit_postojna"]}]}},"_links":{"self":[{"href":"https:\/\/postojnsko.si\/it\/wp-json\/wp\/v2\/pages\/6679","targetHints":{"allow":["GET"]}}],"collection":[{"href":"https:\/\/postojnsko.si\/it\/wp-json\/wp\/v2\/pages"}],"about":[{"href":"https:\/\/postojnsko.si\/it\/wp-json\/wp\/v2\/types\/page"}],"author":[{"embeddable":true,"href":"https:\/\/postojnsko.si\/it\/wp-json\/wp\/v2\/users\/2"}],"replies":[{"embeddable":true,"href":"https:\/\/postojnsko.si\/it\/wp-json\/wp\/v2\/comments?post=6679"}],"version-history":[{"count":2,"href":"https:\/\/postojnsko.si\/it\/wp-json\/wp\/v2\/pages\/6679\/revisions"}],"predecessor-version":[{"id":6716,"href":"https:\/\/postojnsko.si\/it\/wp-json\/wp\/v2\/pages\/6679\/revisions\/6716"}],"up":[{"embeddable":true,"href":"https:\/\/postojnsko.si\/it\/wp-json\/wp\/v2\/pages\/6717"}],"wp:featuredmedia":[{"embeddable":true,"href":"https:\/\/postojnsko.si\/it\/wp-json\/wp\/v2\/media\/5262"}],"wp:attachment":[{"href":"https:\/\/postojnsko.si\/it\/wp-json\/wp\/v2\/media?parent=6679"}],"curies":[{"name":"wp","href":"https:\/\/api.w.org\/{rel}","templated":true}]}}