{"id":6422,"date":"2023-02-09T18:45:06","date_gmt":"2023-02-09T17:45:06","guid":{"rendered":"https:\/\/postojnsko.si\/gostilnica-na-gradu\/"},"modified":"2023-07-11T22:40:00","modified_gmt":"2023-07-11T20:40:00","slug":"il-ristorante-del-castello","status":"publish","type":"page","link":"https:\/\/postojnsko.si\/it\/cosa-fare\/dove-mangiare\/ristoranti-nei-dintorni-di-postumia\/il-ristorante-del-castello\/","title":{"rendered":"Il Ristorante del Castello"},"content":{"rendered":"<p>Non lontano da Postumia e dalle famose Grotte di Postumia, circondata da prati e boschi, si trova la tenuta <strong>Castello di Prestranek<\/strong>, il pi\u00f9 grande centro per cavalli islandesi in Slovenia.<\/p>\n<p>Fa parte della tenuta anche <strong>il Ristorante del Castello<\/strong>, con un&#8217;ampia terrazza all&#8217;aperto, dove \u00e8 possibile godere dei raggi del sole nella met\u00e0 pi\u00f9 calda dell&#8217;anno e gustare i ricchi aromi e sapori delle tante specialit\u00e0 di manzo Angus e dei prodotti caseari dell&#8217;allevamento biologico a fieno. <\/p>\n<p>Per famiglie e gruppi, previo accordo, si organizzano anche visite guidate, meeting, eventi aziendali, eventi vari e celebrazioni.<\/p>\n","protected":false},"excerpt":{"rendered":"<p>Non lontano da Postumia e dalle famose Grotte di Postumia, circondata da prati e boschi, si trova la tenuta Castello di Prestranek, il pi\u00f9 grande centro per cavalli islandesi in Slovenia. Fa parte della tenuta anche il Ristorante del Castello, con un&#8217;ampia terrazza all&#8217;aperto, dove \u00e8 possibile godere dei raggi del sole nella met\u00e0 pi\u00f9&#8230;<\/p>\n","protected":false},"author":2,"featured_media":4800,"parent":6486,"menu_order":85,"comment_status":"closed","ping_status":"closed","template":"page-templates\/hrana-in-pijaca.php","meta":{"footnotes":""},"class_list":{"0":"post-6422","1":"type-page","3":"status-publish","4":"has-post-thumbnail","5":"hentry","6":"article-odd"},"yoast_head":"<!-- This site is optimized with the Yoast SEO plugin v27.4 - https:\/\/yoast.com\/product\/yoast-seo-wordpress\/ -->\n<title>Il Ristorante del Castello - Visit Postojna<\/title>\n<meta name=\"robots\" content=\"index, follow, max-snippet:-1, max-image-preview:large, max-video-preview:-1\" \/>\n<link rel=\"canonical\" href=\"https:\/\/postojnsko.si\/it\/cosa-fare\/dove-mangiare\/ristoranti-nei-dintorni-di-postumia\/il-ristorante-del-castello\/\" \/>\n<meta property=\"og:locale\" content=\"it_IT\" \/>\n<meta property=\"og:type\" content=\"article\" \/>\n<meta property=\"og:title\" content=\"Il Ristorante del Castello - Visit Postojna\" \/>\n<meta property=\"og:description\" content=\"Non lontano da Postumia e dalle famose Grotte di Postumia, circondata da prati e boschi, si trova la tenuta Castello di Prestranek, il pi\u00f9 grande centro per cavalli islandesi in Slovenia. Fa parte della tenuta anche il Ristorante del Castello, con un&#8217;ampia terrazza all&#8217;aperto, dove \u00e8 possibile godere dei raggi del sole nella met\u00e0 pi\u00f9...\" \/>\n<meta property=\"og:url\" content=\"https:\/\/postojnsko.si\/it\/cosa-fare\/dove-mangiare\/ristoranti-nei-dintorni-di-postumia\/il-ristorante-del-castello\/\" \/>\n<meta property=\"og:site_name\" content=\"Visit Postojna\" \/>\n<meta property=\"article:publisher\" content=\"https:\/\/www.facebook.com\/VisitPostojna\" \/>\n<meta property=\"article:modified_time\" content=\"2023-07-11T20:40:00+00:00\" \/>\n<meta property=\"og:image\" content=\"https:\/\/postojnsko.si\/travel\/wp-content\/uploads\/2023\/02\/gostilnica-na-gradu-grad-prestranek-visit-postojna-scaled.jpg\" \/>\n\t<meta property=\"og:image:width\" content=\"2560\" \/>\n\t<meta property=\"og:image:height\" content=\"1714\" \/>\n\t<meta property=\"og:image:type\" content=\"image\/jpeg\" \/>\n<meta name=\"twitter:card\" content=\"summary_large_image\" \/>\n<meta name=\"twitter:label1\" content=\"Tempo di lettura stimato\" \/>\n\t<meta name=\"twitter:data1\" content=\"1 minuto\" \/>\n<script type=\"application\/ld+json\" class=\"yoast-schema-graph\">{\"@context\":\"https:\\\/\\\/schema.org\",\"@graph\":[{\"@type\":\"WebPage\",\"@id\":\"https:\\\/\\\/postojnsko.si\\\/it\\\/cosa-fare\\\/dove-mangiare\\\/ristoranti-nei-dintorni-di-postumia\\\/il-ristorante-del-castello\\\/\",\"url\":\"https:\\\/\\\/postojnsko.si\\\/it\\\/cosa-fare\\\/dove-mangiare\\\/ristoranti-nei-dintorni-di-postumia\\\/il-ristorante-del-castello\\\/\",\"name\":\"Il Ristorante del Castello - Visit Postojna\",\"isPartOf\":{\"@id\":\"https:\\\/\\\/postojnsko.si\\\/it\\\/#website\"},\"primaryImageOfPage\":{\"@id\":\"https:\\\/\\\/postojnsko.si\\\/it\\\/cosa-fare\\\/dove-mangiare\\\/ristoranti-nei-dintorni-di-postumia\\\/il-ristorante-del-castello\\\/#primaryimage\"},\"image\":{\"@id\":\"https:\\\/\\\/postojnsko.si\\\/it\\\/cosa-fare\\\/dove-mangiare\\\/ristoranti-nei-dintorni-di-postumia\\\/il-ristorante-del-castello\\\/#primaryimage\"},\"thumbnailUrl\":\"https:\\\/\\\/postojnsko.si\\\/travel\\\/wp-content\\\/uploads\\\/2023\\\/02\\\/gostilnica-na-gradu-grad-prestranek-visit-postojna-scaled.jpg\",\"datePublished\":\"2023-02-09T17:45:06+00:00\",\"dateModified\":\"2023-07-11T20:40:00+00:00\",\"breadcrumb\":{\"@id\":\"https:\\\/\\\/postojnsko.si\\\/it\\\/cosa-fare\\\/dove-mangiare\\\/ristoranti-nei-dintorni-di-postumia\\\/il-ristorante-del-castello\\\/#breadcrumb\"},\"inLanguage\":\"it-IT\",\"potentialAction\":[{\"@type\":\"ReadAction\",\"target\":[\"https:\\\/\\\/postojnsko.si\\\/it\\\/cosa-fare\\\/dove-mangiare\\\/ristoranti-nei-dintorni-di-postumia\\\/il-ristorante-del-castello\\\/\"]}]},{\"@type\":\"ImageObject\",\"inLanguage\":\"it-IT\",\"@id\":\"https:\\\/\\\/postojnsko.si\\\/it\\\/cosa-fare\\\/dove-mangiare\\\/ristoranti-nei-dintorni-di-postumia\\\/il-ristorante-del-castello\\\/#primaryimage\",\"url\":\"https:\\\/\\\/postojnsko.si\\\/travel\\\/wp-content\\\/uploads\\\/2023\\\/02\\\/gostilnica-na-gradu-grad-prestranek-visit-postojna-scaled.jpg\",\"contentUrl\":\"https:\\\/\\\/postojnsko.si\\\/travel\\\/wp-content\\\/uploads\\\/2023\\\/02\\\/gostilnica-na-gradu-grad-prestranek-visit-postojna-scaled.jpg\",\"width\":2560,\"height\":1714,\"caption\":\"il Ristorante del Castello\\\/ Gostilnica na Gradu\"},{\"@type\":\"BreadcrumbList\",\"@id\":\"https:\\\/\\\/postojnsko.si\\\/it\\\/cosa-fare\\\/dove-mangiare\\\/ristoranti-nei-dintorni-di-postumia\\\/il-ristorante-del-castello\\\/#breadcrumb\",\"itemListElement\":[{\"@type\":\"ListItem\",\"position\":1,\"name\":\"Home\",\"item\":\"https:\\\/\\\/postojnsko.si\\\/it\\\/?doing_wp_cron=1766478648.6568050384521484375000\"},{\"@type\":\"ListItem\",\"position\":2,\"name\":\"Cosa fare\",\"item\":\"https:\\\/\\\/postojnsko.si\\\/it\\\/kaj-poceti\\\/?doing_wp_cron=1766478648.6568050384521484375000\"},{\"@type\":\"ListItem\",\"position\":3,\"name\":\"Dove mangiare\",\"item\":\"https:\\\/\\\/postojnsko.si\\\/it\\\/kaj-poceti\\\/kje-jesti\\\/?doing_wp_cron=1766480449.7425639629364013671875\"},{\"@type\":\"ListItem\",\"position\":4,\"name\":\"Ristoranti nei dintorni di Postumia\",\"item\":\"https:\\\/\\\/postojnsko.si\\\/it\\\/kaj-poceti\\\/kje-jesti\\\/gostilne-v-okolici-postojne\\\/?doing_wp_cron=1766567823.0121469497680664062500\"},{\"@type\":\"ListItem\",\"position\":5,\"name\":\"Il Ristorante del Castello\"}]},{\"@type\":\"WebSite\",\"@id\":\"https:\\\/\\\/postojnsko.si\\\/it\\\/#website\",\"url\":\"https:\\\/\\\/postojnsko.si\\\/it\\\/\",\"name\":\"Visit Postojna\",\"description\":\"To je nov svet. To je paradi\u017e!\",\"publisher\":{\"@id\":\"https:\\\/\\\/postojnsko.si\\\/it\\\/#organization\"},\"potentialAction\":[{\"@type\":\"SearchAction\",\"target\":{\"@type\":\"EntryPoint\",\"urlTemplate\":\"https:\\\/\\\/postojnsko.si\\\/it\\\/?s={search_term_string}\"},\"query-input\":{\"@type\":\"PropertyValueSpecification\",\"valueRequired\":true,\"valueName\":\"search_term_string\"}}],\"inLanguage\":\"it-IT\"},{\"@type\":\"Organization\",\"@id\":\"https:\\\/\\\/postojnsko.si\\\/it\\\/#organization\",\"name\":\"Visit Postojna\",\"url\":\"https:\\\/\\\/postojnsko.si\\\/it\\\/\",\"logo\":{\"@type\":\"ImageObject\",\"inLanguage\":\"it-IT\",\"@id\":\"https:\\\/\\\/postojnsko.si\\\/it\\\/#\\\/schema\\\/logo\\\/image\\\/\",\"url\":\"https:\\\/\\\/postojnsko.si\\\/wp-content\\\/uploads\\\/2023\\\/06\\\/visit-postojna-logo.png\",\"contentUrl\":\"https:\\\/\\\/postojnsko.si\\\/wp-content\\\/uploads\\\/2023\\\/06\\\/visit-postojna-logo.png\",\"width\":1042,\"height\":1042,\"caption\":\"Visit Postojna\"},\"image\":{\"@id\":\"https:\\\/\\\/postojnsko.si\\\/it\\\/#\\\/schema\\\/logo\\\/image\\\/\"},\"sameAs\":[\"https:\\\/\\\/www.facebook.com\\\/VisitPostojna\",\"https:\\\/\\\/www.instagram.com\\\/visit_postojna\"]}]}<\/script>\n<!-- \/ Yoast SEO plugin. -->","yoast_head_json":{"title":"Il Ristorante del Castello - Visit Postojna","robots":{"index":"index","follow":"follow","max-snippet":"max-snippet:-1","max-image-preview":"max-image-preview:large","max-video-preview":"max-video-preview:-1"},"canonical":"https:\/\/postojnsko.si\/it\/cosa-fare\/dove-mangiare\/ristoranti-nei-dintorni-di-postumia\/il-ristorante-del-castello\/","og_locale":"it_IT","og_type":"article","og_title":"Il Ristorante del Castello - Visit Postojna","og_description":"Non lontano da Postumia e dalle famose Grotte di Postumia, circondata da prati e boschi, si trova la tenuta Castello di Prestranek, il pi\u00f9 grande centro per cavalli islandesi in Slovenia. Fa parte della tenuta anche il Ristorante del Castello, con un&#8217;ampia terrazza all&#8217;aperto, dove \u00e8 possibile godere dei raggi del sole nella met\u00e0 pi\u00f9...","og_url":"https:\/\/postojnsko.si\/it\/cosa-fare\/dove-mangiare\/ristoranti-nei-dintorni-di-postumia\/il-ristorante-del-castello\/","og_site_name":"Visit Postojna","article_publisher":"https:\/\/www.facebook.com\/VisitPostojna","article_modified_time":"2023-07-11T20:40:00+00:00","og_image":[{"width":2560,"height":1714,"url":"https:\/\/postojnsko.si\/travel\/wp-content\/uploads\/2023\/02\/gostilnica-na-gradu-grad-prestranek-visit-postojna-scaled.jpg","type":"image\/jpeg"}],"twitter_card":"summary_large_image","twitter_misc":{"Tempo di lettura stimato":"1 minuto"},"schema":{"@context":"https:\/\/schema.org","@graph":[{"@type":"WebPage","@id":"https:\/\/postojnsko.si\/it\/cosa-fare\/dove-mangiare\/ristoranti-nei-dintorni-di-postumia\/il-ristorante-del-castello\/","url":"https:\/\/postojnsko.si\/it\/cosa-fare\/dove-mangiare\/ristoranti-nei-dintorni-di-postumia\/il-ristorante-del-castello\/","name":"Il Ristorante del Castello - Visit Postojna","isPartOf":{"@id":"https:\/\/postojnsko.si\/it\/#website"},"primaryImageOfPage":{"@id":"https:\/\/postojnsko.si\/it\/cosa-fare\/dove-mangiare\/ristoranti-nei-dintorni-di-postumia\/il-ristorante-del-castello\/#primaryimage"},"image":{"@id":"https:\/\/postojnsko.si\/it\/cosa-fare\/dove-mangiare\/ristoranti-nei-dintorni-di-postumia\/il-ristorante-del-castello\/#primaryimage"},"thumbnailUrl":"https:\/\/postojnsko.si\/travel\/wp-content\/uploads\/2023\/02\/gostilnica-na-gradu-grad-prestranek-visit-postojna-scaled.jpg","datePublished":"2023-02-09T17:45:06+00:00","dateModified":"2023-07-11T20:40:00+00:00","breadcrumb":{"@id":"https:\/\/postojnsko.si\/it\/cosa-fare\/dove-mangiare\/ristoranti-nei-dintorni-di-postumia\/il-ristorante-del-castello\/#breadcrumb"},"inLanguage":"it-IT","potentialAction":[{"@type":"ReadAction","target":["https:\/\/postojnsko.si\/it\/cosa-fare\/dove-mangiare\/ristoranti-nei-dintorni-di-postumia\/il-ristorante-del-castello\/"]}]},{"@type":"ImageObject","inLanguage":"it-IT","@id":"https:\/\/postojnsko.si\/it\/cosa-fare\/dove-mangiare\/ristoranti-nei-dintorni-di-postumia\/il-ristorante-del-castello\/#primaryimage","url":"https:\/\/postojnsko.si\/travel\/wp-content\/uploads\/2023\/02\/gostilnica-na-gradu-grad-prestranek-visit-postojna-scaled.jpg","contentUrl":"https:\/\/postojnsko.si\/travel\/wp-content\/uploads\/2023\/02\/gostilnica-na-gradu-grad-prestranek-visit-postojna-scaled.jpg","width":2560,"height":1714,"caption":"il Ristorante del Castello\/ Gostilnica na Gradu"},{"@type":"BreadcrumbList","@id":"https:\/\/postojnsko.si\/it\/cosa-fare\/dove-mangiare\/ristoranti-nei-dintorni-di-postumia\/il-ristorante-del-castello\/#breadcrumb","itemListElement":[{"@type":"ListItem","position":1,"name":"Home","item":"https:\/\/postojnsko.si\/it\/?doing_wp_cron=1766478648.6568050384521484375000"},{"@type":"ListItem","position":2,"name":"Cosa fare","item":"https:\/\/postojnsko.si\/it\/kaj-poceti\/?doing_wp_cron=1766478648.6568050384521484375000"},{"@type":"ListItem","position":3,"name":"Dove mangiare","item":"https:\/\/postojnsko.si\/it\/kaj-poceti\/kje-jesti\/?doing_wp_cron=1766480449.7425639629364013671875"},{"@type":"ListItem","position":4,"name":"Ristoranti nei dintorni di Postumia","item":"https:\/\/postojnsko.si\/it\/kaj-poceti\/kje-jesti\/gostilne-v-okolici-postojne\/?doing_wp_cron=1766567823.0121469497680664062500"},{"@type":"ListItem","position":5,"name":"Il Ristorante del Castello"}]},{"@type":"WebSite","@id":"https:\/\/postojnsko.si\/it\/#website","url":"https:\/\/postojnsko.si\/it\/","name":"Visit Postojna","description":"To je nov svet. To je paradi\u017e!","publisher":{"@id":"https:\/\/postojnsko.si\/it\/#organization"},"potentialAction":[{"@type":"SearchAction","target":{"@type":"EntryPoint","urlTemplate":"https:\/\/postojnsko.si\/it\/?s={search_term_string}"},"query-input":{"@type":"PropertyValueSpecification","valueRequired":true,"valueName":"search_term_string"}}],"inLanguage":"it-IT"},{"@type":"Organization","@id":"https:\/\/postojnsko.si\/it\/#organization","name":"Visit Postojna","url":"https:\/\/postojnsko.si\/it\/","logo":{"@type":"ImageObject","inLanguage":"it-IT","@id":"https:\/\/postojnsko.si\/it\/#\/schema\/logo\/image\/","url":"https:\/\/postojnsko.si\/wp-content\/uploads\/2023\/06\/visit-postojna-logo.png","contentUrl":"https:\/\/postojnsko.si\/wp-content\/uploads\/2023\/06\/visit-postojna-logo.png","width":1042,"height":1042,"caption":"Visit Postojna"},"image":{"@id":"https:\/\/postojnsko.si\/it\/#\/schema\/logo\/image\/"},"sameAs":["https:\/\/www.facebook.com\/VisitPostojna","https:\/\/www.instagram.com\/visit_postojna"]}]}},"_links":{"self":[{"href":"https:\/\/postojnsko.si\/it\/wp-json\/wp\/v2\/pages\/6422","targetHints":{"allow":["GET"]}}],"collection":[{"href":"https:\/\/postojnsko.si\/it\/wp-json\/wp\/v2\/pages"}],"about":[{"href":"https:\/\/postojnsko.si\/it\/wp-json\/wp\/v2\/types\/page"}],"author":[{"embeddable":true,"href":"https:\/\/postojnsko.si\/it\/wp-json\/wp\/v2\/users\/2"}],"replies":[{"embeddable":true,"href":"https:\/\/postojnsko.si\/it\/wp-json\/wp\/v2\/comments?post=6422"}],"version-history":[{"count":2,"href":"https:\/\/postojnsko.si\/it\/wp-json\/wp\/v2\/pages\/6422\/revisions"}],"predecessor-version":[{"id":6427,"href":"https:\/\/postojnsko.si\/it\/wp-json\/wp\/v2\/pages\/6422\/revisions\/6427"}],"up":[{"embeddable":true,"href":"https:\/\/postojnsko.si\/it\/wp-json\/wp\/v2\/pages\/6486"}],"wp:featuredmedia":[{"embeddable":true,"href":"https:\/\/postojnsko.si\/it\/wp-json\/wp\/v2\/media\/4800"}],"wp:attachment":[{"href":"https:\/\/postojnsko.si\/it\/wp-json\/wp\/v2\/media?parent=6422"}],"curies":[{"name":"wp","href":"https:\/\/api.w.org\/{rel}","templated":true}]}}