{"id":6203,"date":"2023-01-26T15:14:32","date_gmt":"2023-01-26T14:14:32","guid":{"rendered":"https:\/\/postojnsko.si\/cosa-fare\/attivita\/escursionismo\/percorsi-a-piedi\/sovic-rekreacijska-pot\/"},"modified":"2023-07-11T08:48:05","modified_gmt":"2023-07-11T06:48:05","slug":"pista-ricreativa-sovic","status":"publish","type":"page","link":"https:\/\/postojnsko.si\/it\/cosa-fare\/attivita\/escursionismo\/percorsi-a-piedi\/pista-ricreativa-sovic\/","title":{"rendered":"Pista ricreativa Sovi\u010d"},"content":{"rendered":"<p><strong>La pista ricreativa Sovi\u010d <\/strong>si trova sulla collina omonima nella citt\u00e0 di Postumia. \u00c8 un percorso ricreativo circolare che pu\u00f2 essere percorso in bicicletta o a piedi che porta dal Centro informazioni turistiche <strong>TIC Galerija<\/strong>, attraverso \u010cukovica e l\u2019impegnativa Poljane, fino a Veliki Otok. Nella prima parte il percorso segue un sentiero in macadam e si snoda tra alberi e fitti cespugli.<\/p>\n<p>Dopo due chilometri si raggiunge il punto panoramico sopra il villaggio di Veliki Otok, proprio sopra <strong>la chiesa di S. Caterina<\/strong>, da dove si gode una vista sul vasto bacino del Pivka circondato da altipiani carsici.<\/p>\n<p>Quindi si scende lungo il pendio fino a Veliki Otok e si segue la strada principale verso le Grotte di Postumia. Si attraversa il ponte sul fiume Pivka continuando oltre il viale di tigli lungo la strada regionale che riporta al punto di partenza (Galerija TIC).<\/p>\n<p>Ai piedi del colle di Sovi\u010d si trova anche <strong>il Postojna Pumptrack,<\/strong> dove potrete mettere alla prova le vostre abilit\u00e0 nella guida dinamica sui dossi.<\/p>\n","protected":false},"excerpt":{"rendered":"<p>La pista ricreativa Sovi\u010d si trova sulla collina omonima nella citt\u00e0 di Postumia. \u00c8 un percorso ricreativo circolare che pu\u00f2 essere percorso in bicicletta o a piedi che porta dal Centro informazioni turistiche TIC Galerija, attraverso \u010cukovica e l\u2019impegnativa Poljane, fino a Veliki Otok. Nella prima parte il percorso segue un sentiero in macadam e&#8230;<\/p>\n","protected":false},"author":2,"featured_media":4710,"parent":6006,"menu_order":117,"comment_status":"closed","ping_status":"closed","template":"page-templates\/poti.php","meta":{"footnotes":""},"class_list":{"0":"post-6203","1":"type-page","3":"status-publish","4":"has-post-thumbnail","5":"hentry","6":"article-odd"},"yoast_head":"<!-- This site is optimized with the Yoast SEO plugin v27.4 - https:\/\/yoast.com\/product\/yoast-seo-wordpress\/ -->\n<title>Pista ricreativa Sovi\u010d - Visit Postojna<\/title>\n<meta name=\"robots\" content=\"index, follow, max-snippet:-1, max-image-preview:large, max-video-preview:-1\" \/>\n<link rel=\"canonical\" href=\"https:\/\/postojnsko.si\/it\/cosa-fare\/attivita\/escursionismo\/percorsi-a-piedi\/pista-ricreativa-sovic\/\" \/>\n<meta property=\"og:locale\" content=\"it_IT\" \/>\n<meta property=\"og:type\" content=\"article\" \/>\n<meta property=\"og:title\" content=\"Pista ricreativa Sovi\u010d - Visit Postojna\" \/>\n<meta property=\"og:description\" content=\"La pista ricreativa Sovi\u010d si trova sulla collina omonima nella citt\u00e0 di Postumia. \u00c8 un percorso ricreativo circolare che pu\u00f2 essere percorso in bicicletta o a piedi che porta dal Centro informazioni turistiche TIC Galerija, attraverso \u010cukovica e l\u2019impegnativa Poljane, fino a Veliki Otok. Nella prima parte il percorso segue un sentiero in macadam e...\" \/>\n<meta property=\"og:url\" content=\"https:\/\/postojnsko.si\/it\/cosa-fare\/attivita\/escursionismo\/percorsi-a-piedi\/pista-ricreativa-sovic\/\" \/>\n<meta property=\"og:site_name\" content=\"Visit Postojna\" \/>\n<meta property=\"article:publisher\" content=\"https:\/\/www.facebook.com\/VisitPostojna\" \/>\n<meta property=\"article:modified_time\" content=\"2023-07-11T06:48:05+00:00\" \/>\n<meta property=\"og:image\" content=\"https:\/\/postojnsko.si\/travel\/wp-content\/uploads\/2023\/01\/sovic-rekreacijska-pot-visit-postojna-foto-tomaz-penko-5-scaled.jpg\" \/>\n\t<meta property=\"og:image:width\" content=\"2560\" \/>\n\t<meta property=\"og:image:height\" content=\"1707\" \/>\n\t<meta property=\"og:image:type\" content=\"image\/jpeg\" \/>\n<meta name=\"twitter:card\" content=\"summary_large_image\" \/>\n<meta name=\"twitter:label1\" content=\"Tempo di lettura stimato\" \/>\n\t<meta name=\"twitter:data1\" content=\"1 minuto\" \/>\n<script type=\"application\/ld+json\" class=\"yoast-schema-graph\">{\"@context\":\"https:\\\/\\\/schema.org\",\"@graph\":[{\"@type\":\"WebPage\",\"@id\":\"https:\\\/\\\/postojnsko.si\\\/it\\\/cosa-fare\\\/attivita\\\/escursionismo\\\/percorsi-a-piedi\\\/pista-ricreativa-sovic\\\/\",\"url\":\"https:\\\/\\\/postojnsko.si\\\/it\\\/cosa-fare\\\/attivita\\\/escursionismo\\\/percorsi-a-piedi\\\/pista-ricreativa-sovic\\\/\",\"name\":\"Pista ricreativa Sovi\u010d - Visit Postojna\",\"isPartOf\":{\"@id\":\"https:\\\/\\\/postojnsko.si\\\/it\\\/#website\"},\"primaryImageOfPage\":{\"@id\":\"https:\\\/\\\/postojnsko.si\\\/it\\\/cosa-fare\\\/attivita\\\/escursionismo\\\/percorsi-a-piedi\\\/pista-ricreativa-sovic\\\/#primaryimage\"},\"image\":{\"@id\":\"https:\\\/\\\/postojnsko.si\\\/it\\\/cosa-fare\\\/attivita\\\/escursionismo\\\/percorsi-a-piedi\\\/pista-ricreativa-sovic\\\/#primaryimage\"},\"thumbnailUrl\":\"https:\\\/\\\/postojnsko.si\\\/travel\\\/wp-content\\\/uploads\\\/2023\\\/01\\\/sovic-rekreacijska-pot-visit-postojna-foto-tomaz-penko-5-scaled.jpg\",\"datePublished\":\"2023-01-26T14:14:32+00:00\",\"dateModified\":\"2023-07-11T06:48:05+00:00\",\"breadcrumb\":{\"@id\":\"https:\\\/\\\/postojnsko.si\\\/it\\\/cosa-fare\\\/attivita\\\/escursionismo\\\/percorsi-a-piedi\\\/pista-ricreativa-sovic\\\/#breadcrumb\"},\"inLanguage\":\"it-IT\",\"potentialAction\":[{\"@type\":\"ReadAction\",\"target\":[\"https:\\\/\\\/postojnsko.si\\\/it\\\/cosa-fare\\\/attivita\\\/escursionismo\\\/percorsi-a-piedi\\\/pista-ricreativa-sovic\\\/\"]}]},{\"@type\":\"ImageObject\",\"inLanguage\":\"it-IT\",\"@id\":\"https:\\\/\\\/postojnsko.si\\\/it\\\/cosa-fare\\\/attivita\\\/escursionismo\\\/percorsi-a-piedi\\\/pista-ricreativa-sovic\\\/#primaryimage\",\"url\":\"https:\\\/\\\/postojnsko.si\\\/travel\\\/wp-content\\\/uploads\\\/2023\\\/01\\\/sovic-rekreacijska-pot-visit-postojna-foto-tomaz-penko-5-scaled.jpg\",\"contentUrl\":\"https:\\\/\\\/postojnsko.si\\\/travel\\\/wp-content\\\/uploads\\\/2023\\\/01\\\/sovic-rekreacijska-pot-visit-postojna-foto-tomaz-penko-5-scaled.jpg\",\"width\":2560,\"height\":1707,\"caption\":\"rekreacijska pot Sovi\u010d \\\/ Pista ricreativa Sovi\u010d\"},{\"@type\":\"BreadcrumbList\",\"@id\":\"https:\\\/\\\/postojnsko.si\\\/it\\\/cosa-fare\\\/attivita\\\/escursionismo\\\/percorsi-a-piedi\\\/pista-ricreativa-sovic\\\/#breadcrumb\",\"itemListElement\":[{\"@type\":\"ListItem\",\"position\":1,\"name\":\"Home\",\"item\":\"https:\\\/\\\/postojnsko.si\\\/it\\\/?doing_wp_cron=1766478648.6568050384521484375000\"},{\"@type\":\"ListItem\",\"position\":2,\"name\":\"Cosa fare\",\"item\":\"https:\\\/\\\/postojnsko.si\\\/it\\\/kaj-poceti\\\/?doing_wp_cron=1766478648.6568050384521484375000\"},{\"@type\":\"ListItem\",\"position\":3,\"name\":\"Attivit\u00e0\",\"item\":\"https:\\\/\\\/postojnsko.si\\\/it\\\/kaj-poceti\\\/aktivnosti\\\/?doing_wp_cron=1766481348.7482950687408447265625\"},{\"@type\":\"ListItem\",\"position\":4,\"name\":\"Escursionismo\",\"item\":\"https:\\\/\\\/postojnsko.si\\\/it\\\/kaj-poceti\\\/aktivnosti\\\/pohodnistvo\\\/?doing_wp_cron=1766481348.7482950687408447265625\"},{\"@type\":\"ListItem\",\"position\":5,\"name\":\"Percorsi a piedi\",\"item\":\"https:\\\/\\\/postojnsko.si\\\/it\\\/kaj-poceti\\\/aktivnosti\\\/pohodnistvo\\\/sprehajalne-poti\\\/?doing_wp_cron=1766488544.7781209945678710937500\"},{\"@type\":\"ListItem\",\"position\":6,\"name\":\"Pista ricreativa Sovi\u010d\"}]},{\"@type\":\"WebSite\",\"@id\":\"https:\\\/\\\/postojnsko.si\\\/it\\\/#website\",\"url\":\"https:\\\/\\\/postojnsko.si\\\/it\\\/\",\"name\":\"Visit Postojna\",\"description\":\"To je nov svet. To je paradi\u017e!\",\"publisher\":{\"@id\":\"https:\\\/\\\/postojnsko.si\\\/it\\\/#organization\"},\"potentialAction\":[{\"@type\":\"SearchAction\",\"target\":{\"@type\":\"EntryPoint\",\"urlTemplate\":\"https:\\\/\\\/postojnsko.si\\\/it\\\/?s={search_term_string}\"},\"query-input\":{\"@type\":\"PropertyValueSpecification\",\"valueRequired\":true,\"valueName\":\"search_term_string\"}}],\"inLanguage\":\"it-IT\"},{\"@type\":\"Organization\",\"@id\":\"https:\\\/\\\/postojnsko.si\\\/it\\\/#organization\",\"name\":\"Visit Postojna\",\"url\":\"https:\\\/\\\/postojnsko.si\\\/it\\\/\",\"logo\":{\"@type\":\"ImageObject\",\"inLanguage\":\"it-IT\",\"@id\":\"https:\\\/\\\/postojnsko.si\\\/it\\\/#\\\/schema\\\/logo\\\/image\\\/\",\"url\":\"https:\\\/\\\/postojnsko.si\\\/wp-content\\\/uploads\\\/2023\\\/06\\\/visit-postojna-logo.png\",\"contentUrl\":\"https:\\\/\\\/postojnsko.si\\\/wp-content\\\/uploads\\\/2023\\\/06\\\/visit-postojna-logo.png\",\"width\":1042,\"height\":1042,\"caption\":\"Visit Postojna\"},\"image\":{\"@id\":\"https:\\\/\\\/postojnsko.si\\\/it\\\/#\\\/schema\\\/logo\\\/image\\\/\"},\"sameAs\":[\"https:\\\/\\\/www.facebook.com\\\/VisitPostojna\",\"https:\\\/\\\/www.instagram.com\\\/visit_postojna\"]}]}<\/script>\n<!-- \/ Yoast SEO plugin. -->","yoast_head_json":{"title":"Pista ricreativa Sovi\u010d - Visit Postojna","robots":{"index":"index","follow":"follow","max-snippet":"max-snippet:-1","max-image-preview":"max-image-preview:large","max-video-preview":"max-video-preview:-1"},"canonical":"https:\/\/postojnsko.si\/it\/cosa-fare\/attivita\/escursionismo\/percorsi-a-piedi\/pista-ricreativa-sovic\/","og_locale":"it_IT","og_type":"article","og_title":"Pista ricreativa Sovi\u010d - Visit Postojna","og_description":"La pista ricreativa Sovi\u010d si trova sulla collina omonima nella citt\u00e0 di Postumia. \u00c8 un percorso ricreativo circolare che pu\u00f2 essere percorso in bicicletta o a piedi che porta dal Centro informazioni turistiche TIC Galerija, attraverso \u010cukovica e l\u2019impegnativa Poljane, fino a Veliki Otok. Nella prima parte il percorso segue un sentiero in macadam e...","og_url":"https:\/\/postojnsko.si\/it\/cosa-fare\/attivita\/escursionismo\/percorsi-a-piedi\/pista-ricreativa-sovic\/","og_site_name":"Visit Postojna","article_publisher":"https:\/\/www.facebook.com\/VisitPostojna","article_modified_time":"2023-07-11T06:48:05+00:00","og_image":[{"width":2560,"height":1707,"url":"https:\/\/postojnsko.si\/travel\/wp-content\/uploads\/2023\/01\/sovic-rekreacijska-pot-visit-postojna-foto-tomaz-penko-5-scaled.jpg","type":"image\/jpeg"}],"twitter_card":"summary_large_image","twitter_misc":{"Tempo di lettura stimato":"1 minuto"},"schema":{"@context":"https:\/\/schema.org","@graph":[{"@type":"WebPage","@id":"https:\/\/postojnsko.si\/it\/cosa-fare\/attivita\/escursionismo\/percorsi-a-piedi\/pista-ricreativa-sovic\/","url":"https:\/\/postojnsko.si\/it\/cosa-fare\/attivita\/escursionismo\/percorsi-a-piedi\/pista-ricreativa-sovic\/","name":"Pista ricreativa Sovi\u010d - Visit Postojna","isPartOf":{"@id":"https:\/\/postojnsko.si\/it\/#website"},"primaryImageOfPage":{"@id":"https:\/\/postojnsko.si\/it\/cosa-fare\/attivita\/escursionismo\/percorsi-a-piedi\/pista-ricreativa-sovic\/#primaryimage"},"image":{"@id":"https:\/\/postojnsko.si\/it\/cosa-fare\/attivita\/escursionismo\/percorsi-a-piedi\/pista-ricreativa-sovic\/#primaryimage"},"thumbnailUrl":"https:\/\/postojnsko.si\/travel\/wp-content\/uploads\/2023\/01\/sovic-rekreacijska-pot-visit-postojna-foto-tomaz-penko-5-scaled.jpg","datePublished":"2023-01-26T14:14:32+00:00","dateModified":"2023-07-11T06:48:05+00:00","breadcrumb":{"@id":"https:\/\/postojnsko.si\/it\/cosa-fare\/attivita\/escursionismo\/percorsi-a-piedi\/pista-ricreativa-sovic\/#breadcrumb"},"inLanguage":"it-IT","potentialAction":[{"@type":"ReadAction","target":["https:\/\/postojnsko.si\/it\/cosa-fare\/attivita\/escursionismo\/percorsi-a-piedi\/pista-ricreativa-sovic\/"]}]},{"@type":"ImageObject","inLanguage":"it-IT","@id":"https:\/\/postojnsko.si\/it\/cosa-fare\/attivita\/escursionismo\/percorsi-a-piedi\/pista-ricreativa-sovic\/#primaryimage","url":"https:\/\/postojnsko.si\/travel\/wp-content\/uploads\/2023\/01\/sovic-rekreacijska-pot-visit-postojna-foto-tomaz-penko-5-scaled.jpg","contentUrl":"https:\/\/postojnsko.si\/travel\/wp-content\/uploads\/2023\/01\/sovic-rekreacijska-pot-visit-postojna-foto-tomaz-penko-5-scaled.jpg","width":2560,"height":1707,"caption":"rekreacijska pot Sovi\u010d \/ Pista ricreativa Sovi\u010d"},{"@type":"BreadcrumbList","@id":"https:\/\/postojnsko.si\/it\/cosa-fare\/attivita\/escursionismo\/percorsi-a-piedi\/pista-ricreativa-sovic\/#breadcrumb","itemListElement":[{"@type":"ListItem","position":1,"name":"Home","item":"https:\/\/postojnsko.si\/it\/?doing_wp_cron=1766478648.6568050384521484375000"},{"@type":"ListItem","position":2,"name":"Cosa fare","item":"https:\/\/postojnsko.si\/it\/kaj-poceti\/?doing_wp_cron=1766478648.6568050384521484375000"},{"@type":"ListItem","position":3,"name":"Attivit\u00e0","item":"https:\/\/postojnsko.si\/it\/kaj-poceti\/aktivnosti\/?doing_wp_cron=1766481348.7482950687408447265625"},{"@type":"ListItem","position":4,"name":"Escursionismo","item":"https:\/\/postojnsko.si\/it\/kaj-poceti\/aktivnosti\/pohodnistvo\/?doing_wp_cron=1766481348.7482950687408447265625"},{"@type":"ListItem","position":5,"name":"Percorsi a piedi","item":"https:\/\/postojnsko.si\/it\/kaj-poceti\/aktivnosti\/pohodnistvo\/sprehajalne-poti\/?doing_wp_cron=1766488544.7781209945678710937500"},{"@type":"ListItem","position":6,"name":"Pista ricreativa Sovi\u010d"}]},{"@type":"WebSite","@id":"https:\/\/postojnsko.si\/it\/#website","url":"https:\/\/postojnsko.si\/it\/","name":"Visit Postojna","description":"To je nov svet. To je paradi\u017e!","publisher":{"@id":"https:\/\/postojnsko.si\/it\/#organization"},"potentialAction":[{"@type":"SearchAction","target":{"@type":"EntryPoint","urlTemplate":"https:\/\/postojnsko.si\/it\/?s={search_term_string}"},"query-input":{"@type":"PropertyValueSpecification","valueRequired":true,"valueName":"search_term_string"}}],"inLanguage":"it-IT"},{"@type":"Organization","@id":"https:\/\/postojnsko.si\/it\/#organization","name":"Visit Postojna","url":"https:\/\/postojnsko.si\/it\/","logo":{"@type":"ImageObject","inLanguage":"it-IT","@id":"https:\/\/postojnsko.si\/it\/#\/schema\/logo\/image\/","url":"https:\/\/postojnsko.si\/wp-content\/uploads\/2023\/06\/visit-postojna-logo.png","contentUrl":"https:\/\/postojnsko.si\/wp-content\/uploads\/2023\/06\/visit-postojna-logo.png","width":1042,"height":1042,"caption":"Visit Postojna"},"image":{"@id":"https:\/\/postojnsko.si\/it\/#\/schema\/logo\/image\/"},"sameAs":["https:\/\/www.facebook.com\/VisitPostojna","https:\/\/www.instagram.com\/visit_postojna"]}]}},"_links":{"self":[{"href":"https:\/\/postojnsko.si\/it\/wp-json\/wp\/v2\/pages\/6203","targetHints":{"allow":["GET"]}}],"collection":[{"href":"https:\/\/postojnsko.si\/it\/wp-json\/wp\/v2\/pages"}],"about":[{"href":"https:\/\/postojnsko.si\/it\/wp-json\/wp\/v2\/types\/page"}],"author":[{"embeddable":true,"href":"https:\/\/postojnsko.si\/it\/wp-json\/wp\/v2\/users\/2"}],"replies":[{"embeddable":true,"href":"https:\/\/postojnsko.si\/it\/wp-json\/wp\/v2\/comments?post=6203"}],"version-history":[{"count":2,"href":"https:\/\/postojnsko.si\/it\/wp-json\/wp\/v2\/pages\/6203\/revisions"}],"predecessor-version":[{"id":6734,"href":"https:\/\/postojnsko.si\/it\/wp-json\/wp\/v2\/pages\/6203\/revisions\/6734"}],"up":[{"embeddable":true,"href":"https:\/\/postojnsko.si\/it\/wp-json\/wp\/v2\/pages\/6006"}],"wp:featuredmedia":[{"embeddable":true,"href":"https:\/\/postojnsko.si\/it\/wp-json\/wp\/v2\/media\/4710"}],"wp:attachment":[{"href":"https:\/\/postojnsko.si\/it\/wp-json\/wp\/v2\/media?parent=6203"}],"curies":[{"name":"wp","href":"https:\/\/api.w.org\/{rel}","templated":true}]}}