{"id":6178,"date":"2022-12-28T13:23:04","date_gmt":"2022-12-28T12:23:04","guid":{"rendered":"https:\/\/postojnsko.si\/cosa-fare\/cultura\/muzeji-in-razstave\/brivnica-ozbic\/"},"modified":"2023-07-10T21:27:53","modified_gmt":"2023-07-10T19:27:53","slug":"salone-ozbic","status":"publish","type":"page","link":"https:\/\/postojnsko.si\/it\/cosa-fare\/cultura\/musei-e-mostre\/salone-ozbic\/","title":{"rendered":"Salone Ozbi\u010d"},"content":{"rendered":"<p>Il leggendario salone di barbiere con la barba pi\u00f9 lunga di Postumia ha ripreso vita con attrezzature originali e una nuova storia. I locali della leggendaria casa rosa sull&#8217;angolo combinano il concetto di tradizione secolare e leggende della famiglia Ozbi\u010d con le moderne tecniche della professione di barbiere e acconciatore.<\/p>\n<p>La vita di <strong>Janko Ozbi\u010d<\/strong> ha ruotato intorno alle poltrone da barbiere e alle tecniche di acconciatura per pi\u00f9 di settant&#8217;anni. Aveva l\u2019arte in mano fin dalla culla e della bottega di barbiere con la quale si mantenevano si ricorda fin dall&#8217;infanzia. A 13 anni prese in mano le forbici e inizi\u00f2 a lavorare. Ha rasato e acconciato ininterrottamente, fino all&#8217;et\u00e0 di 89 anni, quando ha dovuto abbandonare l&#8217;attivit\u00e0 a causa della mutata normativa su questo tipo di lavoro.<\/p>\n<blockquote>\n<p>Oggi potete sedervi sulle sedie di Ozbi\u010d e lasciarvi coccolare dal maestro barbiere Luka Nebec e dal suo team, oppure visitare, nella parte posteriore del salone, una mostra sull\u2019arte dei barbieri e parrucchieri e sulla famiglia Ozbi\u010d.<\/p>\n<\/blockquote>\n","protected":false},"excerpt":{"rendered":"<p>Il leggendario salone di barbiere con la barba pi\u00f9 lunga di Postumia ha ripreso vita con attrezzature originali e una nuova storia. I locali della leggendaria casa rosa sull&#8217;angolo combinano il concetto di tradizione secolare e leggende della famiglia Ozbi\u010d con le moderne tecniche della professione di barbiere e acconciatore. La vita di Janko Ozbi\u010d&#8230;<\/p>\n","protected":false},"author":2,"featured_media":4738,"parent":5934,"menu_order":99,"comment_status":"closed","ping_status":"closed","template":"page-templates\/interesna-tocka.php","meta":{"footnotes":""},"class_list":{"0":"post-6178","1":"type-page","3":"status-publish","4":"has-post-thumbnail","5":"hentry","6":"article-odd"},"yoast_head":"<!-- This site is optimized with the Yoast SEO plugin v27.1.1 - https:\/\/yoast.com\/product\/yoast-seo-wordpress\/ -->\n<title>Salone Ozbi\u010d - Visit Postojna<\/title>\n<meta name=\"robots\" content=\"index, follow, max-snippet:-1, max-image-preview:large, max-video-preview:-1\" \/>\n<link rel=\"canonical\" href=\"https:\/\/postojnsko.si\/it\/cosa-fare\/cultura\/musei-e-mostre\/salone-ozbic\/\" \/>\n<meta property=\"og:locale\" content=\"it_IT\" \/>\n<meta property=\"og:type\" content=\"article\" \/>\n<meta property=\"og:title\" content=\"Salone Ozbi\u010d - Visit Postojna\" \/>\n<meta property=\"og:description\" content=\"Il leggendario salone di barbiere con la barba pi\u00f9 lunga di Postumia ha ripreso vita con attrezzature originali e una nuova storia. I locali della leggendaria casa rosa sull&#8217;angolo combinano il concetto di tradizione secolare e leggende della famiglia Ozbi\u010d con le moderne tecniche della professione di barbiere e acconciatore. La vita di Janko Ozbi\u010d...\" \/>\n<meta property=\"og:url\" content=\"https:\/\/postojnsko.si\/it\/cosa-fare\/cultura\/musei-e-mostre\/salone-ozbic\/\" \/>\n<meta property=\"og:site_name\" content=\"Visit Postojna\" \/>\n<meta property=\"article:publisher\" content=\"https:\/\/www.facebook.com\/VisitPostojna\" \/>\n<meta property=\"article:modified_time\" content=\"2023-07-10T19:27:53+00:00\" \/>\n<meta property=\"og:image\" content=\"https:\/\/postojnsko.si\/travel\/wp-content\/uploads\/2023\/02\/prenovljena-brivnica-ozbic-14-7-2021-valter-leban-1655-scaled.jpg\" \/>\n\t<meta property=\"og:image:width\" content=\"2560\" \/>\n\t<meta property=\"og:image:height\" content=\"1706\" \/>\n\t<meta property=\"og:image:type\" content=\"image\/jpeg\" \/>\n<meta name=\"twitter:card\" content=\"summary_large_image\" \/>\n<meta name=\"twitter:label1\" content=\"Tempo di lettura stimato\" \/>\n\t<meta name=\"twitter:data1\" content=\"1 minuto\" \/>\n<script type=\"application\/ld+json\" class=\"yoast-schema-graph\">{\"@context\":\"https:\/\/schema.org\",\"@graph\":[{\"@type\":\"WebPage\",\"@id\":\"https:\/\/postojnsko.si\/it\/cosa-fare\/cultura\/musei-e-mostre\/salone-ozbic\/\",\"url\":\"https:\/\/postojnsko.si\/it\/cosa-fare\/cultura\/musei-e-mostre\/salone-ozbic\/\",\"name\":\"Salone Ozbi\u010d - Visit Postojna\",\"isPartOf\":{\"@id\":\"https:\/\/postojnsko.si\/it\/#website\"},\"primaryImageOfPage\":{\"@id\":\"https:\/\/postojnsko.si\/it\/cosa-fare\/cultura\/musei-e-mostre\/salone-ozbic\/#primaryimage\"},\"image\":{\"@id\":\"https:\/\/postojnsko.si\/it\/cosa-fare\/cultura\/musei-e-mostre\/salone-ozbic\/#primaryimage\"},\"thumbnailUrl\":\"https:\/\/postojnsko.si\/travel\/wp-content\/uploads\/2023\/02\/prenovljena-brivnica-ozbic-14-7-2021-valter-leban-1655-scaled.jpg\",\"datePublished\":\"2022-12-28T12:23:04+00:00\",\"dateModified\":\"2023-07-10T19:27:53+00:00\",\"breadcrumb\":{\"@id\":\"https:\/\/postojnsko.si\/it\/cosa-fare\/cultura\/musei-e-mostre\/salone-ozbic\/#breadcrumb\"},\"inLanguage\":\"it-IT\",\"potentialAction\":[{\"@type\":\"ReadAction\",\"target\":[\"https:\/\/postojnsko.si\/it\/cosa-fare\/cultura\/musei-e-mostre\/salone-ozbic\/\"]}]},{\"@type\":\"ImageObject\",\"inLanguage\":\"it-IT\",\"@id\":\"https:\/\/postojnsko.si\/it\/cosa-fare\/cultura\/musei-e-mostre\/salone-ozbic\/#primaryimage\",\"url\":\"https:\/\/postojnsko.si\/travel\/wp-content\/uploads\/2023\/02\/prenovljena-brivnica-ozbic-14-7-2021-valter-leban-1655-scaled.jpg\",\"contentUrl\":\"https:\/\/postojnsko.si\/travel\/wp-content\/uploads\/2023\/02\/prenovljena-brivnica-ozbic-14-7-2021-valter-leban-1655-scaled.jpg\",\"width\":2560,\"height\":1706,\"caption\":\"Brivnica Ozbi\u010d \/ Salone Ozbi\u010d\"},{\"@type\":\"BreadcrumbList\",\"@id\":\"https:\/\/postojnsko.si\/it\/cosa-fare\/cultura\/musei-e-mostre\/salone-ozbic\/#breadcrumb\",\"itemListElement\":[{\"@type\":\"ListItem\",\"position\":1,\"name\":\"Home\",\"item\":\"https:\/\/postojnsko.si\/it\/?doing_wp_cron=1766478648.6568050384521484375000\"},{\"@type\":\"ListItem\",\"position\":2,\"name\":\"Cosa fare\",\"item\":\"https:\/\/postojnsko.si\/it\/kaj-poceti\/?doing_wp_cron=1766478648.6568050384521484375000\"},{\"@type\":\"ListItem\",\"position\":3,\"name\":\"Cultura\",\"item\":\"https:\/\/postojnsko.si\/it\/kaj-poceti\/kultura\/?doing_wp_cron=1766478648.6568050384521484375000\"},{\"@type\":\"ListItem\",\"position\":4,\"name\":\"Musei e mostre\",\"item\":\"https:\/\/postojnsko.si\/it\/kaj-poceti\/kultura\/muzeji-in-razstave\/?doing_wp_cron=1766478648.6568050384521484375000\"},{\"@type\":\"ListItem\",\"position\":5,\"name\":\"Salone Ozbi\u010d\"}]},{\"@type\":\"WebSite\",\"@id\":\"https:\/\/postojnsko.si\/it\/#website\",\"url\":\"https:\/\/postojnsko.si\/it\/\",\"name\":\"Visit Postojna\",\"description\":\"To je nov svet. To je paradi\u017e!\",\"publisher\":{\"@id\":\"https:\/\/postojnsko.si\/it\/#organization\"},\"potentialAction\":[{\"@type\":\"SearchAction\",\"target\":{\"@type\":\"EntryPoint\",\"urlTemplate\":\"https:\/\/postojnsko.si\/it\/?s={search_term_string}\"},\"query-input\":{\"@type\":\"PropertyValueSpecification\",\"valueRequired\":true,\"valueName\":\"search_term_string\"}}],\"inLanguage\":\"it-IT\"},{\"@type\":\"Organization\",\"@id\":\"https:\/\/postojnsko.si\/it\/#organization\",\"name\":\"Visit Postojna\",\"url\":\"https:\/\/postojnsko.si\/it\/\",\"logo\":{\"@type\":\"ImageObject\",\"inLanguage\":\"it-IT\",\"@id\":\"https:\/\/postojnsko.si\/it\/#\/schema\/logo\/image\/\",\"url\":\"https:\/\/postojnsko.si\/wp-content\/uploads\/2023\/06\/visit-postojna-logo.png\",\"contentUrl\":\"https:\/\/postojnsko.si\/wp-content\/uploads\/2023\/06\/visit-postojna-logo.png\",\"width\":1042,\"height\":1042,\"caption\":\"Visit Postojna\"},\"image\":{\"@id\":\"https:\/\/postojnsko.si\/it\/#\/schema\/logo\/image\/\"},\"sameAs\":[\"https:\/\/www.facebook.com\/VisitPostojna\",\"https:\/\/www.instagram.com\/visit_postojna\"]}]}<\/script>\n<!-- \/ Yoast SEO plugin. -->","yoast_head_json":{"title":"Salone Ozbi\u010d - Visit Postojna","robots":{"index":"index","follow":"follow","max-snippet":"max-snippet:-1","max-image-preview":"max-image-preview:large","max-video-preview":"max-video-preview:-1"},"canonical":"https:\/\/postojnsko.si\/it\/cosa-fare\/cultura\/musei-e-mostre\/salone-ozbic\/","og_locale":"it_IT","og_type":"article","og_title":"Salone Ozbi\u010d - Visit Postojna","og_description":"Il leggendario salone di barbiere con la barba pi\u00f9 lunga di Postumia ha ripreso vita con attrezzature originali e una nuova storia. I locali della leggendaria casa rosa sull&#8217;angolo combinano il concetto di tradizione secolare e leggende della famiglia Ozbi\u010d con le moderne tecniche della professione di barbiere e acconciatore. La vita di Janko Ozbi\u010d...","og_url":"https:\/\/postojnsko.si\/it\/cosa-fare\/cultura\/musei-e-mostre\/salone-ozbic\/","og_site_name":"Visit Postojna","article_publisher":"https:\/\/www.facebook.com\/VisitPostojna","article_modified_time":"2023-07-10T19:27:53+00:00","og_image":[{"width":2560,"height":1706,"url":"https:\/\/postojnsko.si\/travel\/wp-content\/uploads\/2023\/02\/prenovljena-brivnica-ozbic-14-7-2021-valter-leban-1655-scaled.jpg","type":"image\/jpeg"}],"twitter_card":"summary_large_image","twitter_misc":{"Tempo di lettura stimato":"1 minuto"},"schema":{"@context":"https:\/\/schema.org","@graph":[{"@type":"WebPage","@id":"https:\/\/postojnsko.si\/it\/cosa-fare\/cultura\/musei-e-mostre\/salone-ozbic\/","url":"https:\/\/postojnsko.si\/it\/cosa-fare\/cultura\/musei-e-mostre\/salone-ozbic\/","name":"Salone Ozbi\u010d - Visit Postojna","isPartOf":{"@id":"https:\/\/postojnsko.si\/it\/#website"},"primaryImageOfPage":{"@id":"https:\/\/postojnsko.si\/it\/cosa-fare\/cultura\/musei-e-mostre\/salone-ozbic\/#primaryimage"},"image":{"@id":"https:\/\/postojnsko.si\/it\/cosa-fare\/cultura\/musei-e-mostre\/salone-ozbic\/#primaryimage"},"thumbnailUrl":"https:\/\/postojnsko.si\/travel\/wp-content\/uploads\/2023\/02\/prenovljena-brivnica-ozbic-14-7-2021-valter-leban-1655-scaled.jpg","datePublished":"2022-12-28T12:23:04+00:00","dateModified":"2023-07-10T19:27:53+00:00","breadcrumb":{"@id":"https:\/\/postojnsko.si\/it\/cosa-fare\/cultura\/musei-e-mostre\/salone-ozbic\/#breadcrumb"},"inLanguage":"it-IT","potentialAction":[{"@type":"ReadAction","target":["https:\/\/postojnsko.si\/it\/cosa-fare\/cultura\/musei-e-mostre\/salone-ozbic\/"]}]},{"@type":"ImageObject","inLanguage":"it-IT","@id":"https:\/\/postojnsko.si\/it\/cosa-fare\/cultura\/musei-e-mostre\/salone-ozbic\/#primaryimage","url":"https:\/\/postojnsko.si\/travel\/wp-content\/uploads\/2023\/02\/prenovljena-brivnica-ozbic-14-7-2021-valter-leban-1655-scaled.jpg","contentUrl":"https:\/\/postojnsko.si\/travel\/wp-content\/uploads\/2023\/02\/prenovljena-brivnica-ozbic-14-7-2021-valter-leban-1655-scaled.jpg","width":2560,"height":1706,"caption":"Brivnica Ozbi\u010d \/ Salone Ozbi\u010d"},{"@type":"BreadcrumbList","@id":"https:\/\/postojnsko.si\/it\/cosa-fare\/cultura\/musei-e-mostre\/salone-ozbic\/#breadcrumb","itemListElement":[{"@type":"ListItem","position":1,"name":"Home","item":"https:\/\/postojnsko.si\/it\/?doing_wp_cron=1766478648.6568050384521484375000"},{"@type":"ListItem","position":2,"name":"Cosa fare","item":"https:\/\/postojnsko.si\/it\/kaj-poceti\/?doing_wp_cron=1766478648.6568050384521484375000"},{"@type":"ListItem","position":3,"name":"Cultura","item":"https:\/\/postojnsko.si\/it\/kaj-poceti\/kultura\/?doing_wp_cron=1766478648.6568050384521484375000"},{"@type":"ListItem","position":4,"name":"Musei e mostre","item":"https:\/\/postojnsko.si\/it\/kaj-poceti\/kultura\/muzeji-in-razstave\/?doing_wp_cron=1766478648.6568050384521484375000"},{"@type":"ListItem","position":5,"name":"Salone Ozbi\u010d"}]},{"@type":"WebSite","@id":"https:\/\/postojnsko.si\/it\/#website","url":"https:\/\/postojnsko.si\/it\/","name":"Visit Postojna","description":"To je nov svet. To je paradi\u017e!","publisher":{"@id":"https:\/\/postojnsko.si\/it\/#organization"},"potentialAction":[{"@type":"SearchAction","target":{"@type":"EntryPoint","urlTemplate":"https:\/\/postojnsko.si\/it\/?s={search_term_string}"},"query-input":{"@type":"PropertyValueSpecification","valueRequired":true,"valueName":"search_term_string"}}],"inLanguage":"it-IT"},{"@type":"Organization","@id":"https:\/\/postojnsko.si\/it\/#organization","name":"Visit Postojna","url":"https:\/\/postojnsko.si\/it\/","logo":{"@type":"ImageObject","inLanguage":"it-IT","@id":"https:\/\/postojnsko.si\/it\/#\/schema\/logo\/image\/","url":"https:\/\/postojnsko.si\/wp-content\/uploads\/2023\/06\/visit-postojna-logo.png","contentUrl":"https:\/\/postojnsko.si\/wp-content\/uploads\/2023\/06\/visit-postojna-logo.png","width":1042,"height":1042,"caption":"Visit Postojna"},"image":{"@id":"https:\/\/postojnsko.si\/it\/#\/schema\/logo\/image\/"},"sameAs":["https:\/\/www.facebook.com\/VisitPostojna","https:\/\/www.instagram.com\/visit_postojna"]}]}},"_links":{"self":[{"href":"https:\/\/postojnsko.si\/it\/wp-json\/wp\/v2\/pages\/6178","targetHints":{"allow":["GET"]}}],"collection":[{"href":"https:\/\/postojnsko.si\/it\/wp-json\/wp\/v2\/pages"}],"about":[{"href":"https:\/\/postojnsko.si\/it\/wp-json\/wp\/v2\/types\/page"}],"author":[{"embeddable":true,"href":"https:\/\/postojnsko.si\/it\/wp-json\/wp\/v2\/users\/2"}],"replies":[{"embeddable":true,"href":"https:\/\/postojnsko.si\/it\/wp-json\/wp\/v2\/comments?post=6178"}],"version-history":[{"count":2,"href":"https:\/\/postojnsko.si\/it\/wp-json\/wp\/v2\/pages\/6178\/revisions"}],"predecessor-version":[{"id":6183,"href":"https:\/\/postojnsko.si\/it\/wp-json\/wp\/v2\/pages\/6178\/revisions\/6183"}],"up":[{"embeddable":true,"href":"https:\/\/postojnsko.si\/it\/wp-json\/wp\/v2\/pages\/5934"}],"wp:featuredmedia":[{"embeddable":true,"href":"https:\/\/postojnsko.si\/it\/wp-json\/wp\/v2\/media\/4738"}],"wp:attachment":[{"href":"https:\/\/postojnsko.si\/it\/wp-json\/wp\/v2\/media?parent=6178"}],"curies":[{"name":"wp","href":"https:\/\/api.w.org\/{rel}","templated":true}]}}