{"id":6166,"date":"2022-12-28T13:18:52","date_gmt":"2022-12-28T12:18:52","guid":{"rendered":"https:\/\/postojnsko.si\/cosa-fare\/attivita\/escursionismo\/vodeni-pohodi\/na-nanos\/"},"modified":"2023-07-09T22:57:29","modified_gmt":"2023-07-09T20:57:29","slug":"escursione-sul-nanos","status":"publish","type":"page","link":"https:\/\/postojnsko.si\/it\/cosa-fare\/attivita\/escursionismo\/vodeni-pohodi\/escursione-sul-nanos\/","title":{"rendered":"Escursione sul Nanos"},"content":{"rendered":"<p>Il Nanos \u00e8 un alto altopiano carsico che si erge ripido sopra il Bacino di Postumia e la valle del Vipacco. Conta diversi picchi, ma il pi\u00f9 popolare \u00e8 il punto panoramico accanto al trasmettitore TV e al Rifugio di Vojko. Abbiamo scelto la salita lungo un percorso pi\u00f9 ripido e impegnativo, e la discesa, relativamente facile, passando davanti alla bella chiesa di S. Geronimo, con una vista semplicemente meravigliosa.<\/p>\n<p>La guida viene a prendervi davanti al vostro alloggio o alla posizione desiderata e vi conduce a Razdrto, dove si trova il punto di partenza per il Nanos. Si attraversa l&#8217;autostrada vicino al parcheggio, dove si vedono i primi segnali per raggiungere la montagna. Si gira a sinistra e semplicemente si seguono i cartelli, ossia le indicazioni per il Rifugio di Vojko (1.240 m). All&#8217;inizio si attraversa un prato e presto si raggiunge un bivio segnalato dove il sentiero si divide in &#8220;ripido&#8221; e &#8220;pianeggiante&#8221;. Si prosegue lungo il sentiero ripido (verso destra), che dapprima sale dolcemente attraverso un boschetto ombroso, ma pi\u00f9 in alto la pendenza aumenta e iniziano i passaggi assicurati da cavi d&#8217;acciaio. Occorre prudenza (soprattutto sul bagnato), e spesso anche il vento porter\u00e0 del freddo, pertanto occorre essere adeguatamente attrezzati.<\/p>\n<p>La vista diventa pi\u00f9 bella ad ogni passo, e dopo la cima spoglia si raggiunge il trasmettitore, dietro il quale si nasconde il Rifugio di Vojko in un boschetto. Dal trasmettitore si prosegue lungo il sentiero pianeggiante che costeggia il crinale erboso in direzione della Valle del Vipacco (nord-ovest). Proprio di fronte alla chiesa di S. Geronimo un cartello indica il sentiero che attraversa il pendio in direzione di Razdrto. In breve si raggiunge un piacevole bosco e si ritorna al punto di partenza lungo un sentiero tecnicamente facile. <\/p>\n","protected":false},"excerpt":{"rendered":"<p>Il Nanos \u00e8 un alto altopiano carsico che si erge ripido sopra il Bacino di Postumia e la valle del Vipacco. Conta diversi picchi, ma il pi\u00f9 popolare \u00e8 il punto panoramico accanto al trasmettitore TV e al Rifugio di Vojko. Abbiamo scelto la salita lungo un percorso pi\u00f9 ripido e impegnativo, e la discesa,&#8230;<\/p>\n","protected":false},"author":2,"featured_media":4709,"parent":6010,"menu_order":109,"comment_status":"closed","ping_status":"closed","template":"page-templates\/interesna-tocka.php","meta":{"footnotes":""},"class_list":{"0":"post-6166","1":"type-page","3":"status-publish","4":"has-post-thumbnail","5":"hentry","6":"article-odd"},"yoast_head":"<!-- This site is optimized with the Yoast SEO plugin v27.4 - https:\/\/yoast.com\/product\/yoast-seo-wordpress\/ -->\n<title>Escursione sul Nanos - Visit Postojna<\/title>\n<meta name=\"robots\" content=\"index, follow, max-snippet:-1, max-image-preview:large, max-video-preview:-1\" \/>\n<link rel=\"canonical\" href=\"https:\/\/postojnsko.si\/it\/cosa-fare\/attivita\/escursionismo\/vodeni-pohodi\/escursione-sul-nanos\/\" \/>\n<meta property=\"og:locale\" content=\"it_IT\" \/>\n<meta property=\"og:type\" content=\"article\" \/>\n<meta property=\"og:title\" content=\"Escursione sul Nanos - Visit Postojna\" \/>\n<meta property=\"og:description\" content=\"Il Nanos \u00e8 un alto altopiano carsico che si erge ripido sopra il Bacino di Postumia e la valle del Vipacco. Conta diversi picchi, ma il pi\u00f9 popolare \u00e8 il punto panoramico accanto al trasmettitore TV e al Rifugio di Vojko. Abbiamo scelto la salita lungo un percorso pi\u00f9 ripido e impegnativo, e la discesa,...\" \/>\n<meta property=\"og:url\" content=\"https:\/\/postojnsko.si\/it\/cosa-fare\/attivita\/escursionismo\/vodeni-pohodi\/escursione-sul-nanos\/\" \/>\n<meta property=\"og:site_name\" content=\"Visit Postojna\" \/>\n<meta property=\"article:publisher\" content=\"https:\/\/www.facebook.com\/VisitPostojna\" \/>\n<meta property=\"article:modified_time\" content=\"2023-07-09T20:57:29+00:00\" \/>\n<meta property=\"og:image\" content=\"https:\/\/postojnsko.si\/travel\/wp-content\/uploads\/2023\/01\/nanos-visit-postojna-foto-ales-petric-4-scaled.jpg\" \/>\n\t<meta property=\"og:image:width\" content=\"2560\" \/>\n\t<meta property=\"og:image:height\" content=\"1707\" \/>\n\t<meta property=\"og:image:type\" content=\"image\/jpeg\" \/>\n<meta name=\"twitter:card\" content=\"summary_large_image\" \/>\n<meta name=\"twitter:label1\" content=\"Tempo di lettura stimato\" \/>\n\t<meta name=\"twitter:data1\" content=\"2 minuti\" \/>\n<script type=\"application\/ld+json\" class=\"yoast-schema-graph\">{\"@context\":\"https:\\\/\\\/schema.org\",\"@graph\":[{\"@type\":\"WebPage\",\"@id\":\"https:\\\/\\\/postojnsko.si\\\/it\\\/cosa-fare\\\/attivita\\\/escursionismo\\\/vodeni-pohodi\\\/escursione-sul-nanos\\\/\",\"url\":\"https:\\\/\\\/postojnsko.si\\\/it\\\/cosa-fare\\\/attivita\\\/escursionismo\\\/vodeni-pohodi\\\/escursione-sul-nanos\\\/\",\"name\":\"Escursione sul Nanos - Visit Postojna\",\"isPartOf\":{\"@id\":\"https:\\\/\\\/postojnsko.si\\\/it\\\/#website\"},\"primaryImageOfPage\":{\"@id\":\"https:\\\/\\\/postojnsko.si\\\/it\\\/cosa-fare\\\/attivita\\\/escursionismo\\\/vodeni-pohodi\\\/escursione-sul-nanos\\\/#primaryimage\"},\"image\":{\"@id\":\"https:\\\/\\\/postojnsko.si\\\/it\\\/cosa-fare\\\/attivita\\\/escursionismo\\\/vodeni-pohodi\\\/escursione-sul-nanos\\\/#primaryimage\"},\"thumbnailUrl\":\"https:\\\/\\\/postojnsko.si\\\/travel\\\/wp-content\\\/uploads\\\/2023\\\/01\\\/nanos-visit-postojna-foto-ales-petric-4-scaled.jpg\",\"datePublished\":\"2022-12-28T12:18:52+00:00\",\"dateModified\":\"2023-07-09T20:57:29+00:00\",\"breadcrumb\":{\"@id\":\"https:\\\/\\\/postojnsko.si\\\/it\\\/cosa-fare\\\/attivita\\\/escursionismo\\\/vodeni-pohodi\\\/escursione-sul-nanos\\\/#breadcrumb\"},\"inLanguage\":\"it-IT\",\"potentialAction\":[{\"@type\":\"ReadAction\",\"target\":[\"https:\\\/\\\/postojnsko.si\\\/it\\\/cosa-fare\\\/attivita\\\/escursionismo\\\/vodeni-pohodi\\\/escursione-sul-nanos\\\/\"]}]},{\"@type\":\"ImageObject\",\"inLanguage\":\"it-IT\",\"@id\":\"https:\\\/\\\/postojnsko.si\\\/it\\\/cosa-fare\\\/attivita\\\/escursionismo\\\/vodeni-pohodi\\\/escursione-sul-nanos\\\/#primaryimage\",\"url\":\"https:\\\/\\\/postojnsko.si\\\/travel\\\/wp-content\\\/uploads\\\/2023\\\/01\\\/nanos-visit-postojna-foto-ales-petric-4-scaled.jpg\",\"contentUrl\":\"https:\\\/\\\/postojnsko.si\\\/travel\\\/wp-content\\\/uploads\\\/2023\\\/01\\\/nanos-visit-postojna-foto-ales-petric-4-scaled.jpg\",\"width\":2560,\"height\":1707,\"caption\":\"Escursione sul Nanos\"},{\"@type\":\"BreadcrumbList\",\"@id\":\"https:\\\/\\\/postojnsko.si\\\/it\\\/cosa-fare\\\/attivita\\\/escursionismo\\\/vodeni-pohodi\\\/escursione-sul-nanos\\\/#breadcrumb\",\"itemListElement\":[{\"@type\":\"ListItem\",\"position\":1,\"name\":\"Home\",\"item\":\"https:\\\/\\\/postojnsko.si\\\/it\\\/?doing_wp_cron=1766478648.6568050384521484375000\"},{\"@type\":\"ListItem\",\"position\":2,\"name\":\"Cosa fare\",\"item\":\"https:\\\/\\\/postojnsko.si\\\/it\\\/kaj-poceti\\\/?doing_wp_cron=1766478648.6568050384521484375000\"},{\"@type\":\"ListItem\",\"position\":3,\"name\":\"Attivit\u00e0\",\"item\":\"https:\\\/\\\/postojnsko.si\\\/it\\\/kaj-poceti\\\/aktivnosti\\\/?doing_wp_cron=1766481348.7482950687408447265625\"},{\"@type\":\"ListItem\",\"position\":4,\"name\":\"Escursionismo\",\"item\":\"https:\\\/\\\/postojnsko.si\\\/it\\\/kaj-poceti\\\/aktivnosti\\\/pohodnistvo\\\/?doing_wp_cron=1766481348.7482950687408447265625\"},{\"@type\":\"ListItem\",\"position\":5,\"name\":\"Escursionismo guidato\",\"item\":\"https:\\\/\\\/postojnsko.si\\\/it\\\/kaj-poceti\\\/aktivnosti\\\/pohodnistvo\\\/vodeni-pohodi\\\/?doing_wp_cron=1766491251.1733820438385009765625\"},{\"@type\":\"ListItem\",\"position\":6,\"name\":\"Escursione sul Nanos\"}]},{\"@type\":\"WebSite\",\"@id\":\"https:\\\/\\\/postojnsko.si\\\/it\\\/#website\",\"url\":\"https:\\\/\\\/postojnsko.si\\\/it\\\/\",\"name\":\"Visit Postojna\",\"description\":\"To je nov svet. To je paradi\u017e!\",\"publisher\":{\"@id\":\"https:\\\/\\\/postojnsko.si\\\/it\\\/#organization\"},\"potentialAction\":[{\"@type\":\"SearchAction\",\"target\":{\"@type\":\"EntryPoint\",\"urlTemplate\":\"https:\\\/\\\/postojnsko.si\\\/it\\\/?s={search_term_string}\"},\"query-input\":{\"@type\":\"PropertyValueSpecification\",\"valueRequired\":true,\"valueName\":\"search_term_string\"}}],\"inLanguage\":\"it-IT\"},{\"@type\":\"Organization\",\"@id\":\"https:\\\/\\\/postojnsko.si\\\/it\\\/#organization\",\"name\":\"Visit Postojna\",\"url\":\"https:\\\/\\\/postojnsko.si\\\/it\\\/\",\"logo\":{\"@type\":\"ImageObject\",\"inLanguage\":\"it-IT\",\"@id\":\"https:\\\/\\\/postojnsko.si\\\/it\\\/#\\\/schema\\\/logo\\\/image\\\/\",\"url\":\"https:\\\/\\\/postojnsko.si\\\/wp-content\\\/uploads\\\/2023\\\/06\\\/visit-postojna-logo.png\",\"contentUrl\":\"https:\\\/\\\/postojnsko.si\\\/wp-content\\\/uploads\\\/2023\\\/06\\\/visit-postojna-logo.png\",\"width\":1042,\"height\":1042,\"caption\":\"Visit Postojna\"},\"image\":{\"@id\":\"https:\\\/\\\/postojnsko.si\\\/it\\\/#\\\/schema\\\/logo\\\/image\\\/\"},\"sameAs\":[\"https:\\\/\\\/www.facebook.com\\\/VisitPostojna\",\"https:\\\/\\\/www.instagram.com\\\/visit_postojna\"]}]}<\/script>\n<!-- \/ Yoast SEO plugin. -->","yoast_head_json":{"title":"Escursione sul Nanos - Visit Postojna","robots":{"index":"index","follow":"follow","max-snippet":"max-snippet:-1","max-image-preview":"max-image-preview:large","max-video-preview":"max-video-preview:-1"},"canonical":"https:\/\/postojnsko.si\/it\/cosa-fare\/attivita\/escursionismo\/vodeni-pohodi\/escursione-sul-nanos\/","og_locale":"it_IT","og_type":"article","og_title":"Escursione sul Nanos - Visit Postojna","og_description":"Il Nanos \u00e8 un alto altopiano carsico che si erge ripido sopra il Bacino di Postumia e la valle del Vipacco. Conta diversi picchi, ma il pi\u00f9 popolare \u00e8 il punto panoramico accanto al trasmettitore TV e al Rifugio di Vojko. Abbiamo scelto la salita lungo un percorso pi\u00f9 ripido e impegnativo, e la discesa,...","og_url":"https:\/\/postojnsko.si\/it\/cosa-fare\/attivita\/escursionismo\/vodeni-pohodi\/escursione-sul-nanos\/","og_site_name":"Visit Postojna","article_publisher":"https:\/\/www.facebook.com\/VisitPostojna","article_modified_time":"2023-07-09T20:57:29+00:00","og_image":[{"width":2560,"height":1707,"url":"https:\/\/postojnsko.si\/travel\/wp-content\/uploads\/2023\/01\/nanos-visit-postojna-foto-ales-petric-4-scaled.jpg","type":"image\/jpeg"}],"twitter_card":"summary_large_image","twitter_misc":{"Tempo di lettura stimato":"2 minuti"},"schema":{"@context":"https:\/\/schema.org","@graph":[{"@type":"WebPage","@id":"https:\/\/postojnsko.si\/it\/cosa-fare\/attivita\/escursionismo\/vodeni-pohodi\/escursione-sul-nanos\/","url":"https:\/\/postojnsko.si\/it\/cosa-fare\/attivita\/escursionismo\/vodeni-pohodi\/escursione-sul-nanos\/","name":"Escursione sul Nanos - Visit Postojna","isPartOf":{"@id":"https:\/\/postojnsko.si\/it\/#website"},"primaryImageOfPage":{"@id":"https:\/\/postojnsko.si\/it\/cosa-fare\/attivita\/escursionismo\/vodeni-pohodi\/escursione-sul-nanos\/#primaryimage"},"image":{"@id":"https:\/\/postojnsko.si\/it\/cosa-fare\/attivita\/escursionismo\/vodeni-pohodi\/escursione-sul-nanos\/#primaryimage"},"thumbnailUrl":"https:\/\/postojnsko.si\/travel\/wp-content\/uploads\/2023\/01\/nanos-visit-postojna-foto-ales-petric-4-scaled.jpg","datePublished":"2022-12-28T12:18:52+00:00","dateModified":"2023-07-09T20:57:29+00:00","breadcrumb":{"@id":"https:\/\/postojnsko.si\/it\/cosa-fare\/attivita\/escursionismo\/vodeni-pohodi\/escursione-sul-nanos\/#breadcrumb"},"inLanguage":"it-IT","potentialAction":[{"@type":"ReadAction","target":["https:\/\/postojnsko.si\/it\/cosa-fare\/attivita\/escursionismo\/vodeni-pohodi\/escursione-sul-nanos\/"]}]},{"@type":"ImageObject","inLanguage":"it-IT","@id":"https:\/\/postojnsko.si\/it\/cosa-fare\/attivita\/escursionismo\/vodeni-pohodi\/escursione-sul-nanos\/#primaryimage","url":"https:\/\/postojnsko.si\/travel\/wp-content\/uploads\/2023\/01\/nanos-visit-postojna-foto-ales-petric-4-scaled.jpg","contentUrl":"https:\/\/postojnsko.si\/travel\/wp-content\/uploads\/2023\/01\/nanos-visit-postojna-foto-ales-petric-4-scaled.jpg","width":2560,"height":1707,"caption":"Escursione sul Nanos"},{"@type":"BreadcrumbList","@id":"https:\/\/postojnsko.si\/it\/cosa-fare\/attivita\/escursionismo\/vodeni-pohodi\/escursione-sul-nanos\/#breadcrumb","itemListElement":[{"@type":"ListItem","position":1,"name":"Home","item":"https:\/\/postojnsko.si\/it\/?doing_wp_cron=1766478648.6568050384521484375000"},{"@type":"ListItem","position":2,"name":"Cosa fare","item":"https:\/\/postojnsko.si\/it\/kaj-poceti\/?doing_wp_cron=1766478648.6568050384521484375000"},{"@type":"ListItem","position":3,"name":"Attivit\u00e0","item":"https:\/\/postojnsko.si\/it\/kaj-poceti\/aktivnosti\/?doing_wp_cron=1766481348.7482950687408447265625"},{"@type":"ListItem","position":4,"name":"Escursionismo","item":"https:\/\/postojnsko.si\/it\/kaj-poceti\/aktivnosti\/pohodnistvo\/?doing_wp_cron=1766481348.7482950687408447265625"},{"@type":"ListItem","position":5,"name":"Escursionismo guidato","item":"https:\/\/postojnsko.si\/it\/kaj-poceti\/aktivnosti\/pohodnistvo\/vodeni-pohodi\/?doing_wp_cron=1766491251.1733820438385009765625"},{"@type":"ListItem","position":6,"name":"Escursione sul Nanos"}]},{"@type":"WebSite","@id":"https:\/\/postojnsko.si\/it\/#website","url":"https:\/\/postojnsko.si\/it\/","name":"Visit Postojna","description":"To je nov svet. To je paradi\u017e!","publisher":{"@id":"https:\/\/postojnsko.si\/it\/#organization"},"potentialAction":[{"@type":"SearchAction","target":{"@type":"EntryPoint","urlTemplate":"https:\/\/postojnsko.si\/it\/?s={search_term_string}"},"query-input":{"@type":"PropertyValueSpecification","valueRequired":true,"valueName":"search_term_string"}}],"inLanguage":"it-IT"},{"@type":"Organization","@id":"https:\/\/postojnsko.si\/it\/#organization","name":"Visit Postojna","url":"https:\/\/postojnsko.si\/it\/","logo":{"@type":"ImageObject","inLanguage":"it-IT","@id":"https:\/\/postojnsko.si\/it\/#\/schema\/logo\/image\/","url":"https:\/\/postojnsko.si\/wp-content\/uploads\/2023\/06\/visit-postojna-logo.png","contentUrl":"https:\/\/postojnsko.si\/wp-content\/uploads\/2023\/06\/visit-postojna-logo.png","width":1042,"height":1042,"caption":"Visit Postojna"},"image":{"@id":"https:\/\/postojnsko.si\/it\/#\/schema\/logo\/image\/"},"sameAs":["https:\/\/www.facebook.com\/VisitPostojna","https:\/\/www.instagram.com\/visit_postojna"]}]}},"_links":{"self":[{"href":"https:\/\/postojnsko.si\/it\/wp-json\/wp\/v2\/pages\/6166","targetHints":{"allow":["GET"]}}],"collection":[{"href":"https:\/\/postojnsko.si\/it\/wp-json\/wp\/v2\/pages"}],"about":[{"href":"https:\/\/postojnsko.si\/it\/wp-json\/wp\/v2\/types\/page"}],"author":[{"embeddable":true,"href":"https:\/\/postojnsko.si\/it\/wp-json\/wp\/v2\/users\/2"}],"replies":[{"embeddable":true,"href":"https:\/\/postojnsko.si\/it\/wp-json\/wp\/v2\/comments?post=6166"}],"version-history":[{"count":2,"href":"https:\/\/postojnsko.si\/it\/wp-json\/wp\/v2\/pages\/6166\/revisions"}],"predecessor-version":[{"id":6307,"href":"https:\/\/postojnsko.si\/it\/wp-json\/wp\/v2\/pages\/6166\/revisions\/6307"}],"up":[{"embeddable":true,"href":"https:\/\/postojnsko.si\/it\/wp-json\/wp\/v2\/pages\/6010"}],"wp:featuredmedia":[{"embeddable":true,"href":"https:\/\/postojnsko.si\/it\/wp-json\/wp\/v2\/media\/4709"}],"wp:attachment":[{"href":"https:\/\/postojnsko.si\/it\/wp-json\/wp\/v2\/media?parent=6166"}],"curies":[{"name":"wp","href":"https:\/\/api.w.org\/{rel}","templated":true}]}}