{"id":6080,"date":"2022-12-28T13:20:27","date_gmt":"2022-12-28T12:20:27","guid":{"rendered":"https:\/\/postojnsko.si\/cosa-fare\/attivita\/aktivnosti-na-vodi\/s-kanujem-po-reki-unici\/"},"modified":"2023-07-13T09:59:21","modified_gmt":"2023-07-13T07:59:21","slug":"in-canoa-lungo-lunica","status":"publish","type":"page","link":"https:\/\/postojnsko.si\/it\/cosa-fare\/attivita\/aktivnosti-na-vodi\/in-canoa-lungo-lunica\/","title":{"rendered":"In canoa lungo l\u2019Unica"},"content":{"rendered":"<p><strong>Il fiume Unica<\/strong> si forma alla confluenza di due fiumi carsici, il Pivka, che scorre dalla grotta di Planina, e il Malen\u0161\u010dica, pi\u00f9 calmo e lento, che si snoda anche attraverso i campi carsici. L&#8217;Unica raggiunge poi il Campo di Planina, dove compie la maggior parte del suo percorso fino a scomparire nei canaloni sotto Gr\u010darevec.<\/p>\n<p>\u00c8 il fiume carsico pi\u00f9 famoso, noto oltre i confini della Slovenia per i suoi splendidi dintorni e un letto pieno di vita.<\/p>\n<p>Prima di cominciare l\u2019esplorazione in canoa, la vostra guida vi aspetter\u00e0 alla torre Ravbar a Planina, dove insieme visiterete alcune parti asciutte della nostra bellezza carsica, le grotte di Planina. Dopo un&#8217;ora buona di esplorazione del mondo delle grotte farete <strong>una gita in canoa lungo il fiume Unica <\/strong>con la vostra guida. Tutta l&#8217;attrezzatura necessaria per la canoa vi verr\u00e0 fornita dalla guida.<\/p>\n<p>Il primo tratto del fiume Unica \u00e8 un po&#8217; veloce, poi il fiume si calma e serpeggia lentamente attraverso il Campo di Planina, dove si possono ammirare i capolavori della natura e le numerose specie animali e vegetali del campo carsico.<\/p>\n<p>Durante il viaggio ci sar\u00e0 una sosta per uno spuntino al sacco. La pagaiata termina nel villaggio di Jakovica. Si torna a piedi fino a Planina. Durante la passeggiata ammiriamo il ricco patrimonio architettonico della Notranjska. L\u2019escursione \u00e8 possibile da aprile a ottobre.<\/p>\n","protected":false},"excerpt":{"rendered":"<p>Il fiume Unica si forma alla confluenza di due fiumi carsici, il Pivka, che scorre dalla grotta di Planina, e il Malen\u0161\u010dica, pi\u00f9 calmo e lento, che si snoda anche attraverso i campi carsici. L&#8217;Unica raggiunge poi il Campo di Planina, dove compie la maggior parte del suo percorso fino a scomparire nei canaloni sotto&#8230;<\/p>\n","protected":false},"author":2,"featured_media":4727,"parent":6050,"menu_order":108,"comment_status":"closed","ping_status":"closed","template":"page-templates\/interesna-tocka.php","meta":{"footnotes":""},"class_list":{"0":"post-6080","1":"type-page","3":"status-publish","4":"has-post-thumbnail","5":"hentry","6":"article-odd"},"yoast_head":"<!-- This site is optimized with the Yoast SEO plugin v27.4 - https:\/\/yoast.com\/product\/yoast-seo-wordpress\/ -->\n<title>In canoa lungo l\u2019Unica - Visit Postojna<\/title>\n<meta name=\"robots\" content=\"index, follow, max-snippet:-1, max-image-preview:large, max-video-preview:-1\" \/>\n<link rel=\"canonical\" href=\"https:\/\/postojnsko.si\/it\/cosa-fare\/attivita\/aktivnosti-na-vodi\/in-canoa-lungo-lunica\/\" \/>\n<meta property=\"og:locale\" content=\"it_IT\" \/>\n<meta property=\"og:type\" content=\"article\" \/>\n<meta property=\"og:title\" content=\"In canoa lungo l\u2019Unica - Visit Postojna\" \/>\n<meta property=\"og:description\" content=\"Il fiume Unica si forma alla confluenza di due fiumi carsici, il Pivka, che scorre dalla grotta di Planina, e il Malen\u0161\u010dica, pi\u00f9 calmo e lento, che si snoda anche attraverso i campi carsici. L&#8217;Unica raggiunge poi il Campo di Planina, dove compie la maggior parte del suo percorso fino a scomparire nei canaloni sotto...\" \/>\n<meta property=\"og:url\" content=\"https:\/\/postojnsko.si\/it\/cosa-fare\/attivita\/aktivnosti-na-vodi\/in-canoa-lungo-lunica\/\" \/>\n<meta property=\"og:site_name\" content=\"Visit Postojna\" \/>\n<meta property=\"article:publisher\" content=\"https:\/\/www.facebook.com\/VisitPostojna\" \/>\n<meta property=\"article:modified_time\" content=\"2023-07-13T07:59:21+00:00\" \/>\n<meta property=\"og:image\" content=\"https:\/\/postojnsko.si\/travel\/wp-content\/uploads\/2023\/01\/kanu-unica-planinsko-polje-visit-postojna.jpg\" \/>\n\t<meta property=\"og:image:width\" content=\"2048\" \/>\n\t<meta property=\"og:image:height\" content=\"1365\" \/>\n\t<meta property=\"og:image:type\" content=\"image\/jpeg\" \/>\n<meta name=\"twitter:card\" content=\"summary_large_image\" \/>\n<meta name=\"twitter:label1\" content=\"Tempo di lettura stimato\" \/>\n\t<meta name=\"twitter:data1\" content=\"2 minuti\" \/>\n<script type=\"application\/ld+json\" class=\"yoast-schema-graph\">{\"@context\":\"https:\\\/\\\/schema.org\",\"@graph\":[{\"@type\":\"WebPage\",\"@id\":\"https:\\\/\\\/postojnsko.si\\\/it\\\/cosa-fare\\\/attivita\\\/aktivnosti-na-vodi\\\/in-canoa-lungo-lunica\\\/\",\"url\":\"https:\\\/\\\/postojnsko.si\\\/it\\\/cosa-fare\\\/attivita\\\/aktivnosti-na-vodi\\\/in-canoa-lungo-lunica\\\/\",\"name\":\"In canoa lungo l\u2019Unica - Visit Postojna\",\"isPartOf\":{\"@id\":\"https:\\\/\\\/postojnsko.si\\\/it\\\/#website\"},\"primaryImageOfPage\":{\"@id\":\"https:\\\/\\\/postojnsko.si\\\/it\\\/cosa-fare\\\/attivita\\\/aktivnosti-na-vodi\\\/in-canoa-lungo-lunica\\\/#primaryimage\"},\"image\":{\"@id\":\"https:\\\/\\\/postojnsko.si\\\/it\\\/cosa-fare\\\/attivita\\\/aktivnosti-na-vodi\\\/in-canoa-lungo-lunica\\\/#primaryimage\"},\"thumbnailUrl\":\"https:\\\/\\\/postojnsko.si\\\/travel\\\/wp-content\\\/uploads\\\/2023\\\/01\\\/kanu-unica-planinsko-polje-visit-postojna.jpg\",\"datePublished\":\"2022-12-28T12:20:27+00:00\",\"dateModified\":\"2023-07-13T07:59:21+00:00\",\"breadcrumb\":{\"@id\":\"https:\\\/\\\/postojnsko.si\\\/it\\\/cosa-fare\\\/attivita\\\/aktivnosti-na-vodi\\\/in-canoa-lungo-lunica\\\/#breadcrumb\"},\"inLanguage\":\"it-IT\",\"potentialAction\":[{\"@type\":\"ReadAction\",\"target\":[\"https:\\\/\\\/postojnsko.si\\\/it\\\/cosa-fare\\\/attivita\\\/aktivnosti-na-vodi\\\/in-canoa-lungo-lunica\\\/\"]}]},{\"@type\":\"ImageObject\",\"inLanguage\":\"it-IT\",\"@id\":\"https:\\\/\\\/postojnsko.si\\\/it\\\/cosa-fare\\\/attivita\\\/aktivnosti-na-vodi\\\/in-canoa-lungo-lunica\\\/#primaryimage\",\"url\":\"https:\\\/\\\/postojnsko.si\\\/travel\\\/wp-content\\\/uploads\\\/2023\\\/01\\\/kanu-unica-planinsko-polje-visit-postojna.jpg\",\"contentUrl\":\"https:\\\/\\\/postojnsko.si\\\/travel\\\/wp-content\\\/uploads\\\/2023\\\/01\\\/kanu-unica-planinsko-polje-visit-postojna.jpg\",\"width\":2048,\"height\":1365,\"caption\":\"In canoa lungo l\u2019Unica\"},{\"@type\":\"BreadcrumbList\",\"@id\":\"https:\\\/\\\/postojnsko.si\\\/it\\\/cosa-fare\\\/attivita\\\/aktivnosti-na-vodi\\\/in-canoa-lungo-lunica\\\/#breadcrumb\",\"itemListElement\":[{\"@type\":\"ListItem\",\"position\":1,\"name\":\"Home\",\"item\":\"https:\\\/\\\/postojnsko.si\\\/it\\\/?doing_wp_cron=1766478648.6568050384521484375000\"},{\"@type\":\"ListItem\",\"position\":2,\"name\":\"Cosa fare\",\"item\":\"https:\\\/\\\/postojnsko.si\\\/it\\\/kaj-poceti\\\/?doing_wp_cron=1766478648.6568050384521484375000\"},{\"@type\":\"ListItem\",\"position\":3,\"name\":\"Attivit\u00e0\",\"item\":\"https:\\\/\\\/postojnsko.si\\\/it\\\/kaj-poceti\\\/aktivnosti\\\/?doing_wp_cron=1766481348.7482950687408447265625\"},{\"@type\":\"ListItem\",\"position\":4,\"name\":\"Attivit\u00e0 sull\u2019acqua\",\"item\":\"https:\\\/\\\/postojnsko.si\\\/it\\\/kaj-poceti\\\/aktivnosti\\\/aktivnosti-na-vodi\\\/?doing_wp_cron=1766482244.8176488876342773437500\"},{\"@type\":\"ListItem\",\"position\":5,\"name\":\"In canoa lungo l\u2019Unica\"}]},{\"@type\":\"WebSite\",\"@id\":\"https:\\\/\\\/postojnsko.si\\\/it\\\/#website\",\"url\":\"https:\\\/\\\/postojnsko.si\\\/it\\\/\",\"name\":\"Visit Postojna\",\"description\":\"To je nov svet. To je paradi\u017e!\",\"publisher\":{\"@id\":\"https:\\\/\\\/postojnsko.si\\\/it\\\/#organization\"},\"potentialAction\":[{\"@type\":\"SearchAction\",\"target\":{\"@type\":\"EntryPoint\",\"urlTemplate\":\"https:\\\/\\\/postojnsko.si\\\/it\\\/?s={search_term_string}\"},\"query-input\":{\"@type\":\"PropertyValueSpecification\",\"valueRequired\":true,\"valueName\":\"search_term_string\"}}],\"inLanguage\":\"it-IT\"},{\"@type\":\"Organization\",\"@id\":\"https:\\\/\\\/postojnsko.si\\\/it\\\/#organization\",\"name\":\"Visit Postojna\",\"url\":\"https:\\\/\\\/postojnsko.si\\\/it\\\/\",\"logo\":{\"@type\":\"ImageObject\",\"inLanguage\":\"it-IT\",\"@id\":\"https:\\\/\\\/postojnsko.si\\\/it\\\/#\\\/schema\\\/logo\\\/image\\\/\",\"url\":\"https:\\\/\\\/postojnsko.si\\\/wp-content\\\/uploads\\\/2023\\\/06\\\/visit-postojna-logo.png\",\"contentUrl\":\"https:\\\/\\\/postojnsko.si\\\/wp-content\\\/uploads\\\/2023\\\/06\\\/visit-postojna-logo.png\",\"width\":1042,\"height\":1042,\"caption\":\"Visit Postojna\"},\"image\":{\"@id\":\"https:\\\/\\\/postojnsko.si\\\/it\\\/#\\\/schema\\\/logo\\\/image\\\/\"},\"sameAs\":[\"https:\\\/\\\/www.facebook.com\\\/VisitPostojna\",\"https:\\\/\\\/www.instagram.com\\\/visit_postojna\"]}]}<\/script>\n<!-- \/ Yoast SEO plugin. -->","yoast_head_json":{"title":"In canoa lungo l\u2019Unica - Visit Postojna","robots":{"index":"index","follow":"follow","max-snippet":"max-snippet:-1","max-image-preview":"max-image-preview:large","max-video-preview":"max-video-preview:-1"},"canonical":"https:\/\/postojnsko.si\/it\/cosa-fare\/attivita\/aktivnosti-na-vodi\/in-canoa-lungo-lunica\/","og_locale":"it_IT","og_type":"article","og_title":"In canoa lungo l\u2019Unica - Visit Postojna","og_description":"Il fiume Unica si forma alla confluenza di due fiumi carsici, il Pivka, che scorre dalla grotta di Planina, e il Malen\u0161\u010dica, pi\u00f9 calmo e lento, che si snoda anche attraverso i campi carsici. L&#8217;Unica raggiunge poi il Campo di Planina, dove compie la maggior parte del suo percorso fino a scomparire nei canaloni sotto...","og_url":"https:\/\/postojnsko.si\/it\/cosa-fare\/attivita\/aktivnosti-na-vodi\/in-canoa-lungo-lunica\/","og_site_name":"Visit Postojna","article_publisher":"https:\/\/www.facebook.com\/VisitPostojna","article_modified_time":"2023-07-13T07:59:21+00:00","og_image":[{"width":2048,"height":1365,"url":"https:\/\/postojnsko.si\/travel\/wp-content\/uploads\/2023\/01\/kanu-unica-planinsko-polje-visit-postojna.jpg","type":"image\/jpeg"}],"twitter_card":"summary_large_image","twitter_misc":{"Tempo di lettura stimato":"2 minuti"},"schema":{"@context":"https:\/\/schema.org","@graph":[{"@type":"WebPage","@id":"https:\/\/postojnsko.si\/it\/cosa-fare\/attivita\/aktivnosti-na-vodi\/in-canoa-lungo-lunica\/","url":"https:\/\/postojnsko.si\/it\/cosa-fare\/attivita\/aktivnosti-na-vodi\/in-canoa-lungo-lunica\/","name":"In canoa lungo l\u2019Unica - Visit Postojna","isPartOf":{"@id":"https:\/\/postojnsko.si\/it\/#website"},"primaryImageOfPage":{"@id":"https:\/\/postojnsko.si\/it\/cosa-fare\/attivita\/aktivnosti-na-vodi\/in-canoa-lungo-lunica\/#primaryimage"},"image":{"@id":"https:\/\/postojnsko.si\/it\/cosa-fare\/attivita\/aktivnosti-na-vodi\/in-canoa-lungo-lunica\/#primaryimage"},"thumbnailUrl":"https:\/\/postojnsko.si\/travel\/wp-content\/uploads\/2023\/01\/kanu-unica-planinsko-polje-visit-postojna.jpg","datePublished":"2022-12-28T12:20:27+00:00","dateModified":"2023-07-13T07:59:21+00:00","breadcrumb":{"@id":"https:\/\/postojnsko.si\/it\/cosa-fare\/attivita\/aktivnosti-na-vodi\/in-canoa-lungo-lunica\/#breadcrumb"},"inLanguage":"it-IT","potentialAction":[{"@type":"ReadAction","target":["https:\/\/postojnsko.si\/it\/cosa-fare\/attivita\/aktivnosti-na-vodi\/in-canoa-lungo-lunica\/"]}]},{"@type":"ImageObject","inLanguage":"it-IT","@id":"https:\/\/postojnsko.si\/it\/cosa-fare\/attivita\/aktivnosti-na-vodi\/in-canoa-lungo-lunica\/#primaryimage","url":"https:\/\/postojnsko.si\/travel\/wp-content\/uploads\/2023\/01\/kanu-unica-planinsko-polje-visit-postojna.jpg","contentUrl":"https:\/\/postojnsko.si\/travel\/wp-content\/uploads\/2023\/01\/kanu-unica-planinsko-polje-visit-postojna.jpg","width":2048,"height":1365,"caption":"In canoa lungo l\u2019Unica"},{"@type":"BreadcrumbList","@id":"https:\/\/postojnsko.si\/it\/cosa-fare\/attivita\/aktivnosti-na-vodi\/in-canoa-lungo-lunica\/#breadcrumb","itemListElement":[{"@type":"ListItem","position":1,"name":"Home","item":"https:\/\/postojnsko.si\/it\/?doing_wp_cron=1766478648.6568050384521484375000"},{"@type":"ListItem","position":2,"name":"Cosa fare","item":"https:\/\/postojnsko.si\/it\/kaj-poceti\/?doing_wp_cron=1766478648.6568050384521484375000"},{"@type":"ListItem","position":3,"name":"Attivit\u00e0","item":"https:\/\/postojnsko.si\/it\/kaj-poceti\/aktivnosti\/?doing_wp_cron=1766481348.7482950687408447265625"},{"@type":"ListItem","position":4,"name":"Attivit\u00e0 sull\u2019acqua","item":"https:\/\/postojnsko.si\/it\/kaj-poceti\/aktivnosti\/aktivnosti-na-vodi\/?doing_wp_cron=1766482244.8176488876342773437500"},{"@type":"ListItem","position":5,"name":"In canoa lungo l\u2019Unica"}]},{"@type":"WebSite","@id":"https:\/\/postojnsko.si\/it\/#website","url":"https:\/\/postojnsko.si\/it\/","name":"Visit Postojna","description":"To je nov svet. To je paradi\u017e!","publisher":{"@id":"https:\/\/postojnsko.si\/it\/#organization"},"potentialAction":[{"@type":"SearchAction","target":{"@type":"EntryPoint","urlTemplate":"https:\/\/postojnsko.si\/it\/?s={search_term_string}"},"query-input":{"@type":"PropertyValueSpecification","valueRequired":true,"valueName":"search_term_string"}}],"inLanguage":"it-IT"},{"@type":"Organization","@id":"https:\/\/postojnsko.si\/it\/#organization","name":"Visit Postojna","url":"https:\/\/postojnsko.si\/it\/","logo":{"@type":"ImageObject","inLanguage":"it-IT","@id":"https:\/\/postojnsko.si\/it\/#\/schema\/logo\/image\/","url":"https:\/\/postojnsko.si\/wp-content\/uploads\/2023\/06\/visit-postojna-logo.png","contentUrl":"https:\/\/postojnsko.si\/wp-content\/uploads\/2023\/06\/visit-postojna-logo.png","width":1042,"height":1042,"caption":"Visit Postojna"},"image":{"@id":"https:\/\/postojnsko.si\/it\/#\/schema\/logo\/image\/"},"sameAs":["https:\/\/www.facebook.com\/VisitPostojna","https:\/\/www.instagram.com\/visit_postojna"]}]}},"_links":{"self":[{"href":"https:\/\/postojnsko.si\/it\/wp-json\/wp\/v2\/pages\/6080","targetHints":{"allow":["GET"]}}],"collection":[{"href":"https:\/\/postojnsko.si\/it\/wp-json\/wp\/v2\/pages"}],"about":[{"href":"https:\/\/postojnsko.si\/it\/wp-json\/wp\/v2\/types\/page"}],"author":[{"embeddable":true,"href":"https:\/\/postojnsko.si\/it\/wp-json\/wp\/v2\/users\/2"}],"replies":[{"embeddable":true,"href":"https:\/\/postojnsko.si\/it\/wp-json\/wp\/v2\/comments?post=6080"}],"version-history":[{"count":2,"href":"https:\/\/postojnsko.si\/it\/wp-json\/wp\/v2\/pages\/6080\/revisions"}],"predecessor-version":[{"id":6083,"href":"https:\/\/postojnsko.si\/it\/wp-json\/wp\/v2\/pages\/6080\/revisions\/6083"}],"up":[{"embeddable":true,"href":"https:\/\/postojnsko.si\/it\/wp-json\/wp\/v2\/pages\/6050"}],"wp:featuredmedia":[{"embeddable":true,"href":"https:\/\/postojnsko.si\/it\/wp-json\/wp\/v2\/media\/4727"}],"wp:attachment":[{"href":"https:\/\/postojnsko.si\/it\/wp-json\/wp\/v2\/media?parent=6080"}],"curies":[{"name":"wp","href":"https:\/\/api.w.org\/{rel}","templated":true}]}}