{"id":5958,"date":"2022-12-28T13:05:02","date_gmt":"2022-12-28T12:05:02","guid":{"rendered":"https:\/\/postojnsko.si\/esperienze\/grotte\/planinska-jama\/"},"modified":"2023-09-18T12:53:20","modified_gmt":"2023-09-18T10:53:20","slug":"la-grotta-di-planina","status":"publish","type":"page","link":"https:\/\/postojnsko.si\/it\/cosa-fare\/esperienze\/grotte\/la-grotta-di-planina\/","title":{"rendered":"La Grotta di Planina"},"content":{"rendered":"<p><span style=\"font-weight: 400;\"><strong>La Grotta di Planina<\/strong> (gi\u00e0 Grotta del Castello piccolo) si trova al margine meridionale della piana di Planina<\/span><span style=\"font-weight: 400;\">\u00a0nelle immediate vicinanze della\u00a0<\/span><a href=\"https:\/\/postojnsko.si\/it\/cosa-fare\/esperienze\/castelli\/torre-ravbar\/\"><span style=\"font-weight: 400;\">torre Ravbar<\/span><\/a><span style=\"font-weight: 400;\">.\u00a0<\/span><\/p>\n<p><span style=\"font-weight: 400;\">Si compone di varie sale, numerosi bellissimi laghi e stalattiti. La grotta ha una lunghezza di quasi sette chilometri ed \u00e8 considerata <strong>la pi\u00f9 grande grotta acquatica della Slovenia.\u00a0<\/strong><\/span><\/p>\n<p><span style=\"font-weight: 400;\">L&#8217;altra sua caratteristica importante \u00e8 che \u00e8 <strong>uno dei punti di confluenza di fiumi sotterranei pi\u00f9 grandi in Europa.<\/strong>\u00a0Qui il fiume Rak, che scorre da Rakov \u0160kocjan, e il fiume Pivka, che scorre dalle Grotte di Postumia, confluiscono nel fiume Unica.<\/span><\/p>\n<p><span style=\"font-weight: 400;\">La Grotta di Planina \u00e8 caratterizzata da <strong>una biodiversit\u00e0 eccezionale<\/strong>. In essa vivono oltre 60 specie acquatiche e 40 specie di animali terrestri.\u00a0<\/span><span style=\"font-weight: 400;\">Tra queste il pi\u00f9 famoso \u00e8 l&#8217;endemico <\/span><a href=\"https:\/\/postojnsko.si\/it\/il-proteo\/\"><span style=\"font-weight: 400;\">proteo<\/span><\/a><span style=\"font-weight: 400;\">, che si pu\u00f2 ammirare nel \u201cpiccolo mare&#8221; della Grotta di Planina.\u00a0Nel sistema idrico della Grotta di Planina vive infatti la pi\u00f9 grande popolazione di protei della Slovenia.<\/span><\/p>\n<p><span style=\"font-weight: 400;\">La visita alla Grotta di Planina \u00e8 organizzata con l&#8217;ausilio di lampade alogene.\u00a0<\/span><span style=\"font-weight: 400;\">Si pu\u00f2 scegliere tra la visita classica di un&#8217;ora e un giro in barca che dura 4\u20135 ore, possibile con un livello dell&#8217;acqua basso. Per quest\u2019ultima opzione la prenotazione \u00e8 obbligatoria.<\/span><\/p>\n<p><span style=\"font-weight: 400;\">La grotta ha una temperatura costante intorno ai 10 \u00b0C, quindi \u00e8 opportuno indossare abiti che tengono caldo. Raccomandiamo anche buone scarpe da passeggio e, dato che nella grotta non c&#8217;\u00e8 elettricit\u00e0, una torcia frontale o standard per illuminare il cammino.<\/span><\/p>\n","protected":false},"excerpt":{"rendered":"<p>La Grotta di Planina (gi\u00e0 Grotta del Castello piccolo) si trova al margine meridionale della piana di Planina\u00a0nelle immediate vicinanze della\u00a0torre Ravbar.\u00a0 Si compone di varie sale, numerosi bellissimi laghi e stalattiti. La grotta ha una lunghezza di quasi sette chilometri ed \u00e8 considerata la pi\u00f9 grande grotta acquatica della Slovenia.\u00a0 L&#8217;altra sua caratteristica importante&#8230;<\/p>\n","protected":false},"author":2,"featured_media":4541,"parent":5928,"menu_order":174,"comment_status":"closed","ping_status":"closed","template":"page-templates\/interesna-tocka.php","meta":{"footnotes":""},"class_list":{"0":"post-5958","1":"type-page","3":"status-publish","4":"has-post-thumbnail","5":"hentry","6":"article-odd"},"yoast_head":"<!-- This site is optimized with the Yoast SEO plugin v27.1.1 - https:\/\/yoast.com\/product\/yoast-seo-wordpress\/ -->\n<title>La Grotta di Planina - Visit Postojna<\/title>\n<meta name=\"robots\" content=\"index, follow, max-snippet:-1, max-image-preview:large, max-video-preview:-1\" \/>\n<link rel=\"canonical\" href=\"https:\/\/postojnsko.si\/it\/cosa-fare\/esperienze\/grotte\/la-grotta-di-planina\/\" \/>\n<meta property=\"og:locale\" content=\"it_IT\" \/>\n<meta property=\"og:type\" content=\"article\" \/>\n<meta property=\"og:title\" content=\"La Grotta di Planina - Visit Postojna\" \/>\n<meta property=\"og:description\" content=\"La Grotta di Planina (gi\u00e0 Grotta del Castello piccolo) si trova al margine meridionale della piana di Planina\u00a0nelle immediate vicinanze della\u00a0torre Ravbar.\u00a0 Si compone di varie sale, numerosi bellissimi laghi e stalattiti. La grotta ha una lunghezza di quasi sette chilometri ed \u00e8 considerata la pi\u00f9 grande grotta acquatica della Slovenia.\u00a0 L&#8217;altra sua caratteristica importante...\" \/>\n<meta property=\"og:url\" content=\"https:\/\/postojnsko.si\/it\/cosa-fare\/esperienze\/grotte\/la-grotta-di-planina\/\" \/>\n<meta property=\"og:site_name\" content=\"Visit Postojna\" \/>\n<meta property=\"article:publisher\" content=\"https:\/\/www.facebook.com\/VisitPostojna\" \/>\n<meta property=\"article:modified_time\" content=\"2023-09-18T10:53:20+00:00\" \/>\n<meta property=\"og:image\" content=\"https:\/\/postojnsko.si\/travel\/wp-content\/uploads\/2023\/01\/planinska-jama-visit-postojna-foto-arhiv-planinske-jame-2.jpg\" \/>\n\t<meta property=\"og:image:width\" content=\"1280\" \/>\n\t<meta property=\"og:image:height\" content=\"854\" \/>\n\t<meta property=\"og:image:type\" content=\"image\/jpeg\" \/>\n<meta name=\"twitter:card\" content=\"summary_large_image\" \/>\n<meta name=\"twitter:label1\" content=\"Tempo di lettura stimato\" \/>\n\t<meta name=\"twitter:data1\" content=\"2 minuti\" \/>\n<script type=\"application\/ld+json\" class=\"yoast-schema-graph\">{\"@context\":\"https:\/\/schema.org\",\"@graph\":[{\"@type\":\"WebPage\",\"@id\":\"https:\/\/postojnsko.si\/it\/cosa-fare\/esperienze\/grotte\/la-grotta-di-planina\/\",\"url\":\"https:\/\/postojnsko.si\/it\/cosa-fare\/esperienze\/grotte\/la-grotta-di-planina\/\",\"name\":\"La Grotta di Planina - Visit Postojna\",\"isPartOf\":{\"@id\":\"https:\/\/postojnsko.si\/it\/#website\"},\"primaryImageOfPage\":{\"@id\":\"https:\/\/postojnsko.si\/it\/cosa-fare\/esperienze\/grotte\/la-grotta-di-planina\/#primaryimage\"},\"image\":{\"@id\":\"https:\/\/postojnsko.si\/it\/cosa-fare\/esperienze\/grotte\/la-grotta-di-planina\/#primaryimage\"},\"thumbnailUrl\":\"https:\/\/postojnsko.si\/travel\/wp-content\/uploads\/2023\/01\/planinska-jama-visit-postojna-foto-arhiv-planinske-jame-2.jpg\",\"datePublished\":\"2022-12-28T12:05:02+00:00\",\"dateModified\":\"2023-09-18T10:53:20+00:00\",\"breadcrumb\":{\"@id\":\"https:\/\/postojnsko.si\/it\/cosa-fare\/esperienze\/grotte\/la-grotta-di-planina\/#breadcrumb\"},\"inLanguage\":\"it-IT\",\"potentialAction\":[{\"@type\":\"ReadAction\",\"target\":[\"https:\/\/postojnsko.si\/it\/cosa-fare\/esperienze\/grotte\/la-grotta-di-planina\/\"]}]},{\"@type\":\"ImageObject\",\"inLanguage\":\"it-IT\",\"@id\":\"https:\/\/postojnsko.si\/it\/cosa-fare\/esperienze\/grotte\/la-grotta-di-planina\/#primaryimage\",\"url\":\"https:\/\/postojnsko.si\/travel\/wp-content\/uploads\/2023\/01\/planinska-jama-visit-postojna-foto-arhiv-planinske-jame-2.jpg\",\"contentUrl\":\"https:\/\/postojnsko.si\/travel\/wp-content\/uploads\/2023\/01\/planinska-jama-visit-postojna-foto-arhiv-planinske-jame-2.jpg\",\"width\":1280,\"height\":854,\"caption\":\"Planinska jama \/ La Grotta di Planina\"},{\"@type\":\"BreadcrumbList\",\"@id\":\"https:\/\/postojnsko.si\/it\/cosa-fare\/esperienze\/grotte\/la-grotta-di-planina\/#breadcrumb\",\"itemListElement\":[{\"@type\":\"ListItem\",\"position\":1,\"name\":\"Home\",\"item\":\"https:\/\/postojnsko.si\/it\/?doing_wp_cron=1766478648.6568050384521484375000\"},{\"@type\":\"ListItem\",\"position\":2,\"name\":\"Cosa fare\",\"item\":\"https:\/\/postojnsko.si\/it\/kaj-poceti\/?doing_wp_cron=1766478648.6568050384521484375000\"},{\"@type\":\"ListItem\",\"position\":3,\"name\":\"Esperienze\",\"item\":\"https:\/\/postojnsko.si\/it\/kaj-poceti\/dozivetja\/?doing_wp_cron=1766479556.6486749649047851562500\"},{\"@type\":\"ListItem\",\"position\":4,\"name\":\"Grotte\",\"item\":\"https:\/\/postojnsko.si\/it\/kaj-poceti\/dozivetja\/jame\/?doing_wp_cron=1766480449.7425639629364013671875\"},{\"@type\":\"ListItem\",\"position\":5,\"name\":\"La Grotta di Planina\"}]},{\"@type\":\"WebSite\",\"@id\":\"https:\/\/postojnsko.si\/it\/#website\",\"url\":\"https:\/\/postojnsko.si\/it\/\",\"name\":\"Visit Postojna\",\"description\":\"To je nov svet. To je paradi\u017e!\",\"publisher\":{\"@id\":\"https:\/\/postojnsko.si\/it\/#organization\"},\"potentialAction\":[{\"@type\":\"SearchAction\",\"target\":{\"@type\":\"EntryPoint\",\"urlTemplate\":\"https:\/\/postojnsko.si\/it\/?s={search_term_string}\"},\"query-input\":{\"@type\":\"PropertyValueSpecification\",\"valueRequired\":true,\"valueName\":\"search_term_string\"}}],\"inLanguage\":\"it-IT\"},{\"@type\":\"Organization\",\"@id\":\"https:\/\/postojnsko.si\/it\/#organization\",\"name\":\"Visit Postojna\",\"url\":\"https:\/\/postojnsko.si\/it\/\",\"logo\":{\"@type\":\"ImageObject\",\"inLanguage\":\"it-IT\",\"@id\":\"https:\/\/postojnsko.si\/it\/#\/schema\/logo\/image\/\",\"url\":\"https:\/\/postojnsko.si\/wp-content\/uploads\/2023\/06\/visit-postojna-logo.png\",\"contentUrl\":\"https:\/\/postojnsko.si\/wp-content\/uploads\/2023\/06\/visit-postojna-logo.png\",\"width\":1042,\"height\":1042,\"caption\":\"Visit Postojna\"},\"image\":{\"@id\":\"https:\/\/postojnsko.si\/it\/#\/schema\/logo\/image\/\"},\"sameAs\":[\"https:\/\/www.facebook.com\/VisitPostojna\",\"https:\/\/www.instagram.com\/visit_postojna\"]}]}<\/script>\n<!-- \/ Yoast SEO plugin. -->","yoast_head_json":{"title":"La Grotta di Planina - Visit Postojna","robots":{"index":"index","follow":"follow","max-snippet":"max-snippet:-1","max-image-preview":"max-image-preview:large","max-video-preview":"max-video-preview:-1"},"canonical":"https:\/\/postojnsko.si\/it\/cosa-fare\/esperienze\/grotte\/la-grotta-di-planina\/","og_locale":"it_IT","og_type":"article","og_title":"La Grotta di Planina - Visit Postojna","og_description":"La Grotta di Planina (gi\u00e0 Grotta del Castello piccolo) si trova al margine meridionale della piana di Planina\u00a0nelle immediate vicinanze della\u00a0torre Ravbar.\u00a0 Si compone di varie sale, numerosi bellissimi laghi e stalattiti. La grotta ha una lunghezza di quasi sette chilometri ed \u00e8 considerata la pi\u00f9 grande grotta acquatica della Slovenia.\u00a0 L&#8217;altra sua caratteristica importante...","og_url":"https:\/\/postojnsko.si\/it\/cosa-fare\/esperienze\/grotte\/la-grotta-di-planina\/","og_site_name":"Visit Postojna","article_publisher":"https:\/\/www.facebook.com\/VisitPostojna","article_modified_time":"2023-09-18T10:53:20+00:00","og_image":[{"width":1280,"height":854,"url":"https:\/\/postojnsko.si\/travel\/wp-content\/uploads\/2023\/01\/planinska-jama-visit-postojna-foto-arhiv-planinske-jame-2.jpg","type":"image\/jpeg"}],"twitter_card":"summary_large_image","twitter_misc":{"Tempo di lettura stimato":"2 minuti"},"schema":{"@context":"https:\/\/schema.org","@graph":[{"@type":"WebPage","@id":"https:\/\/postojnsko.si\/it\/cosa-fare\/esperienze\/grotte\/la-grotta-di-planina\/","url":"https:\/\/postojnsko.si\/it\/cosa-fare\/esperienze\/grotte\/la-grotta-di-planina\/","name":"La Grotta di Planina - Visit Postojna","isPartOf":{"@id":"https:\/\/postojnsko.si\/it\/#website"},"primaryImageOfPage":{"@id":"https:\/\/postojnsko.si\/it\/cosa-fare\/esperienze\/grotte\/la-grotta-di-planina\/#primaryimage"},"image":{"@id":"https:\/\/postojnsko.si\/it\/cosa-fare\/esperienze\/grotte\/la-grotta-di-planina\/#primaryimage"},"thumbnailUrl":"https:\/\/postojnsko.si\/travel\/wp-content\/uploads\/2023\/01\/planinska-jama-visit-postojna-foto-arhiv-planinske-jame-2.jpg","datePublished":"2022-12-28T12:05:02+00:00","dateModified":"2023-09-18T10:53:20+00:00","breadcrumb":{"@id":"https:\/\/postojnsko.si\/it\/cosa-fare\/esperienze\/grotte\/la-grotta-di-planina\/#breadcrumb"},"inLanguage":"it-IT","potentialAction":[{"@type":"ReadAction","target":["https:\/\/postojnsko.si\/it\/cosa-fare\/esperienze\/grotte\/la-grotta-di-planina\/"]}]},{"@type":"ImageObject","inLanguage":"it-IT","@id":"https:\/\/postojnsko.si\/it\/cosa-fare\/esperienze\/grotte\/la-grotta-di-planina\/#primaryimage","url":"https:\/\/postojnsko.si\/travel\/wp-content\/uploads\/2023\/01\/planinska-jama-visit-postojna-foto-arhiv-planinske-jame-2.jpg","contentUrl":"https:\/\/postojnsko.si\/travel\/wp-content\/uploads\/2023\/01\/planinska-jama-visit-postojna-foto-arhiv-planinske-jame-2.jpg","width":1280,"height":854,"caption":"Planinska jama \/ La Grotta di Planina"},{"@type":"BreadcrumbList","@id":"https:\/\/postojnsko.si\/it\/cosa-fare\/esperienze\/grotte\/la-grotta-di-planina\/#breadcrumb","itemListElement":[{"@type":"ListItem","position":1,"name":"Home","item":"https:\/\/postojnsko.si\/it\/?doing_wp_cron=1766478648.6568050384521484375000"},{"@type":"ListItem","position":2,"name":"Cosa fare","item":"https:\/\/postojnsko.si\/it\/kaj-poceti\/?doing_wp_cron=1766478648.6568050384521484375000"},{"@type":"ListItem","position":3,"name":"Esperienze","item":"https:\/\/postojnsko.si\/it\/kaj-poceti\/dozivetja\/?doing_wp_cron=1766479556.6486749649047851562500"},{"@type":"ListItem","position":4,"name":"Grotte","item":"https:\/\/postojnsko.si\/it\/kaj-poceti\/dozivetja\/jame\/?doing_wp_cron=1766480449.7425639629364013671875"},{"@type":"ListItem","position":5,"name":"La Grotta di Planina"}]},{"@type":"WebSite","@id":"https:\/\/postojnsko.si\/it\/#website","url":"https:\/\/postojnsko.si\/it\/","name":"Visit Postojna","description":"To je nov svet. To je paradi\u017e!","publisher":{"@id":"https:\/\/postojnsko.si\/it\/#organization"},"potentialAction":[{"@type":"SearchAction","target":{"@type":"EntryPoint","urlTemplate":"https:\/\/postojnsko.si\/it\/?s={search_term_string}"},"query-input":{"@type":"PropertyValueSpecification","valueRequired":true,"valueName":"search_term_string"}}],"inLanguage":"it-IT"},{"@type":"Organization","@id":"https:\/\/postojnsko.si\/it\/#organization","name":"Visit Postojna","url":"https:\/\/postojnsko.si\/it\/","logo":{"@type":"ImageObject","inLanguage":"it-IT","@id":"https:\/\/postojnsko.si\/it\/#\/schema\/logo\/image\/","url":"https:\/\/postojnsko.si\/wp-content\/uploads\/2023\/06\/visit-postojna-logo.png","contentUrl":"https:\/\/postojnsko.si\/wp-content\/uploads\/2023\/06\/visit-postojna-logo.png","width":1042,"height":1042,"caption":"Visit Postojna"},"image":{"@id":"https:\/\/postojnsko.si\/it\/#\/schema\/logo\/image\/"},"sameAs":["https:\/\/www.facebook.com\/VisitPostojna","https:\/\/www.instagram.com\/visit_postojna"]}]}},"_links":{"self":[{"href":"https:\/\/postojnsko.si\/it\/wp-json\/wp\/v2\/pages\/5958","targetHints":{"allow":["GET"]}}],"collection":[{"href":"https:\/\/postojnsko.si\/it\/wp-json\/wp\/v2\/pages"}],"about":[{"href":"https:\/\/postojnsko.si\/it\/wp-json\/wp\/v2\/types\/page"}],"author":[{"embeddable":true,"href":"https:\/\/postojnsko.si\/it\/wp-json\/wp\/v2\/users\/2"}],"replies":[{"embeddable":true,"href":"https:\/\/postojnsko.si\/it\/wp-json\/wp\/v2\/comments?post=5958"}],"version-history":[{"count":2,"href":"https:\/\/postojnsko.si\/it\/wp-json\/wp\/v2\/pages\/5958\/revisions"}],"predecessor-version":[{"id":7060,"href":"https:\/\/postojnsko.si\/it\/wp-json\/wp\/v2\/pages\/5958\/revisions\/7060"}],"up":[{"embeddable":true,"href":"https:\/\/postojnsko.si\/it\/wp-json\/wp\/v2\/pages\/5928"}],"wp:featuredmedia":[{"embeddable":true,"href":"https:\/\/postojnsko.si\/it\/wp-json\/wp\/v2\/media\/4541"}],"wp:attachment":[{"href":"https:\/\/postojnsko.si\/it\/wp-json\/wp\/v2\/media?parent=5958"}],"curies":[{"name":"wp","href":"https:\/\/api.w.org\/{rel}","templated":true}]}}