{"id":5630,"date":"2023-02-09T12:25:10","date_gmt":"2023-02-09T11:25:10","guid":{"rendered":"https:\/\/postojnsko.si\/restavracija-erasmus\/"},"modified":"2023-07-13T08:25:41","modified_gmt":"2023-07-13T06:25:41","slug":"ristorante-erasmus","status":"publish","type":"page","link":"https:\/\/postojnsko.si\/it\/cosa-fare\/dove-mangiare\/ristoranti-a-postumia\/ristorante-erasmus\/","title":{"rendered":"Ristorante Erasmus"},"content":{"rendered":"<p><strong>Il ristorante Erasmus<\/strong>, che prende il nome dall&#8217;epico cavaliere di Predjama, vi aspetta per grandi esperienze gastronomiche. Si trova a 2 km dalle grotte, perci\u00f2 \u00e8 una scelta eccellente per rinfrescarsi dopo le esperienze di Postumia; \u00e8 adatto a gruppi numerosi o semplicemente per una deliziosa cena romantica in due.<\/p>\n<p>Il ristorante Erasmus propone squisite specialit\u00e0 locali in un&#8217;atmosfera piacevole con un tocco del castello e del suo cavaliere. La vostra giornata a Postumia si concluder\u00e0 cos\u00ec in vero stile epico \u201cpostumiano\u201d.<\/p>\n<p>L\u2019Erasmus vanta una ricca offerta culinaria e un&#8217;atmosfera piacevole, ed \u00e8 adatto per una clientela con ogni tipo di esigenze. La sua proposta comprende piatti internazionali, piatti sloveni, varie paste e risotti, ottime pizze e buffet di insalate. Inoltre, non manca mai un goccio dei migliori produttori sloveni di vino.<\/p>\n<p>A disposizione il servizio di organizzazione di matrimoni, banchetti, compleanni e celebrazioni varie; far\u00e0 del suo meglio per soddisfare ogni vostro desiderio. Pu\u00f2 servire 150 ospiti contemporaneamente e i suoi men\u00f9 sono adattabili ai gruppi.<\/p>\n","protected":false},"excerpt":{"rendered":"<p>Il ristorante Erasmus, che prende il nome dall&#8217;epico cavaliere di Predjama, vi aspetta per grandi esperienze gastronomiche. Si trova a 2 km dalle grotte, perci\u00f2 \u00e8 una scelta eccellente per rinfrescarsi dopo le esperienze di Postumia; \u00e8 adatto a gruppi numerosi o semplicemente per una deliziosa cena romantica in due. Il ristorante Erasmus propone squisite&#8230;<\/p>\n","protected":false},"author":2,"featured_media":4782,"parent":6483,"menu_order":68,"comment_status":"closed","ping_status":"closed","template":"page-templates\/hrana-in-pijaca.php","meta":{"footnotes":""},"class_list":{"0":"post-5630","1":"type-page","3":"status-publish","4":"has-post-thumbnail","5":"hentry","6":"article-odd"},"yoast_head":"<!-- This site is optimized with the Yoast SEO plugin v27.1.1 - https:\/\/yoast.com\/product\/yoast-seo-wordpress\/ -->\n<title>Ristorante Erasmus - Visit Postojna<\/title>\n<meta name=\"robots\" content=\"index, follow, max-snippet:-1, max-image-preview:large, max-video-preview:-1\" \/>\n<link rel=\"canonical\" href=\"https:\/\/postojnsko.si\/it\/cosa-fare\/dove-mangiare\/ristoranti-a-postumia\/ristorante-erasmus\/\" \/>\n<meta property=\"og:locale\" content=\"it_IT\" \/>\n<meta property=\"og:type\" content=\"article\" \/>\n<meta property=\"og:title\" content=\"Ristorante Erasmus - Visit Postojna\" \/>\n<meta property=\"og:description\" content=\"Il ristorante Erasmus, che prende il nome dall&#8217;epico cavaliere di Predjama, vi aspetta per grandi esperienze gastronomiche. Si trova a 2 km dalle grotte, perci\u00f2 \u00e8 una scelta eccellente per rinfrescarsi dopo le esperienze di Postumia; \u00e8 adatto a gruppi numerosi o semplicemente per una deliziosa cena romantica in due. Il ristorante Erasmus propone squisite...\" \/>\n<meta property=\"og:url\" content=\"https:\/\/postojnsko.si\/it\/cosa-fare\/dove-mangiare\/ristoranti-a-postumia\/ristorante-erasmus\/\" \/>\n<meta property=\"og:site_name\" content=\"Visit Postojna\" \/>\n<meta property=\"article:publisher\" content=\"https:\/\/www.facebook.com\/VisitPostojna\" \/>\n<meta property=\"article:modified_time\" content=\"2023-07-13T06:25:41+00:00\" \/>\n<meta property=\"og:image\" content=\"https:\/\/postojnsko.si\/travel\/wp-content\/uploads\/2023\/02\/restavracija_erazmus_vir_epic_eco_hotel_group_1.jpg\" \/>\n\t<meta property=\"og:image:width\" content=\"1024\" \/>\n\t<meta property=\"og:image:height\" content=\"683\" \/>\n\t<meta property=\"og:image:type\" content=\"image\/jpeg\" \/>\n<meta name=\"twitter:card\" content=\"summary_large_image\" \/>\n<meta name=\"twitter:label1\" content=\"Tempo di lettura stimato\" \/>\n\t<meta name=\"twitter:data1\" content=\"1 minuto\" \/>\n<script type=\"application\/ld+json\" class=\"yoast-schema-graph\">{\"@context\":\"https:\/\/schema.org\",\"@graph\":[{\"@type\":\"WebPage\",\"@id\":\"https:\/\/postojnsko.si\/it\/cosa-fare\/dove-mangiare\/ristoranti-a-postumia\/ristorante-erasmus\/\",\"url\":\"https:\/\/postojnsko.si\/it\/cosa-fare\/dove-mangiare\/ristoranti-a-postumia\/ristorante-erasmus\/\",\"name\":\"Ristorante Erasmus - Visit Postojna\",\"isPartOf\":{\"@id\":\"https:\/\/postojnsko.si\/it\/#website\"},\"primaryImageOfPage\":{\"@id\":\"https:\/\/postojnsko.si\/it\/cosa-fare\/dove-mangiare\/ristoranti-a-postumia\/ristorante-erasmus\/#primaryimage\"},\"image\":{\"@id\":\"https:\/\/postojnsko.si\/it\/cosa-fare\/dove-mangiare\/ristoranti-a-postumia\/ristorante-erasmus\/#primaryimage\"},\"thumbnailUrl\":\"https:\/\/postojnsko.si\/travel\/wp-content\/uploads\/2023\/02\/restavracija_erazmus_vir_epic_eco_hotel_group_1.jpg\",\"datePublished\":\"2023-02-09T11:25:10+00:00\",\"dateModified\":\"2023-07-13T06:25:41+00:00\",\"breadcrumb\":{\"@id\":\"https:\/\/postojnsko.si\/it\/cosa-fare\/dove-mangiare\/ristoranti-a-postumia\/ristorante-erasmus\/#breadcrumb\"},\"inLanguage\":\"it-IT\",\"potentialAction\":[{\"@type\":\"ReadAction\",\"target\":[\"https:\/\/postojnsko.si\/it\/cosa-fare\/dove-mangiare\/ristoranti-a-postumia\/ristorante-erasmus\/\"]}]},{\"@type\":\"ImageObject\",\"inLanguage\":\"it-IT\",\"@id\":\"https:\/\/postojnsko.si\/it\/cosa-fare\/dove-mangiare\/ristoranti-a-postumia\/ristorante-erasmus\/#primaryimage\",\"url\":\"https:\/\/postojnsko.si\/travel\/wp-content\/uploads\/2023\/02\/restavracija_erazmus_vir_epic_eco_hotel_group_1.jpg\",\"contentUrl\":\"https:\/\/postojnsko.si\/travel\/wp-content\/uploads\/2023\/02\/restavracija_erazmus_vir_epic_eco_hotel_group_1.jpg\",\"width\":1024,\"height\":683,\"caption\":\"Restavracija Erasmus \/ Ristorante Erasmus\"},{\"@type\":\"BreadcrumbList\",\"@id\":\"https:\/\/postojnsko.si\/it\/cosa-fare\/dove-mangiare\/ristoranti-a-postumia\/ristorante-erasmus\/#breadcrumb\",\"itemListElement\":[{\"@type\":\"ListItem\",\"position\":1,\"name\":\"Home\",\"item\":\"https:\/\/postojnsko.si\/it\/?doing_wp_cron=1766478648.6568050384521484375000\"},{\"@type\":\"ListItem\",\"position\":2,\"name\":\"Cosa fare\",\"item\":\"https:\/\/postojnsko.si\/it\/kaj-poceti\/?doing_wp_cron=1766478648.6568050384521484375000\"},{\"@type\":\"ListItem\",\"position\":3,\"name\":\"Dove mangiare\",\"item\":\"https:\/\/postojnsko.si\/it\/kaj-poceti\/kje-jesti\/?doing_wp_cron=1766480449.7425639629364013671875\"},{\"@type\":\"ListItem\",\"position\":4,\"name\":\"Ristoranti a Postumia\",\"item\":\"https:\/\/postojnsko.si\/it\/cosa-fare\/dove-mangiare\/ristoranti-a-postumia\/\"},{\"@type\":\"ListItem\",\"position\":5,\"name\":\"Ristorante Erasmus\"}]},{\"@type\":\"WebSite\",\"@id\":\"https:\/\/postojnsko.si\/it\/#website\",\"url\":\"https:\/\/postojnsko.si\/it\/\",\"name\":\"Visit Postojna\",\"description\":\"To je nov svet. To je paradi\u017e!\",\"publisher\":{\"@id\":\"https:\/\/postojnsko.si\/it\/#organization\"},\"potentialAction\":[{\"@type\":\"SearchAction\",\"target\":{\"@type\":\"EntryPoint\",\"urlTemplate\":\"https:\/\/postojnsko.si\/it\/?s={search_term_string}\"},\"query-input\":{\"@type\":\"PropertyValueSpecification\",\"valueRequired\":true,\"valueName\":\"search_term_string\"}}],\"inLanguage\":\"it-IT\"},{\"@type\":\"Organization\",\"@id\":\"https:\/\/postojnsko.si\/it\/#organization\",\"name\":\"Visit Postojna\",\"url\":\"https:\/\/postojnsko.si\/it\/\",\"logo\":{\"@type\":\"ImageObject\",\"inLanguage\":\"it-IT\",\"@id\":\"https:\/\/postojnsko.si\/it\/#\/schema\/logo\/image\/\",\"url\":\"https:\/\/postojnsko.si\/wp-content\/uploads\/2023\/06\/visit-postojna-logo.png\",\"contentUrl\":\"https:\/\/postojnsko.si\/wp-content\/uploads\/2023\/06\/visit-postojna-logo.png\",\"width\":1042,\"height\":1042,\"caption\":\"Visit Postojna\"},\"image\":{\"@id\":\"https:\/\/postojnsko.si\/it\/#\/schema\/logo\/image\/\"},\"sameAs\":[\"https:\/\/www.facebook.com\/VisitPostojna\",\"https:\/\/www.instagram.com\/visit_postojna\"]}]}<\/script>\n<!-- \/ Yoast SEO plugin. -->","yoast_head_json":{"title":"Ristorante Erasmus - Visit Postojna","robots":{"index":"index","follow":"follow","max-snippet":"max-snippet:-1","max-image-preview":"max-image-preview:large","max-video-preview":"max-video-preview:-1"},"canonical":"https:\/\/postojnsko.si\/it\/cosa-fare\/dove-mangiare\/ristoranti-a-postumia\/ristorante-erasmus\/","og_locale":"it_IT","og_type":"article","og_title":"Ristorante Erasmus - Visit Postojna","og_description":"Il ristorante Erasmus, che prende il nome dall&#8217;epico cavaliere di Predjama, vi aspetta per grandi esperienze gastronomiche. Si trova a 2 km dalle grotte, perci\u00f2 \u00e8 una scelta eccellente per rinfrescarsi dopo le esperienze di Postumia; \u00e8 adatto a gruppi numerosi o semplicemente per una deliziosa cena romantica in due. Il ristorante Erasmus propone squisite...","og_url":"https:\/\/postojnsko.si\/it\/cosa-fare\/dove-mangiare\/ristoranti-a-postumia\/ristorante-erasmus\/","og_site_name":"Visit Postojna","article_publisher":"https:\/\/www.facebook.com\/VisitPostojna","article_modified_time":"2023-07-13T06:25:41+00:00","og_image":[{"width":1024,"height":683,"url":"https:\/\/postojnsko.si\/travel\/wp-content\/uploads\/2023\/02\/restavracija_erazmus_vir_epic_eco_hotel_group_1.jpg","type":"image\/jpeg"}],"twitter_card":"summary_large_image","twitter_misc":{"Tempo di lettura stimato":"1 minuto"},"schema":{"@context":"https:\/\/schema.org","@graph":[{"@type":"WebPage","@id":"https:\/\/postojnsko.si\/it\/cosa-fare\/dove-mangiare\/ristoranti-a-postumia\/ristorante-erasmus\/","url":"https:\/\/postojnsko.si\/it\/cosa-fare\/dove-mangiare\/ristoranti-a-postumia\/ristorante-erasmus\/","name":"Ristorante Erasmus - Visit Postojna","isPartOf":{"@id":"https:\/\/postojnsko.si\/it\/#website"},"primaryImageOfPage":{"@id":"https:\/\/postojnsko.si\/it\/cosa-fare\/dove-mangiare\/ristoranti-a-postumia\/ristorante-erasmus\/#primaryimage"},"image":{"@id":"https:\/\/postojnsko.si\/it\/cosa-fare\/dove-mangiare\/ristoranti-a-postumia\/ristorante-erasmus\/#primaryimage"},"thumbnailUrl":"https:\/\/postojnsko.si\/travel\/wp-content\/uploads\/2023\/02\/restavracija_erazmus_vir_epic_eco_hotel_group_1.jpg","datePublished":"2023-02-09T11:25:10+00:00","dateModified":"2023-07-13T06:25:41+00:00","breadcrumb":{"@id":"https:\/\/postojnsko.si\/it\/cosa-fare\/dove-mangiare\/ristoranti-a-postumia\/ristorante-erasmus\/#breadcrumb"},"inLanguage":"it-IT","potentialAction":[{"@type":"ReadAction","target":["https:\/\/postojnsko.si\/it\/cosa-fare\/dove-mangiare\/ristoranti-a-postumia\/ristorante-erasmus\/"]}]},{"@type":"ImageObject","inLanguage":"it-IT","@id":"https:\/\/postojnsko.si\/it\/cosa-fare\/dove-mangiare\/ristoranti-a-postumia\/ristorante-erasmus\/#primaryimage","url":"https:\/\/postojnsko.si\/travel\/wp-content\/uploads\/2023\/02\/restavracija_erazmus_vir_epic_eco_hotel_group_1.jpg","contentUrl":"https:\/\/postojnsko.si\/travel\/wp-content\/uploads\/2023\/02\/restavracija_erazmus_vir_epic_eco_hotel_group_1.jpg","width":1024,"height":683,"caption":"Restavracija Erasmus \/ Ristorante Erasmus"},{"@type":"BreadcrumbList","@id":"https:\/\/postojnsko.si\/it\/cosa-fare\/dove-mangiare\/ristoranti-a-postumia\/ristorante-erasmus\/#breadcrumb","itemListElement":[{"@type":"ListItem","position":1,"name":"Home","item":"https:\/\/postojnsko.si\/it\/?doing_wp_cron=1766478648.6568050384521484375000"},{"@type":"ListItem","position":2,"name":"Cosa fare","item":"https:\/\/postojnsko.si\/it\/kaj-poceti\/?doing_wp_cron=1766478648.6568050384521484375000"},{"@type":"ListItem","position":3,"name":"Dove mangiare","item":"https:\/\/postojnsko.si\/it\/kaj-poceti\/kje-jesti\/?doing_wp_cron=1766480449.7425639629364013671875"},{"@type":"ListItem","position":4,"name":"Ristoranti a Postumia","item":"https:\/\/postojnsko.si\/it\/cosa-fare\/dove-mangiare\/ristoranti-a-postumia\/"},{"@type":"ListItem","position":5,"name":"Ristorante Erasmus"}]},{"@type":"WebSite","@id":"https:\/\/postojnsko.si\/it\/#website","url":"https:\/\/postojnsko.si\/it\/","name":"Visit Postojna","description":"To je nov svet. To je paradi\u017e!","publisher":{"@id":"https:\/\/postojnsko.si\/it\/#organization"},"potentialAction":[{"@type":"SearchAction","target":{"@type":"EntryPoint","urlTemplate":"https:\/\/postojnsko.si\/it\/?s={search_term_string}"},"query-input":{"@type":"PropertyValueSpecification","valueRequired":true,"valueName":"search_term_string"}}],"inLanguage":"it-IT"},{"@type":"Organization","@id":"https:\/\/postojnsko.si\/it\/#organization","name":"Visit Postojna","url":"https:\/\/postojnsko.si\/it\/","logo":{"@type":"ImageObject","inLanguage":"it-IT","@id":"https:\/\/postojnsko.si\/it\/#\/schema\/logo\/image\/","url":"https:\/\/postojnsko.si\/wp-content\/uploads\/2023\/06\/visit-postojna-logo.png","contentUrl":"https:\/\/postojnsko.si\/wp-content\/uploads\/2023\/06\/visit-postojna-logo.png","width":1042,"height":1042,"caption":"Visit Postojna"},"image":{"@id":"https:\/\/postojnsko.si\/it\/#\/schema\/logo\/image\/"},"sameAs":["https:\/\/www.facebook.com\/VisitPostojna","https:\/\/www.instagram.com\/visit_postojna"]}]}},"_links":{"self":[{"href":"https:\/\/postojnsko.si\/it\/wp-json\/wp\/v2\/pages\/5630","targetHints":{"allow":["GET"]}}],"collection":[{"href":"https:\/\/postojnsko.si\/it\/wp-json\/wp\/v2\/pages"}],"about":[{"href":"https:\/\/postojnsko.si\/it\/wp-json\/wp\/v2\/types\/page"}],"author":[{"embeddable":true,"href":"https:\/\/postojnsko.si\/it\/wp-json\/wp\/v2\/users\/2"}],"replies":[{"embeddable":true,"href":"https:\/\/postojnsko.si\/it\/wp-json\/wp\/v2\/comments?post=5630"}],"version-history":[{"count":2,"href":"https:\/\/postojnsko.si\/it\/wp-json\/wp\/v2\/pages\/5630\/revisions"}],"predecessor-version":[{"id":5646,"href":"https:\/\/postojnsko.si\/it\/wp-json\/wp\/v2\/pages\/5630\/revisions\/5646"}],"up":[{"embeddable":true,"href":"https:\/\/postojnsko.si\/it\/wp-json\/wp\/v2\/pages\/6483"}],"wp:featuredmedia":[{"embeddable":true,"href":"https:\/\/postojnsko.si\/it\/wp-json\/wp\/v2\/media\/4782"}],"wp:attachment":[{"href":"https:\/\/postojnsko.si\/it\/wp-json\/wp\/v2\/media?parent=5630"}],"curies":[{"name":"wp","href":"https:\/\/api.w.org\/{rel}","templated":true}]}}