{"id":4085,"date":"2023-04-14T09:10:29","date_gmt":"2023-04-14T07:10:29","guid":{"rendered":"https:\/\/postojnsko.si\/salon-ozbic\/"},"modified":"2023-05-30T12:46:04","modified_gmt":"2023-05-30T10:46:04","slug":"ozbic-barber-shop","status":"publish","type":"page","link":"https:\/\/postojnsko.si\/en\/ozbic-barber-shop\/","title":{"rendered":"Ozbi\u010d Barber Shop"},"content":{"rendered":"<p>Welcome to <strong>the barber and hairdressing salon Ozbi\u010d<\/strong>. The legendary barber shop with the longest beard in Postojna came to life with original equipment and a new story. <\/p>\n<p>The concept space combines the centuries-old tradition and mastery of legends from the Ozbi\u010d family with modern barbering and hairdressing techniques. Sit on Ozbi\u010d&#8217;s chairs and indulge in nostalgia. Janko Ozbi\u010d&#8217;s life revolved around barber chairs and hairdressing techniques for more than seventy years. The craft was laid in his cradle, and he remembers the barber shop above which they lived since his childhood. As a thirteen-year-old boy, he already took the scissors in his hands and began to work. He shaved and did hair without a break, until he was 89, when he had to give up the activity due to the changed legislation on this type of work.<\/p>\n<p class=\"vp-line\">\u00a0<\/p>\n<p><em>Visit the legendary barbershop, where you will slide to another era as if on shaving foam. Learn about the history of barbering here on guided tours of the exhibition. Listen to the stories of the Ozbi\u010d salon and indulge yourself in nostalgia while getting to know the mustaches, beards and hairstyles that have been groomed here for a century. Guided tours are possible for groups upon prior reservation \u2013 ask at Notranjska Museum Postojna<\/em>.<\/p>\n","protected":false},"excerpt":{"rendered":"<p>Welcome to the barber and hairdressing salon Ozbi\u010d. The legendary barber shop with the longest beard in Postojna came to life with original equipment and a new story. The concept space combines the centuries-old tradition and mastery of legends from the Ozbi\u010d family with modern barbering and hairdressing techniques. Sit on Ozbi\u010d&#8217;s chairs and indulge&#8230;<\/p>\n","protected":false},"author":2,"featured_media":2882,"parent":0,"menu_order":0,"comment_status":"closed","ping_status":"closed","template":"page-templates\/interesna-tocka.php","meta":{"footnotes":""},"class_list":{"0":"post-4085","1":"type-page","3":"status-publish","4":"has-post-thumbnail","5":"hentry","6":"article-odd"},"yoast_head":"<!-- This site is optimized with the Yoast SEO plugin v27.4 - https:\/\/yoast.com\/product\/yoast-seo-wordpress\/ -->\n<title>Ozbi\u010d Barber Shop - Visit Postojna<\/title>\n<meta name=\"robots\" content=\"index, follow, max-snippet:-1, max-image-preview:large, max-video-preview:-1\" \/>\n<link rel=\"canonical\" href=\"https:\/\/postojnsko.si\/en\/ozbic-barber-shop\/\" \/>\n<meta property=\"og:locale\" content=\"en_US\" \/>\n<meta property=\"og:type\" content=\"article\" \/>\n<meta property=\"og:title\" content=\"Ozbi\u010d Barber Shop - Visit Postojna\" \/>\n<meta property=\"og:description\" content=\"Welcome to the barber and hairdressing salon Ozbi\u010d. The legendary barber shop with the longest beard in Postojna came to life with original equipment and a new story. The concept space combines the centuries-old tradition and mastery of legends from the Ozbi\u010d family with modern barbering and hairdressing techniques. Sit on Ozbi\u010d&#8217;s chairs and indulge...\" \/>\n<meta property=\"og:url\" content=\"https:\/\/postojnsko.si\/en\/ozbic-barber-shop\/\" \/>\n<meta property=\"og:site_name\" content=\"Visit Postojna\" \/>\n<meta property=\"article:publisher\" content=\"https:\/\/www.facebook.com\/VisitPostojna\" \/>\n<meta property=\"article:modified_time\" content=\"2023-05-30T10:46:04+00:00\" \/>\n<meta property=\"og:image\" content=\"https:\/\/postojnsko.si\/travel\/wp-content\/uploads\/2023\/04\/salon-ozbic-2019_-andrej-rijavec-scaled.jpg\" \/>\n\t<meta property=\"og:image:width\" content=\"2560\" \/>\n\t<meta property=\"og:image:height\" content=\"2207\" \/>\n\t<meta property=\"og:image:type\" content=\"image\/jpeg\" \/>\n<meta name=\"twitter:card\" content=\"summary_large_image\" \/>\n<meta name=\"twitter:label1\" content=\"Est. reading time\" \/>\n\t<meta name=\"twitter:data1\" content=\"1 minute\" \/>\n<script type=\"application\/ld+json\" class=\"yoast-schema-graph\">{\"@context\":\"https:\\\/\\\/schema.org\",\"@graph\":[{\"@type\":\"WebPage\",\"@id\":\"https:\\\/\\\/postojnsko.si\\\/en\\\/ozbic-barber-shop\\\/\",\"url\":\"https:\\\/\\\/postojnsko.si\\\/en\\\/ozbic-barber-shop\\\/\",\"name\":\"Ozbi\u010d Barber Shop - Visit Postojna\",\"isPartOf\":{\"@id\":\"https:\\\/\\\/postojnsko.si\\\/en\\\/#website\"},\"primaryImageOfPage\":{\"@id\":\"https:\\\/\\\/postojnsko.si\\\/en\\\/ozbic-barber-shop\\\/#primaryimage\"},\"image\":{\"@id\":\"https:\\\/\\\/postojnsko.si\\\/en\\\/ozbic-barber-shop\\\/#primaryimage\"},\"thumbnailUrl\":\"https:\\\/\\\/postojnsko.si\\\/travel\\\/wp-content\\\/uploads\\\/2023\\\/04\\\/salon-ozbic-2019_-andrej-rijavec-scaled.jpg\",\"datePublished\":\"2023-04-14T07:10:29+00:00\",\"dateModified\":\"2023-05-30T10:46:04+00:00\",\"breadcrumb\":{\"@id\":\"https:\\\/\\\/postojnsko.si\\\/en\\\/ozbic-barber-shop\\\/#breadcrumb\"},\"inLanguage\":\"en-US\",\"potentialAction\":[{\"@type\":\"ReadAction\",\"target\":[\"https:\\\/\\\/postojnsko.si\\\/en\\\/ozbic-barber-shop\\\/\"]}]},{\"@type\":\"ImageObject\",\"inLanguage\":\"en-US\",\"@id\":\"https:\\\/\\\/postojnsko.si\\\/en\\\/ozbic-barber-shop\\\/#primaryimage\",\"url\":\"https:\\\/\\\/postojnsko.si\\\/travel\\\/wp-content\\\/uploads\\\/2023\\\/04\\\/salon-ozbic-2019_-andrej-rijavec-scaled.jpg\",\"contentUrl\":\"https:\\\/\\\/postojnsko.si\\\/travel\\\/wp-content\\\/uploads\\\/2023\\\/04\\\/salon-ozbic-2019_-andrej-rijavec-scaled.jpg\",\"width\":2560,\"height\":2207,\"caption\":\"Salone Ozbi\u010d\"},{\"@type\":\"BreadcrumbList\",\"@id\":\"https:\\\/\\\/postojnsko.si\\\/en\\\/ozbic-barber-shop\\\/#breadcrumb\",\"itemListElement\":[{\"@type\":\"ListItem\",\"position\":1,\"name\":\"Home\",\"item\":\"https:\\\/\\\/postojnsko.si\\\/en\\\/?doing_wp_cron=1766478648.6568050384521484375000\"},{\"@type\":\"ListItem\",\"position\":2,\"name\":\"Ozbi\u010d Barber Shop\"}]},{\"@type\":\"WebSite\",\"@id\":\"https:\\\/\\\/postojnsko.si\\\/en\\\/#website\",\"url\":\"https:\\\/\\\/postojnsko.si\\\/en\\\/\",\"name\":\"Visit Postojna\",\"description\":\"To je nov svet. To je paradi\u017e!\",\"publisher\":{\"@id\":\"https:\\\/\\\/postojnsko.si\\\/en\\\/#organization\"},\"potentialAction\":[{\"@type\":\"SearchAction\",\"target\":{\"@type\":\"EntryPoint\",\"urlTemplate\":\"https:\\\/\\\/postojnsko.si\\\/en\\\/?s={search_term_string}\"},\"query-input\":{\"@type\":\"PropertyValueSpecification\",\"valueRequired\":true,\"valueName\":\"search_term_string\"}}],\"inLanguage\":\"en-US\"},{\"@type\":\"Organization\",\"@id\":\"https:\\\/\\\/postojnsko.si\\\/en\\\/#organization\",\"name\":\"Visit Postojna\",\"url\":\"https:\\\/\\\/postojnsko.si\\\/en\\\/\",\"logo\":{\"@type\":\"ImageObject\",\"inLanguage\":\"en-US\",\"@id\":\"https:\\\/\\\/postojnsko.si\\\/en\\\/#\\\/schema\\\/logo\\\/image\\\/\",\"url\":\"https:\\\/\\\/postojnsko.si\\\/wp-content\\\/uploads\\\/2023\\\/06\\\/visit-postojna-logo.png\",\"contentUrl\":\"https:\\\/\\\/postojnsko.si\\\/wp-content\\\/uploads\\\/2023\\\/06\\\/visit-postojna-logo.png\",\"width\":1042,\"height\":1042,\"caption\":\"Visit Postojna\"},\"image\":{\"@id\":\"https:\\\/\\\/postojnsko.si\\\/en\\\/#\\\/schema\\\/logo\\\/image\\\/\"},\"sameAs\":[\"https:\\\/\\\/www.facebook.com\\\/VisitPostojna\",\"https:\\\/\\\/www.instagram.com\\\/visit_postojna\"]}]}<\/script>\n<!-- \/ Yoast SEO plugin. -->","yoast_head_json":{"title":"Ozbi\u010d Barber Shop - Visit Postojna","robots":{"index":"index","follow":"follow","max-snippet":"max-snippet:-1","max-image-preview":"max-image-preview:large","max-video-preview":"max-video-preview:-1"},"canonical":"https:\/\/postojnsko.si\/en\/ozbic-barber-shop\/","og_locale":"en_US","og_type":"article","og_title":"Ozbi\u010d Barber Shop - Visit Postojna","og_description":"Welcome to the barber and hairdressing salon Ozbi\u010d. The legendary barber shop with the longest beard in Postojna came to life with original equipment and a new story. The concept space combines the centuries-old tradition and mastery of legends from the Ozbi\u010d family with modern barbering and hairdressing techniques. Sit on Ozbi\u010d&#8217;s chairs and indulge...","og_url":"https:\/\/postojnsko.si\/en\/ozbic-barber-shop\/","og_site_name":"Visit Postojna","article_publisher":"https:\/\/www.facebook.com\/VisitPostojna","article_modified_time":"2023-05-30T10:46:04+00:00","og_image":[{"width":2560,"height":2207,"url":"https:\/\/postojnsko.si\/travel\/wp-content\/uploads\/2023\/04\/salon-ozbic-2019_-andrej-rijavec-scaled.jpg","type":"image\/jpeg"}],"twitter_card":"summary_large_image","twitter_misc":{"Est. reading time":"1 minute"},"schema":{"@context":"https:\/\/schema.org","@graph":[{"@type":"WebPage","@id":"https:\/\/postojnsko.si\/en\/ozbic-barber-shop\/","url":"https:\/\/postojnsko.si\/en\/ozbic-barber-shop\/","name":"Ozbi\u010d Barber Shop - Visit Postojna","isPartOf":{"@id":"https:\/\/postojnsko.si\/en\/#website"},"primaryImageOfPage":{"@id":"https:\/\/postojnsko.si\/en\/ozbic-barber-shop\/#primaryimage"},"image":{"@id":"https:\/\/postojnsko.si\/en\/ozbic-barber-shop\/#primaryimage"},"thumbnailUrl":"https:\/\/postojnsko.si\/travel\/wp-content\/uploads\/2023\/04\/salon-ozbic-2019_-andrej-rijavec-scaled.jpg","datePublished":"2023-04-14T07:10:29+00:00","dateModified":"2023-05-30T10:46:04+00:00","breadcrumb":{"@id":"https:\/\/postojnsko.si\/en\/ozbic-barber-shop\/#breadcrumb"},"inLanguage":"en-US","potentialAction":[{"@type":"ReadAction","target":["https:\/\/postojnsko.si\/en\/ozbic-barber-shop\/"]}]},{"@type":"ImageObject","inLanguage":"en-US","@id":"https:\/\/postojnsko.si\/en\/ozbic-barber-shop\/#primaryimage","url":"https:\/\/postojnsko.si\/travel\/wp-content\/uploads\/2023\/04\/salon-ozbic-2019_-andrej-rijavec-scaled.jpg","contentUrl":"https:\/\/postojnsko.si\/travel\/wp-content\/uploads\/2023\/04\/salon-ozbic-2019_-andrej-rijavec-scaled.jpg","width":2560,"height":2207,"caption":"Salone Ozbi\u010d"},{"@type":"BreadcrumbList","@id":"https:\/\/postojnsko.si\/en\/ozbic-barber-shop\/#breadcrumb","itemListElement":[{"@type":"ListItem","position":1,"name":"Home","item":"https:\/\/postojnsko.si\/en\/?doing_wp_cron=1766478648.6568050384521484375000"},{"@type":"ListItem","position":2,"name":"Ozbi\u010d Barber Shop"}]},{"@type":"WebSite","@id":"https:\/\/postojnsko.si\/en\/#website","url":"https:\/\/postojnsko.si\/en\/","name":"Visit Postojna","description":"To je nov svet. To je paradi\u017e!","publisher":{"@id":"https:\/\/postojnsko.si\/en\/#organization"},"potentialAction":[{"@type":"SearchAction","target":{"@type":"EntryPoint","urlTemplate":"https:\/\/postojnsko.si\/en\/?s={search_term_string}"},"query-input":{"@type":"PropertyValueSpecification","valueRequired":true,"valueName":"search_term_string"}}],"inLanguage":"en-US"},{"@type":"Organization","@id":"https:\/\/postojnsko.si\/en\/#organization","name":"Visit Postojna","url":"https:\/\/postojnsko.si\/en\/","logo":{"@type":"ImageObject","inLanguage":"en-US","@id":"https:\/\/postojnsko.si\/en\/#\/schema\/logo\/image\/","url":"https:\/\/postojnsko.si\/wp-content\/uploads\/2023\/06\/visit-postojna-logo.png","contentUrl":"https:\/\/postojnsko.si\/wp-content\/uploads\/2023\/06\/visit-postojna-logo.png","width":1042,"height":1042,"caption":"Visit Postojna"},"image":{"@id":"https:\/\/postojnsko.si\/en\/#\/schema\/logo\/image\/"},"sameAs":["https:\/\/www.facebook.com\/VisitPostojna","https:\/\/www.instagram.com\/visit_postojna"]}]}},"_links":{"self":[{"href":"https:\/\/postojnsko.si\/en\/wp-json\/wp\/v2\/pages\/4085","targetHints":{"allow":["GET"]}}],"collection":[{"href":"https:\/\/postojnsko.si\/en\/wp-json\/wp\/v2\/pages"}],"about":[{"href":"https:\/\/postojnsko.si\/en\/wp-json\/wp\/v2\/types\/page"}],"author":[{"embeddable":true,"href":"https:\/\/postojnsko.si\/en\/wp-json\/wp\/v2\/users\/2"}],"replies":[{"embeddable":true,"href":"https:\/\/postojnsko.si\/en\/wp-json\/wp\/v2\/comments?post=4085"}],"version-history":[{"count":2,"href":"https:\/\/postojnsko.si\/en\/wp-json\/wp\/v2\/pages\/4085\/revisions"}],"predecessor-version":[{"id":4087,"href":"https:\/\/postojnsko.si\/en\/wp-json\/wp\/v2\/pages\/4085\/revisions\/4087"}],"wp:featuredmedia":[{"embeddable":true,"href":"https:\/\/postojnsko.si\/en\/wp-json\/wp\/v2\/media\/2882"}],"wp:attachment":[{"href":"https:\/\/postojnsko.si\/en\/wp-json\/wp\/v2\/media?parent=4085"}],"curies":[{"name":"wp","href":"https:\/\/api.w.org\/{rel}","templated":true}]}}