{"id":4082,"date":"2023-04-14T09:05:02","date_gmt":"2023-04-14T07:05:02","guid":{"rendered":"https:\/\/postojnsko.si\/rojstna-hisa-luke-ceca\/"},"modified":"2023-05-30T12:45:39","modified_gmt":"2023-05-30T10:45:39","slug":"birth-house-of-luka-cec","status":"publish","type":"page","link":"https:\/\/postojnsko.si\/en\/birth-house-of-luka-cec\/","title":{"rendered":"Birth House of Luka \u010ce\u010d"},"content":{"rendered":"<p>Luka \u010ce\u010d, the lighthouse keeper in the Postojna Cave, was born in a once modest peasant homestead, who, while preparing for the emperor&#8217;s visit in 1818, discovered <strong>its inner parts, which were still unknown at the time<\/strong>. <\/p>\n<p>It was this faithful and conscientious worker, who, among other things, took care of the olms in the cave, that also discovered the cave beetle, which later became the first described cave insect and was named<strong> the slenderneck beetle<\/strong>. \u010ce\u010d&#8217;s extraordinary discoveries were crucial in making Postojna Cave extremely popular among visitors and researchers from all over the world.<\/p>\n<p><em>The olm (Proteus anguinus) and the slenderneck beetle (Leptodirus hochenwartii) are the biggest stars of Postojna Cave. Although the slenderneck beetle was discovered by \u010ce\u010d, it was not named after him in Latin, but after the director of the Carniola Regional Museum, Count Hohenwart, to whom he gave the beetle for research purposes. Similarly, he remained in the background even with his extraordinary cave discovery, as it was not recognised until 20 years after his death.<\/em><\/p>\n","protected":false},"excerpt":{"rendered":"<p>Luka \u010ce\u010d, the lighthouse keeper in the Postojna Cave, was born in a once modest peasant homestead, who, while preparing for the emperor&#8217;s visit in 1818, discovered its inner parts, which were still unknown at the time. It was this faithful and conscientious worker, who, among other things, took care of the olms in the&#8230;<\/p>\n","protected":false},"author":2,"featured_media":2873,"parent":0,"menu_order":0,"comment_status":"closed","ping_status":"closed","template":"page-templates\/interesna-tocka.php","meta":{"footnotes":""},"class_list":{"0":"post-4082","1":"type-page","3":"status-publish","4":"has-post-thumbnail","5":"hentry","6":"article-odd"},"yoast_head":"<!-- This site is optimized with the Yoast SEO plugin v27.4 - https:\/\/yoast.com\/product\/yoast-seo-wordpress\/ -->\n<title>Birth House of Luka \u010ce\u010d - Visit Postojna<\/title>\n<meta name=\"robots\" content=\"index, follow, max-snippet:-1, max-image-preview:large, max-video-preview:-1\" \/>\n<link rel=\"canonical\" href=\"https:\/\/postojnsko.si\/en\/birth-house-of-luka-cec\/\" \/>\n<meta property=\"og:locale\" content=\"en_US\" \/>\n<meta property=\"og:type\" content=\"article\" \/>\n<meta property=\"og:title\" content=\"Birth House of Luka \u010ce\u010d - Visit Postojna\" \/>\n<meta property=\"og:description\" content=\"Luka \u010ce\u010d, the lighthouse keeper in the Postojna Cave, was born in a once modest peasant homestead, who, while preparing for the emperor&#8217;s visit in 1818, discovered its inner parts, which were still unknown at the time. It was this faithful and conscientious worker, who, among other things, took care of the olms in the...\" \/>\n<meta property=\"og:url\" content=\"https:\/\/postojnsko.si\/en\/birth-house-of-luka-cec\/\" \/>\n<meta property=\"og:site_name\" content=\"Visit Postojna\" \/>\n<meta property=\"article:publisher\" content=\"https:\/\/www.facebook.com\/VisitPostojna\" \/>\n<meta property=\"article:modified_time\" content=\"2023-05-30T10:45:39+00:00\" \/>\n<meta property=\"og:image\" content=\"https:\/\/postojnsko.si\/travel\/wp-content\/uploads\/2023\/04\/hisa-luke-ceca-1.jpg\" \/>\n\t<meta property=\"og:image:width\" content=\"1200\" \/>\n\t<meta property=\"og:image:height\" content=\"794\" \/>\n\t<meta property=\"og:image:type\" content=\"image\/jpeg\" \/>\n<meta name=\"twitter:card\" content=\"summary_large_image\" \/>\n<meta name=\"twitter:label1\" content=\"Est. reading time\" \/>\n\t<meta name=\"twitter:data1\" content=\"1 minute\" \/>\n<script type=\"application\/ld+json\" class=\"yoast-schema-graph\">{\"@context\":\"https:\\\/\\\/schema.org\",\"@graph\":[{\"@type\":\"WebPage\",\"@id\":\"https:\\\/\\\/postojnsko.si\\\/en\\\/birth-house-of-luka-cec\\\/\",\"url\":\"https:\\\/\\\/postojnsko.si\\\/en\\\/birth-house-of-luka-cec\\\/\",\"name\":\"Birth House of Luka \u010ce\u010d - Visit Postojna\",\"isPartOf\":{\"@id\":\"https:\\\/\\\/postojnsko.si\\\/en\\\/#website\"},\"primaryImageOfPage\":{\"@id\":\"https:\\\/\\\/postojnsko.si\\\/en\\\/birth-house-of-luka-cec\\\/#primaryimage\"},\"image\":{\"@id\":\"https:\\\/\\\/postojnsko.si\\\/en\\\/birth-house-of-luka-cec\\\/#primaryimage\"},\"thumbnailUrl\":\"https:\\\/\\\/postojnsko.si\\\/travel\\\/wp-content\\\/uploads\\\/2023\\\/04\\\/hisa-luke-ceca-1.jpg\",\"datePublished\":\"2023-04-14T07:05:02+00:00\",\"dateModified\":\"2023-05-30T10:45:39+00:00\",\"breadcrumb\":{\"@id\":\"https:\\\/\\\/postojnsko.si\\\/en\\\/birth-house-of-luka-cec\\\/#breadcrumb\"},\"inLanguage\":\"en-US\",\"potentialAction\":[{\"@type\":\"ReadAction\",\"target\":[\"https:\\\/\\\/postojnsko.si\\\/en\\\/birth-house-of-luka-cec\\\/\"]}]},{\"@type\":\"ImageObject\",\"inLanguage\":\"en-US\",\"@id\":\"https:\\\/\\\/postojnsko.si\\\/en\\\/birth-house-of-luka-cec\\\/#primaryimage\",\"url\":\"https:\\\/\\\/postojnsko.si\\\/travel\\\/wp-content\\\/uploads\\\/2023\\\/04\\\/hisa-luke-ceca-1.jpg\",\"contentUrl\":\"https:\\\/\\\/postojnsko.si\\\/travel\\\/wp-content\\\/uploads\\\/2023\\\/04\\\/hisa-luke-ceca-1.jpg\",\"width\":1200,\"height\":794,\"caption\":\"Casa natale di Luka \u010ce\u010d\"},{\"@type\":\"BreadcrumbList\",\"@id\":\"https:\\\/\\\/postojnsko.si\\\/en\\\/birth-house-of-luka-cec\\\/#breadcrumb\",\"itemListElement\":[{\"@type\":\"ListItem\",\"position\":1,\"name\":\"Home\",\"item\":\"https:\\\/\\\/postojnsko.si\\\/en\\\/?doing_wp_cron=1766478648.6568050384521484375000\"},{\"@type\":\"ListItem\",\"position\":2,\"name\":\"Birth House of Luka \u010ce\u010d\"}]},{\"@type\":\"WebSite\",\"@id\":\"https:\\\/\\\/postojnsko.si\\\/en\\\/#website\",\"url\":\"https:\\\/\\\/postojnsko.si\\\/en\\\/\",\"name\":\"Visit Postojna\",\"description\":\"To je nov svet. To je paradi\u017e!\",\"publisher\":{\"@id\":\"https:\\\/\\\/postojnsko.si\\\/en\\\/#organization\"},\"potentialAction\":[{\"@type\":\"SearchAction\",\"target\":{\"@type\":\"EntryPoint\",\"urlTemplate\":\"https:\\\/\\\/postojnsko.si\\\/en\\\/?s={search_term_string}\"},\"query-input\":{\"@type\":\"PropertyValueSpecification\",\"valueRequired\":true,\"valueName\":\"search_term_string\"}}],\"inLanguage\":\"en-US\"},{\"@type\":\"Organization\",\"@id\":\"https:\\\/\\\/postojnsko.si\\\/en\\\/#organization\",\"name\":\"Visit Postojna\",\"url\":\"https:\\\/\\\/postojnsko.si\\\/en\\\/\",\"logo\":{\"@type\":\"ImageObject\",\"inLanguage\":\"en-US\",\"@id\":\"https:\\\/\\\/postojnsko.si\\\/en\\\/#\\\/schema\\\/logo\\\/image\\\/\",\"url\":\"https:\\\/\\\/postojnsko.si\\\/wp-content\\\/uploads\\\/2023\\\/06\\\/visit-postojna-logo.png\",\"contentUrl\":\"https:\\\/\\\/postojnsko.si\\\/wp-content\\\/uploads\\\/2023\\\/06\\\/visit-postojna-logo.png\",\"width\":1042,\"height\":1042,\"caption\":\"Visit Postojna\"},\"image\":{\"@id\":\"https:\\\/\\\/postojnsko.si\\\/en\\\/#\\\/schema\\\/logo\\\/image\\\/\"},\"sameAs\":[\"https:\\\/\\\/www.facebook.com\\\/VisitPostojna\",\"https:\\\/\\\/www.instagram.com\\\/visit_postojna\"]}]}<\/script>\n<!-- \/ Yoast SEO plugin. -->","yoast_head_json":{"title":"Birth House of Luka \u010ce\u010d - Visit Postojna","robots":{"index":"index","follow":"follow","max-snippet":"max-snippet:-1","max-image-preview":"max-image-preview:large","max-video-preview":"max-video-preview:-1"},"canonical":"https:\/\/postojnsko.si\/en\/birth-house-of-luka-cec\/","og_locale":"en_US","og_type":"article","og_title":"Birth House of Luka \u010ce\u010d - Visit Postojna","og_description":"Luka \u010ce\u010d, the lighthouse keeper in the Postojna Cave, was born in a once modest peasant homestead, who, while preparing for the emperor&#8217;s visit in 1818, discovered its inner parts, which were still unknown at the time. It was this faithful and conscientious worker, who, among other things, took care of the olms in the...","og_url":"https:\/\/postojnsko.si\/en\/birth-house-of-luka-cec\/","og_site_name":"Visit Postojna","article_publisher":"https:\/\/www.facebook.com\/VisitPostojna","article_modified_time":"2023-05-30T10:45:39+00:00","og_image":[{"width":1200,"height":794,"url":"https:\/\/postojnsko.si\/travel\/wp-content\/uploads\/2023\/04\/hisa-luke-ceca-1.jpg","type":"image\/jpeg"}],"twitter_card":"summary_large_image","twitter_misc":{"Est. reading time":"1 minute"},"schema":{"@context":"https:\/\/schema.org","@graph":[{"@type":"WebPage","@id":"https:\/\/postojnsko.si\/en\/birth-house-of-luka-cec\/","url":"https:\/\/postojnsko.si\/en\/birth-house-of-luka-cec\/","name":"Birth House of Luka \u010ce\u010d - Visit Postojna","isPartOf":{"@id":"https:\/\/postojnsko.si\/en\/#website"},"primaryImageOfPage":{"@id":"https:\/\/postojnsko.si\/en\/birth-house-of-luka-cec\/#primaryimage"},"image":{"@id":"https:\/\/postojnsko.si\/en\/birth-house-of-luka-cec\/#primaryimage"},"thumbnailUrl":"https:\/\/postojnsko.si\/travel\/wp-content\/uploads\/2023\/04\/hisa-luke-ceca-1.jpg","datePublished":"2023-04-14T07:05:02+00:00","dateModified":"2023-05-30T10:45:39+00:00","breadcrumb":{"@id":"https:\/\/postojnsko.si\/en\/birth-house-of-luka-cec\/#breadcrumb"},"inLanguage":"en-US","potentialAction":[{"@type":"ReadAction","target":["https:\/\/postojnsko.si\/en\/birth-house-of-luka-cec\/"]}]},{"@type":"ImageObject","inLanguage":"en-US","@id":"https:\/\/postojnsko.si\/en\/birth-house-of-luka-cec\/#primaryimage","url":"https:\/\/postojnsko.si\/travel\/wp-content\/uploads\/2023\/04\/hisa-luke-ceca-1.jpg","contentUrl":"https:\/\/postojnsko.si\/travel\/wp-content\/uploads\/2023\/04\/hisa-luke-ceca-1.jpg","width":1200,"height":794,"caption":"Casa natale di Luka \u010ce\u010d"},{"@type":"BreadcrumbList","@id":"https:\/\/postojnsko.si\/en\/birth-house-of-luka-cec\/#breadcrumb","itemListElement":[{"@type":"ListItem","position":1,"name":"Home","item":"https:\/\/postojnsko.si\/en\/?doing_wp_cron=1766478648.6568050384521484375000"},{"@type":"ListItem","position":2,"name":"Birth House of Luka \u010ce\u010d"}]},{"@type":"WebSite","@id":"https:\/\/postojnsko.si\/en\/#website","url":"https:\/\/postojnsko.si\/en\/","name":"Visit Postojna","description":"To je nov svet. To je paradi\u017e!","publisher":{"@id":"https:\/\/postojnsko.si\/en\/#organization"},"potentialAction":[{"@type":"SearchAction","target":{"@type":"EntryPoint","urlTemplate":"https:\/\/postojnsko.si\/en\/?s={search_term_string}"},"query-input":{"@type":"PropertyValueSpecification","valueRequired":true,"valueName":"search_term_string"}}],"inLanguage":"en-US"},{"@type":"Organization","@id":"https:\/\/postojnsko.si\/en\/#organization","name":"Visit Postojna","url":"https:\/\/postojnsko.si\/en\/","logo":{"@type":"ImageObject","inLanguage":"en-US","@id":"https:\/\/postojnsko.si\/en\/#\/schema\/logo\/image\/","url":"https:\/\/postojnsko.si\/wp-content\/uploads\/2023\/06\/visit-postojna-logo.png","contentUrl":"https:\/\/postojnsko.si\/wp-content\/uploads\/2023\/06\/visit-postojna-logo.png","width":1042,"height":1042,"caption":"Visit Postojna"},"image":{"@id":"https:\/\/postojnsko.si\/en\/#\/schema\/logo\/image\/"},"sameAs":["https:\/\/www.facebook.com\/VisitPostojna","https:\/\/www.instagram.com\/visit_postojna"]}]}},"_links":{"self":[{"href":"https:\/\/postojnsko.si\/en\/wp-json\/wp\/v2\/pages\/4082","targetHints":{"allow":["GET"]}}],"collection":[{"href":"https:\/\/postojnsko.si\/en\/wp-json\/wp\/v2\/pages"}],"about":[{"href":"https:\/\/postojnsko.si\/en\/wp-json\/wp\/v2\/types\/page"}],"author":[{"embeddable":true,"href":"https:\/\/postojnsko.si\/en\/wp-json\/wp\/v2\/users\/2"}],"replies":[{"embeddable":true,"href":"https:\/\/postojnsko.si\/en\/wp-json\/wp\/v2\/comments?post=4082"}],"version-history":[{"count":2,"href":"https:\/\/postojnsko.si\/en\/wp-json\/wp\/v2\/pages\/4082\/revisions"}],"predecessor-version":[{"id":4084,"href":"https:\/\/postojnsko.si\/en\/wp-json\/wp\/v2\/pages\/4082\/revisions\/4084"}],"wp:featuredmedia":[{"embeddable":true,"href":"https:\/\/postojnsko.si\/en\/wp-json\/wp\/v2\/media\/2873"}],"wp:attachment":[{"href":"https:\/\/postojnsko.si\/en\/wp-json\/wp\/v2\/media?parent=4082"}],"curies":[{"name":"wp","href":"https:\/\/api.w.org\/{rel}","templated":true}]}}