{"id":4068,"date":"2023-04-07T12:41:22","date_gmt":"2023-04-07T10:41:22","guid":{"rendered":"https:\/\/postojnsko.si\/ljudska-univerza\/"},"modified":"2023-05-30T12:35:15","modified_gmt":"2023-05-30T10:35:15","slug":"peoples-university","status":"publish","type":"page","link":"https:\/\/postojnsko.si\/en\/peoples-university\/","title":{"rendered":"People&#8217;s University"},"content":{"rendered":"<p>The foundation stone for the former boys&#8217; middle school, which was built according to the plans of the architect <strong>Josip Costaperaria<\/strong>, was laid in July 1908, and the school was completed in September 1909. <\/p>\n<p>The massive Art Nouveau building had a spacious school garden, courtyard, summer gymnasium and gymnasium. It was the first middle school on Slovenian territory, in which teaching was conducted in the Slovenian language. From 1920 to 1922, <strong>the Trieste painter August \u010cernigoj<\/strong> also taught drawing at the school, who then used his teaching earnings to study in Germany, including at the Weimar Bauhaus. During the Postojna period, some of \u010cernigoj&#8217;s early works were created, which are kept by the Notranjska Museum Postojna. With the Fascist abolition of the Slovene language in schools, in the school year 1927\/28 the middle school was replaced by an Italian lyceum. Even today, the building is characterised by educational programs for young people and the elderly.<\/p>\n<blockquote>\n<p><strong><span style=\"color: #c9c966;\">TIP<\/span><br \/>\n<\/strong>Stand in front of the facade of the Art Nouveau palace and look for the most interesting detail!<\/p>\n<\/blockquote>\n<p><em><br \/>\n<span style=\"color: #c9c966;\"><strong>Avgust \u010cernigoj<\/strong><\/span> (1898-1985) was a painter from Trieste and the most prominent representative of the Slovenian artistic avant-garde. He became familiar with contemporary art trends, especially constructivism, during his short studies at the Bauhaus in Weimar. During the Second World War, he painted the churches in Kne\u017eak, Ba\u010d and Dolnja Ko\u0161ana in the Pivka area.<\/p>\n<p><\/em><em><span style=\"color: #c9c966;\"><strong>Josip Costaperaria<\/strong><\/span> (1876-1951) &#8211; Slovenian architect who is the author of many villas and palaces, especially in Ljubljana. He started his career in the studio of Maks Fabiani, where he managed the construction of Narodni dom in Trieste and Trgovski dom in Gorica. With the project of the boys&#8217; middle school in Postojna, Costaperaria won the competition for the first time and became professionally independent.<\/em><\/p>\n","protected":false},"excerpt":{"rendered":"<p>The foundation stone for the former boys&#8217; middle school, which was built according to the plans of the architect Josip Costaperaria, was laid in July 1908, and the school was completed in September 1909. The massive Art Nouveau building had a spacious school garden, courtyard, summer gymnasium and gymnasium. It was the first middle school&#8230;<\/p>\n","protected":false},"author":2,"featured_media":2827,"parent":0,"menu_order":0,"comment_status":"closed","ping_status":"closed","template":"page-templates\/interesna-tocka.php","meta":{"footnotes":""},"class_list":{"0":"post-4068","1":"type-page","3":"status-publish","4":"has-post-thumbnail","5":"hentry","6":"article-odd"},"yoast_head":"<!-- This site is optimized with the Yoast SEO plugin v27.4 - https:\/\/yoast.com\/product\/yoast-seo-wordpress\/ -->\n<title>People&#039;s University - Visit Postojna<\/title>\n<meta name=\"robots\" content=\"index, follow, max-snippet:-1, max-image-preview:large, max-video-preview:-1\" \/>\n<link rel=\"canonical\" href=\"https:\/\/postojnsko.si\/en\/peoples-university\/\" \/>\n<meta property=\"og:locale\" content=\"en_US\" \/>\n<meta property=\"og:type\" content=\"article\" \/>\n<meta property=\"og:title\" content=\"People&#039;s University - Visit Postojna\" \/>\n<meta property=\"og:description\" content=\"The foundation stone for the former boys&#8217; middle school, which was built according to the plans of the architect Josip Costaperaria, was laid in July 1908, and the school was completed in September 1909. The massive Art Nouveau building had a spacious school garden, courtyard, summer gymnasium and gymnasium. It was the first middle school...\" \/>\n<meta property=\"og:url\" content=\"https:\/\/postojnsko.si\/en\/peoples-university\/\" \/>\n<meta property=\"og:site_name\" content=\"Visit Postojna\" \/>\n<meta property=\"article:publisher\" content=\"https:\/\/www.facebook.com\/VisitPostojna\" \/>\n<meta property=\"article:modified_time\" content=\"2023-05-30T10:35:15+00:00\" \/>\n<meta property=\"og:image\" content=\"https:\/\/postojnsko.si\/travel\/wp-content\/uploads\/2023\/04\/ljudska-univerza-temeljni-kamen-bostjan-martinjak-3-1024x660.jpg\" \/>\n\t<meta property=\"og:image:width\" content=\"1024\" \/>\n\t<meta property=\"og:image:height\" content=\"660\" \/>\n\t<meta property=\"og:image:type\" content=\"image\/jpeg\" \/>\n<meta name=\"twitter:card\" content=\"summary_large_image\" \/>\n<meta name=\"twitter:label1\" content=\"Est. reading time\" \/>\n\t<meta name=\"twitter:data1\" content=\"1 minute\" \/>\n<script type=\"application\/ld+json\" class=\"yoast-schema-graph\">{\"@context\":\"https:\\\/\\\/schema.org\",\"@graph\":[{\"@type\":\"WebPage\",\"@id\":\"https:\\\/\\\/postojnsko.si\\\/en\\\/peoples-university\\\/\",\"url\":\"https:\\\/\\\/postojnsko.si\\\/en\\\/peoples-university\\\/\",\"name\":\"People's University - Visit Postojna\",\"isPartOf\":{\"@id\":\"https:\\\/\\\/postojnsko.si\\\/en\\\/#website\"},\"primaryImageOfPage\":{\"@id\":\"https:\\\/\\\/postojnsko.si\\\/en\\\/peoples-university\\\/#primaryimage\"},\"image\":{\"@id\":\"https:\\\/\\\/postojnsko.si\\\/en\\\/peoples-university\\\/#primaryimage\"},\"thumbnailUrl\":\"https:\\\/\\\/postojnsko.si\\\/travel\\\/wp-content\\\/uploads\\\/2023\\\/04\\\/ljudska-univerza-temeljni-kamen-bostjan-martinjak-3-scaled.jpg\",\"datePublished\":\"2023-04-07T10:41:22+00:00\",\"dateModified\":\"2023-05-30T10:35:15+00:00\",\"breadcrumb\":{\"@id\":\"https:\\\/\\\/postojnsko.si\\\/en\\\/peoples-university\\\/#breadcrumb\"},\"inLanguage\":\"en-US\",\"potentialAction\":[{\"@type\":\"ReadAction\",\"target\":[\"https:\\\/\\\/postojnsko.si\\\/en\\\/peoples-university\\\/\"]}]},{\"@type\":\"ImageObject\",\"inLanguage\":\"en-US\",\"@id\":\"https:\\\/\\\/postojnsko.si\\\/en\\\/peoples-university\\\/#primaryimage\",\"url\":\"https:\\\/\\\/postojnsko.si\\\/travel\\\/wp-content\\\/uploads\\\/2023\\\/04\\\/ljudska-univerza-temeljni-kamen-bostjan-martinjak-3-scaled.jpg\",\"contentUrl\":\"https:\\\/\\\/postojnsko.si\\\/travel\\\/wp-content\\\/uploads\\\/2023\\\/04\\\/ljudska-univerza-temeljni-kamen-bostjan-martinjak-3-scaled.jpg\",\"width\":2560,\"height\":1650,\"caption\":\"Ljudska univerza \\\/ People's University\"},{\"@type\":\"BreadcrumbList\",\"@id\":\"https:\\\/\\\/postojnsko.si\\\/en\\\/peoples-university\\\/#breadcrumb\",\"itemListElement\":[{\"@type\":\"ListItem\",\"position\":1,\"name\":\"Home\",\"item\":\"https:\\\/\\\/postojnsko.si\\\/en\\\/?doing_wp_cron=1766478648.6568050384521484375000\"},{\"@type\":\"ListItem\",\"position\":2,\"name\":\"People&#8217;s University\"}]},{\"@type\":\"WebSite\",\"@id\":\"https:\\\/\\\/postojnsko.si\\\/en\\\/#website\",\"url\":\"https:\\\/\\\/postojnsko.si\\\/en\\\/\",\"name\":\"Visit Postojna\",\"description\":\"To je nov svet. To je paradi\u017e!\",\"publisher\":{\"@id\":\"https:\\\/\\\/postojnsko.si\\\/en\\\/#organization\"},\"potentialAction\":[{\"@type\":\"SearchAction\",\"target\":{\"@type\":\"EntryPoint\",\"urlTemplate\":\"https:\\\/\\\/postojnsko.si\\\/en\\\/?s={search_term_string}\"},\"query-input\":{\"@type\":\"PropertyValueSpecification\",\"valueRequired\":true,\"valueName\":\"search_term_string\"}}],\"inLanguage\":\"en-US\"},{\"@type\":\"Organization\",\"@id\":\"https:\\\/\\\/postojnsko.si\\\/en\\\/#organization\",\"name\":\"Visit Postojna\",\"url\":\"https:\\\/\\\/postojnsko.si\\\/en\\\/\",\"logo\":{\"@type\":\"ImageObject\",\"inLanguage\":\"en-US\",\"@id\":\"https:\\\/\\\/postojnsko.si\\\/en\\\/#\\\/schema\\\/logo\\\/image\\\/\",\"url\":\"https:\\\/\\\/postojnsko.si\\\/wp-content\\\/uploads\\\/2023\\\/06\\\/visit-postojna-logo.png\",\"contentUrl\":\"https:\\\/\\\/postojnsko.si\\\/wp-content\\\/uploads\\\/2023\\\/06\\\/visit-postojna-logo.png\",\"width\":1042,\"height\":1042,\"caption\":\"Visit Postojna\"},\"image\":{\"@id\":\"https:\\\/\\\/postojnsko.si\\\/en\\\/#\\\/schema\\\/logo\\\/image\\\/\"},\"sameAs\":[\"https:\\\/\\\/www.facebook.com\\\/VisitPostojna\",\"https:\\\/\\\/www.instagram.com\\\/visit_postojna\"]}]}<\/script>\n<!-- \/ Yoast SEO plugin. -->","yoast_head_json":{"title":"People's University - Visit Postojna","robots":{"index":"index","follow":"follow","max-snippet":"max-snippet:-1","max-image-preview":"max-image-preview:large","max-video-preview":"max-video-preview:-1"},"canonical":"https:\/\/postojnsko.si\/en\/peoples-university\/","og_locale":"en_US","og_type":"article","og_title":"People's University - Visit Postojna","og_description":"The foundation stone for the former boys&#8217; middle school, which was built according to the plans of the architect Josip Costaperaria, was laid in July 1908, and the school was completed in September 1909. The massive Art Nouveau building had a spacious school garden, courtyard, summer gymnasium and gymnasium. It was the first middle school...","og_url":"https:\/\/postojnsko.si\/en\/peoples-university\/","og_site_name":"Visit Postojna","article_publisher":"https:\/\/www.facebook.com\/VisitPostojna","article_modified_time":"2023-05-30T10:35:15+00:00","og_image":[{"width":1024,"height":660,"url":"https:\/\/postojnsko.si\/travel\/wp-content\/uploads\/2023\/04\/ljudska-univerza-temeljni-kamen-bostjan-martinjak-3-1024x660.jpg","type":"image\/jpeg"}],"twitter_card":"summary_large_image","twitter_misc":{"Est. reading time":"1 minute"},"schema":{"@context":"https:\/\/schema.org","@graph":[{"@type":"WebPage","@id":"https:\/\/postojnsko.si\/en\/peoples-university\/","url":"https:\/\/postojnsko.si\/en\/peoples-university\/","name":"People's University - Visit Postojna","isPartOf":{"@id":"https:\/\/postojnsko.si\/en\/#website"},"primaryImageOfPage":{"@id":"https:\/\/postojnsko.si\/en\/peoples-university\/#primaryimage"},"image":{"@id":"https:\/\/postojnsko.si\/en\/peoples-university\/#primaryimage"},"thumbnailUrl":"https:\/\/postojnsko.si\/travel\/wp-content\/uploads\/2023\/04\/ljudska-univerza-temeljni-kamen-bostjan-martinjak-3-scaled.jpg","datePublished":"2023-04-07T10:41:22+00:00","dateModified":"2023-05-30T10:35:15+00:00","breadcrumb":{"@id":"https:\/\/postojnsko.si\/en\/peoples-university\/#breadcrumb"},"inLanguage":"en-US","potentialAction":[{"@type":"ReadAction","target":["https:\/\/postojnsko.si\/en\/peoples-university\/"]}]},{"@type":"ImageObject","inLanguage":"en-US","@id":"https:\/\/postojnsko.si\/en\/peoples-university\/#primaryimage","url":"https:\/\/postojnsko.si\/travel\/wp-content\/uploads\/2023\/04\/ljudska-univerza-temeljni-kamen-bostjan-martinjak-3-scaled.jpg","contentUrl":"https:\/\/postojnsko.si\/travel\/wp-content\/uploads\/2023\/04\/ljudska-univerza-temeljni-kamen-bostjan-martinjak-3-scaled.jpg","width":2560,"height":1650,"caption":"Ljudska univerza \/ People's University"},{"@type":"BreadcrumbList","@id":"https:\/\/postojnsko.si\/en\/peoples-university\/#breadcrumb","itemListElement":[{"@type":"ListItem","position":1,"name":"Home","item":"https:\/\/postojnsko.si\/en\/?doing_wp_cron=1766478648.6568050384521484375000"},{"@type":"ListItem","position":2,"name":"People&#8217;s University"}]},{"@type":"WebSite","@id":"https:\/\/postojnsko.si\/en\/#website","url":"https:\/\/postojnsko.si\/en\/","name":"Visit Postojna","description":"To je nov svet. To je paradi\u017e!","publisher":{"@id":"https:\/\/postojnsko.si\/en\/#organization"},"potentialAction":[{"@type":"SearchAction","target":{"@type":"EntryPoint","urlTemplate":"https:\/\/postojnsko.si\/en\/?s={search_term_string}"},"query-input":{"@type":"PropertyValueSpecification","valueRequired":true,"valueName":"search_term_string"}}],"inLanguage":"en-US"},{"@type":"Organization","@id":"https:\/\/postojnsko.si\/en\/#organization","name":"Visit Postojna","url":"https:\/\/postojnsko.si\/en\/","logo":{"@type":"ImageObject","inLanguage":"en-US","@id":"https:\/\/postojnsko.si\/en\/#\/schema\/logo\/image\/","url":"https:\/\/postojnsko.si\/wp-content\/uploads\/2023\/06\/visit-postojna-logo.png","contentUrl":"https:\/\/postojnsko.si\/wp-content\/uploads\/2023\/06\/visit-postojna-logo.png","width":1042,"height":1042,"caption":"Visit Postojna"},"image":{"@id":"https:\/\/postojnsko.si\/en\/#\/schema\/logo\/image\/"},"sameAs":["https:\/\/www.facebook.com\/VisitPostojna","https:\/\/www.instagram.com\/visit_postojna"]}]}},"_links":{"self":[{"href":"https:\/\/postojnsko.si\/en\/wp-json\/wp\/v2\/pages\/4068","targetHints":{"allow":["GET"]}}],"collection":[{"href":"https:\/\/postojnsko.si\/en\/wp-json\/wp\/v2\/pages"}],"about":[{"href":"https:\/\/postojnsko.si\/en\/wp-json\/wp\/v2\/types\/page"}],"author":[{"embeddable":true,"href":"https:\/\/postojnsko.si\/en\/wp-json\/wp\/v2\/users\/2"}],"replies":[{"embeddable":true,"href":"https:\/\/postojnsko.si\/en\/wp-json\/wp\/v2\/comments?post=4068"}],"version-history":[{"count":2,"href":"https:\/\/postojnsko.si\/en\/wp-json\/wp\/v2\/pages\/4068\/revisions"}],"predecessor-version":[{"id":4327,"href":"https:\/\/postojnsko.si\/en\/wp-json\/wp\/v2\/pages\/4068\/revisions\/4327"}],"wp:featuredmedia":[{"embeddable":true,"href":"https:\/\/postojnsko.si\/en\/wp-json\/wp\/v2\/media\/2827"}],"wp:attachment":[{"href":"https:\/\/postojnsko.si\/en\/wp-json\/wp\/v2\/media?parent=4068"}],"curies":[{"name":"wp","href":"https:\/\/api.w.org\/{rel}","templated":true}]}}